{"id":7167,"date":"2025-07-22T17:15:18","date_gmt":"2025-07-22T23:15:18","guid":{"rendered":"https:\/\/libreriahistoriasdebolsillo.com\/?post_type=product&#038;p=7167"},"modified":"2026-01-05T18:22:47","modified_gmt":"2026-01-06T00:22:47","slug":"the-kiss-bet-1","status":"publish","type":"product","link":"https:\/\/libreriahistoriasdebolsillo.com\/index.php\/producto\/the-kiss-bet-1\/","title":{"rendered":"The kiss bet 1"},"content":{"rendered":"<div class=\"justify\">\n<p><b>\u00bfTe atreves a besar a un desconocido?<\/b><\/p>\n<\/div>\n<div class=\"justify\">\n<p>Es el \u00faltimo a\u00f1o de preparatoria y\u00a0<b>Sara Lin<\/b>\u00a0acaba de cumplir los dieciocho. Tiene grandes amigos, un padre genial (o eso cree \u00e9l) y un mont\u00f3n de proyectos. Lo \u00faltimo que necesita es preocuparse por su\u00a0<b>primer beso<\/b>.<\/p>\n<p>Pero eso est\u00e1 a punto de cambiar porque su buen amigo\u00a0<b>Patrick<\/b>\u00a0la ha retado a una apuesta que podr\u00eda\u00a0<b>terminar en<\/b><b>amor<\/b>, desamor o verg\u00fcenza\u2026 O quiz\u00e1 en las tres cosas.<\/p>\n<p>A lo largo del camino, Sara descubrir\u00e1 que la vida no es un\u00a0<b>cuento de hadas<\/b>\u00a0y que el romance resulta complejo y confuso, pero\u2026 \u00a1puede ser muy muy divertido!<\/p>\n<p>Este volumen re\u00fane los episodios\u00a0<b>1 a 18<\/b>\u00a0del encantador c\u00f3mic de\u00a0<b>WEBTOON<\/b>\u00a0<i><b>The<\/b><\/i><i><b>\u00a0Kiss<\/b><\/i>\u00a0<i><b>Bet<\/b><\/i><b>.<\/b><\/p>\n<\/div>\n","protected":false},"excerpt":{"rendered":"<p>Ingrid Ochoa<br \/>\n288 p\u00e1ginas<\/p>\n","protected":false},"featured_media":7168,"template":"","meta":{"_joinchat":[]},"product_brand":[],"product_cat":[67,70],"product_tag":[34],"class_list":{"0":"post-7167","1":"product","2":"type-product","3":"status-publish","4":"has-post-thumbnail","6":"product_cat-manga","7":"product_cat-novedades","8":"product_tag-penguin-random-house","10":"first","11":"outofstock","12":"shipping-taxable","13":"purchasable","14":"product-type-simple"},"_links":{"self":[{"href":"https:\/\/libreriahistoriasdebolsillo.com\/index.php\/wp-json\/wp\/v2\/product\/7167","targetHints":{"allow":["GET"]}}],"collection":[{"href":"https:\/\/libreriahistoriasdebolsillo.com\/index.php\/wp-json\/wp\/v2\/product"}],"about":[{"href":"https:\/\/libreriahistoriasdebolsillo.com\/index.php\/wp-json\/wp\/v2\/types\/product"}],"wp:featuredmedia":[{"embeddable":true,"href":"https:\/\/libreriahistoriasdebolsillo.com\/index.php\/wp-json\/wp\/v2\/media\/7168"}],"wp:attachment":[{"href":"https:\/\/libreriahistoriasdebolsillo.com\/index.php\/wp-json\/wp\/v2\/media?parent=7167"}],"wp:term":[{"taxonomy":"product_brand","embeddable":true,"href":"https:\/\/libreriahistoriasdebolsillo.com\/index.php\/wp-json\/wp\/v2\/product_brand?post=7167"},{"taxonomy":"product_cat","embeddable":true,"href":"https:\/\/libreriahistoriasdebolsillo.com\/index.php\/wp-json\/wp\/v2\/product_cat?post=7167"},{"taxonomy":"product_tag","embeddable":true,"href":"https:\/\/libreriahistoriasdebolsillo.com\/index.php\/wp-json\/wp\/v2\/product_tag?post=7167"}],"curies":[{"name":"wp","href":"https:\/\/api.w.org\/{rel}","templated":true}]}}