{"id":7169,"date":"2025-07-22T17:17:29","date_gmt":"2025-07-22T23:17:29","guid":{"rendered":"https:\/\/libreriahistoriasdebolsillo.com\/?post_type=product&#038;p=7169"},"modified":"2025-11-12T14:05:31","modified_gmt":"2025-11-12T20:05:31","slug":"mas-alla-de-la-herida-materna","status":"publish","type":"product","link":"https:\/\/libreriahistoriasdebolsillo.com\/index.php\/producto\/mas-alla-de-la-herida-materna\/","title":{"rendered":"M\u00e1s all\u00e1 de la herida materna"},"content":{"rendered":"<div class=\"justify\">\n<p><b>\u201cEn este libro, Aura Medina de<\/b>\u00a0<b>Wit<\/b><b>\u00a0nos invita a explorar nuevos niveles de autoconocimiento mientras continuamos profundizando<\/b>\u00a0<b>enel<\/b><b>\u00a0entendimiento y la<\/b>\u00a0<b>sanaci\u00f3n,y<\/b><b>\u00a0en la forma en que establecemos relaciones cercanas.\u201d<\/b><\/p>\n<p><b>&#8211;<\/b><b>Carlos E. de Le\u00f3n de<\/b>\u00a0<b>Wit<\/b><\/p>\n<\/div>\n<div class=\"justify\">\n<p>Luego del \u00e9xito de\u00a0<i><b>Sanando la herida materna<\/b><\/i>, Aura Medina de Wit regresa a las librer\u00edas con un proyecto que nos invita a ir m\u00e1s all\u00e1 de la\u00a0<b>herida materna<\/b>\u00a0y explorar el laberinto del\u00a0<b>autodescubrimiento<\/b>. Con una visi\u00f3n ampliamente informada, la autora recorre tem\u00e1ticas tan interesantes como los\u00a0<b>arquetipos femeninos<\/b>\u00a0y la posibilidad de conectar a trav\u00e9s de estos s\u00edmbolos universales, la sexualidad consciente y nuestra propia capacidad para aprender a\u00a0<b>maternarnos<\/b>.<\/p>\n<p>Desde su<b>\u00a0experiencia<\/b>\u00a0como terapeuta, Aura Medina de Wit nos\u00a0<b>comparte experiencias<\/b>\u00a0de vida que nos sirven para espejear nuestra propia realidad e ir un paso m\u00e1s adelante en nuestro\u00a0<b>desarrollo personal<\/b>.<\/p>\n<\/div>\n","protected":false},"excerpt":{"rendered":"<p>Aura Medina De Wit<br \/>\n320 p\u00e1ginas<\/p>\n","protected":false},"featured_media":7170,"template":"","meta":{"_joinchat":[]},"product_brand":[],"product_cat":[58,41,70],"product_tag":[34],"class_list":{"0":"post-7169","1":"product","2":"type-product","3":"status-publish","4":"has-post-thumbnail","6":"product_cat-desarrollo-humano-y-superacion","7":"product_cat-desarrollo-humano","8":"product_cat-novedades","9":"product_tag-penguin-random-house","11":"first","12":"outofstock","13":"shipping-taxable","14":"purchasable","15":"product-type-simple"},"_links":{"self":[{"href":"https:\/\/libreriahistoriasdebolsillo.com\/index.php\/wp-json\/wp\/v2\/product\/7169","targetHints":{"allow":["GET"]}}],"collection":[{"href":"https:\/\/libreriahistoriasdebolsillo.com\/index.php\/wp-json\/wp\/v2\/product"}],"about":[{"href":"https:\/\/libreriahistoriasdebolsillo.com\/index.php\/wp-json\/wp\/v2\/types\/product"}],"wp:featuredmedia":[{"embeddable":true,"href":"https:\/\/libreriahistoriasdebolsillo.com\/index.php\/wp-json\/wp\/v2\/media\/7170"}],"wp:attachment":[{"href":"https:\/\/libreriahistoriasdebolsillo.com\/index.php\/wp-json\/wp\/v2\/media?parent=7169"}],"wp:term":[{"taxonomy":"product_brand","embeddable":true,"href":"https:\/\/libreriahistoriasdebolsillo.com\/index.php\/wp-json\/wp\/v2\/product_brand?post=7169"},{"taxonomy":"product_cat","embeddable":true,"href":"https:\/\/libreriahistoriasdebolsillo.com\/index.php\/wp-json\/wp\/v2\/product_cat?post=7169"},{"taxonomy":"product_tag","embeddable":true,"href":"https:\/\/libreriahistoriasdebolsillo.com\/index.php\/wp-json\/wp\/v2\/product_tag?post=7169"}],"curies":[{"name":"wp","href":"https:\/\/api.w.org\/{rel}","templated":true}]}}