{"id":7173,"date":"2025-07-22T17:24:10","date_gmt":"2025-07-22T23:24:10","guid":{"rendered":"https:\/\/libreriahistoriasdebolsillo.com\/?post_type=product&#038;p=7173"},"modified":"2026-01-03T16:32:55","modified_gmt":"2026-01-03T22:32:55","slug":"no-te-creas-todo-lo-que-piensas-ed-actualizada","status":"publish","type":"product","link":"https:\/\/libreriahistoriasdebolsillo.com\/index.php\/producto\/no-te-creas-todo-lo-que-piensas-ed-actualizada\/","title":{"rendered":"No te creas todo lo que piensas (Ed. actualizada)"},"content":{"rendered":"<div class=\"justify\">\n<p><b>Pensar es la ra\u00edz del sufrimiento<\/b><\/p>\n<\/div>\n<div class=\"justify\">\n<p>\u00bfPor qu\u00e9 creemos lo que creemos? \u00bfQu\u00e9 hace que reaccionemos de cierta manera ante alg\u00fan suceso? Nuestra experiencia en el mundo est\u00e1 delimitada en gran parte por\u00a0<b>nuestros procesos mentales<\/b>, pero los hechos y circunstancias a nuestro alrededor pueden ser solo eso.<\/p>\n<p>Este libro te ayudar\u00e1 a:<\/p>\n<p>\u2022Evitar que lo que piensas te lleve a dudar o\u00a0<b>autosabotearte.<\/b><\/p>\n<p>\u2022Enfrentarte a las circunstancias del d\u00eda a d\u00eda sin\u00a0<b>ansias.<\/b><\/p>\n<p>\u2022Construir una nueva perspectiva de vida que venga desde\u00a0<b>la seguridad y la armon\u00eda<\/b>.<\/p>\n<p>\u2022Entender que\u00a0<b>la incertidumbre y el desconocimiento<\/b>\u00a0pueden jugar a favor de tu crecimiento.<\/p>\n<p>Vuelve a confiar en tu mente<\/p>\n<\/div>\n","protected":false},"excerpt":{"rendered":"<p>Joseph Nguyen<br \/>\n272 p\u00e1ginas<\/p>\n","protected":false},"featured_media":7174,"template":"","meta":{"_joinchat":[]},"product_brand":[],"product_cat":[58,41],"product_tag":[34],"class_list":{"0":"post-7173","1":"product","2":"type-product","3":"status-publish","4":"has-post-thumbnail","6":"product_cat-desarrollo-humano-y-superacion","7":"product_cat-desarrollo-humano","8":"product_tag-penguin-random-house","10":"first","11":"outofstock","12":"shipping-taxable","13":"purchasable","14":"product-type-simple"},"_links":{"self":[{"href":"https:\/\/libreriahistoriasdebolsillo.com\/index.php\/wp-json\/wp\/v2\/product\/7173","targetHints":{"allow":["GET"]}}],"collection":[{"href":"https:\/\/libreriahistoriasdebolsillo.com\/index.php\/wp-json\/wp\/v2\/product"}],"about":[{"href":"https:\/\/libreriahistoriasdebolsillo.com\/index.php\/wp-json\/wp\/v2\/types\/product"}],"wp:featuredmedia":[{"embeddable":true,"href":"https:\/\/libreriahistoriasdebolsillo.com\/index.php\/wp-json\/wp\/v2\/media\/7174"}],"wp:attachment":[{"href":"https:\/\/libreriahistoriasdebolsillo.com\/index.php\/wp-json\/wp\/v2\/media?parent=7173"}],"wp:term":[{"taxonomy":"product_brand","embeddable":true,"href":"https:\/\/libreriahistoriasdebolsillo.com\/index.php\/wp-json\/wp\/v2\/product_brand?post=7173"},{"taxonomy":"product_cat","embeddable":true,"href":"https:\/\/libreriahistoriasdebolsillo.com\/index.php\/wp-json\/wp\/v2\/product_cat?post=7173"},{"taxonomy":"product_tag","embeddable":true,"href":"https:\/\/libreriahistoriasdebolsillo.com\/index.php\/wp-json\/wp\/v2\/product_tag?post=7173"}],"curies":[{"name":"wp","href":"https:\/\/api.w.org\/{rel}","templated":true}]}}