{"id":7175,"date":"2025-07-23T12:43:59","date_gmt":"2025-07-23T18:43:59","guid":{"rendered":"https:\/\/libreriahistoriasdebolsillo.com\/?post_type=product&#038;p=7175"},"modified":"2026-04-20T16:29:21","modified_gmt":"2026-04-20T22:29:21","slug":"it-el-libro-oficial-para-colorear","status":"publish","type":"product","link":"https:\/\/libreriahistoriasdebolsillo.com\/index.php\/producto\/it-el-libro-oficial-para-colorear\/","title":{"rendered":"IT el libro oficial para colorear"},"content":{"rendered":"<p>Colorea tus peores miedos\u2026 si te atreves.<br \/>\nAlgo escalofriante ha despertado en las alcantarillas de<br \/>\nDerry, Maine. S\u00e9 testigo de esta batalla \u00e9pica entre El Club<br \/>\nde los Perdedores y Pennywise, el payaso asesino. D\u00e9jate<br \/>\nenvolver por la espeluznante mente de Stephen King y<br \/>\nexplora m\u00e1s de 60 p\u00e1ginas donde el miedo acecha en<br \/>\ncada rinc\u00f3n. Dale vida a estas pesadillas coloreando los<br \/>\nmomentos m\u00e1s ic\u00f3nicos y aterradores de It e It: Cap\u00edtulo<br \/>\ndos. El terror est\u00e1 en tus manos, pero recuerda\u2026 todos<br \/>\nflotan aqu\u00ed.<\/p>\n","protected":false},"excerpt":{"rendered":"<p>Colorea tus peores miedos\u2026 si te atreves. Algo escalofriante ha despertado en las alcantarillas de Derry, Maine. S\u00e9 testigo de esta batalla \u00e9pica entre El Club de los Perdedores y Pennywise, el payaso asesino. D\u00e9jate envolver por la espeluznante mente de Stephen King y explora m\u00e1s de 60 p\u00e1ginas donde el miedo acecha en cada [&hellip;]<\/p>\n","protected":false},"featured_media":7176,"template":"","meta":{"_joinchat":[]},"product_brand":[],"product_cat":[50,70],"product_tag":[48],"class_list":{"0":"post-7175","1":"product","2":"type-product","3":"status-publish","4":"has-post-thumbnail","6":"product_cat-mandalas-y-libros-para-colorear","7":"product_cat-novedades","8":"product_tag-vr-editoras","10":"first","11":"instock","12":"shipping-taxable","13":"purchasable","14":"product-type-simple"},"_links":{"self":[{"href":"https:\/\/libreriahistoriasdebolsillo.com\/index.php\/wp-json\/wp\/v2\/product\/7175","targetHints":{"allow":["GET"]}}],"collection":[{"href":"https:\/\/libreriahistoriasdebolsillo.com\/index.php\/wp-json\/wp\/v2\/product"}],"about":[{"href":"https:\/\/libreriahistoriasdebolsillo.com\/index.php\/wp-json\/wp\/v2\/types\/product"}],"wp:featuredmedia":[{"embeddable":true,"href":"https:\/\/libreriahistoriasdebolsillo.com\/index.php\/wp-json\/wp\/v2\/media\/7176"}],"wp:attachment":[{"href":"https:\/\/libreriahistoriasdebolsillo.com\/index.php\/wp-json\/wp\/v2\/media?parent=7175"}],"wp:term":[{"taxonomy":"product_brand","embeddable":true,"href":"https:\/\/libreriahistoriasdebolsillo.com\/index.php\/wp-json\/wp\/v2\/product_brand?post=7175"},{"taxonomy":"product_cat","embeddable":true,"href":"https:\/\/libreriahistoriasdebolsillo.com\/index.php\/wp-json\/wp\/v2\/product_cat?post=7175"},{"taxonomy":"product_tag","embeddable":true,"href":"https:\/\/libreriahistoriasdebolsillo.com\/index.php\/wp-json\/wp\/v2\/product_tag?post=7175"}],"curies":[{"name":"wp","href":"https:\/\/api.w.org\/{rel}","templated":true}]}}