{"id":7179,"date":"2025-07-23T12:52:07","date_gmt":"2025-07-23T18:52:07","guid":{"rendered":"https:\/\/libreriahistoriasdebolsillo.com\/?post_type=product&#038;p=7179"},"modified":"2026-04-20T16:28:36","modified_gmt":"2026-04-20T22:28:36","slug":"murray-y-bun-murray-el-vikingo","status":"publish","type":"product","link":"https:\/\/libreriahistoriasdebolsillo.com\/index.php\/producto\/murray-y-bun-murray-el-vikingo\/","title":{"rendered":"\u00a1Murray y Bun!. Murray el vikingo"},"content":{"rendered":"<p>Murray es un gato que vive en la casa del hechicero Fumblethumb. El hechicero es muy torpe y, entre sus torpezas, sin querer ha embrujado la puerta gatera de la cocina por la que Murray sale al jard\u00edn, y tambi\u00e9n un bollo al que ha convertido en un conejo. Cuando Murray sale al jard\u00edn por la puerta gatera, a veces no pasa nada y a veces, se interna en una aventura. En este primer t\u00edtulo de la serie, Murray aparece en tierra vikinga. El jefe Harald le encarga la misi\u00f3n de rescatar al vikingo Erik de las garras de los trolls (si es que todav\u00eda no se lo comieron). Murray y el conejobollo Bun parten al rescate de Erik en un barco largo vikingo. Los trolls no son tan malvados como Murray imaginaba, de hecho son amorosos y lo invitan a un p\u00edcnic de s\u00e1ndwiches de aranques. Le hablan de una cosa peluda aterradora y olorosa que les da mucho miedo. Murray y Bun se guian por el mal olor hasta que llegan a la casa de \u00a1Erik! El mal olor se debe a que Erik no conoce las cucharas y trata de comer huevos con su martillo. Inevitablemente los rompe todos y la casa se llena de huevo que con el tiempo se pudre. Murray le ense\u00f1a a Erik a usar la cuchara y \u00a1problema resuelto! Regresan a la tierra vikinga (previo ba\u00f1o de Erik en el mar que le quita el mal olor) y, cuando atraviesan la puerta hacia el sal\u00f3n donde los espera un gran banquete de agradecimiento&#8230; \u00a1Murray y Bun aparecen de regreso en la cocina de Fumblethumb! La pr\u00f3xima aventura ser\u00e1 Murray y Bun en la tierra de los caballeros medievales.<\/p>\n","protected":false},"excerpt":{"rendered":"<p>Adam Stower<br \/>\n145 p\u00e1ginas<\/p>\n","protected":false},"featured_media":7180,"template":"","meta":{"_joinchat":[]},"product_brand":[],"product_cat":[54,52,70],"product_tag":[48],"class_list":{"0":"post-7179","1":"product","2":"type-product","3":"status-publish","4":"has-post-thumbnail","6":"product_cat-infantil","7":"product_cat-juvenil","8":"product_cat-novedades","9":"product_tag-vr-editoras","11":"first","12":"instock","13":"shipping-taxable","14":"purchasable","15":"product-type-simple"},"_links":{"self":[{"href":"https:\/\/libreriahistoriasdebolsillo.com\/index.php\/wp-json\/wp\/v2\/product\/7179","targetHints":{"allow":["GET"]}}],"collection":[{"href":"https:\/\/libreriahistoriasdebolsillo.com\/index.php\/wp-json\/wp\/v2\/product"}],"about":[{"href":"https:\/\/libreriahistoriasdebolsillo.com\/index.php\/wp-json\/wp\/v2\/types\/product"}],"wp:featuredmedia":[{"embeddable":true,"href":"https:\/\/libreriahistoriasdebolsillo.com\/index.php\/wp-json\/wp\/v2\/media\/7180"}],"wp:attachment":[{"href":"https:\/\/libreriahistoriasdebolsillo.com\/index.php\/wp-json\/wp\/v2\/media?parent=7179"}],"wp:term":[{"taxonomy":"product_brand","embeddable":true,"href":"https:\/\/libreriahistoriasdebolsillo.com\/index.php\/wp-json\/wp\/v2\/product_brand?post=7179"},{"taxonomy":"product_cat","embeddable":true,"href":"https:\/\/libreriahistoriasdebolsillo.com\/index.php\/wp-json\/wp\/v2\/product_cat?post=7179"},{"taxonomy":"product_tag","embeddable":true,"href":"https:\/\/libreriahistoriasdebolsillo.com\/index.php\/wp-json\/wp\/v2\/product_tag?post=7179"}],"curies":[{"name":"wp","href":"https:\/\/api.w.org\/{rel}","templated":true}]}}