{"id":7183,"date":"2025-07-23T12:59:49","date_gmt":"2025-07-23T18:59:49","guid":{"rendered":"https:\/\/libreriahistoriasdebolsillo.com\/?post_type=product&#038;p=7183"},"modified":"2026-03-20T13:24:04","modified_gmt":"2026-03-20T19:24:04","slug":"mentalidad-de-samurai","status":"publish","type":"product","link":"https:\/\/libreriahistoriasdebolsillo.com\/index.php\/producto\/mentalidad-de-samurai\/","title":{"rendered":"Mentalidad de Samur\u00e1i"},"content":{"rendered":"<p>No pienses demasiado act\u00faa.<\/p>\n<p>\u00bfC\u00f3mo consegu\u00edan los antiguos samur\u00e1is mantener una actitud serena y enfrentar el peligro en situaciones estresantes en las que se jugaban la vida? Esta es la pregunta que se hizo Keiichi Toyoda, cintur\u00f3n negro de tercer grado en battojutsu y cintur\u00f3n negro de segundo grado en aikido, y director de una empresa de desarrollo de recursos humanos que se especializa en el entrenamiento de la mente.<\/p>\n<p>La meditaci\u00f3n de atenci\u00f3n plena, pr\u00e1ctica que se expande en el mundo con la esperanza de aliviar el estr\u00e9s, se origina en el budismo y en el zen. Teniendo en cuenta que la sabidur\u00eda oriental pervive en la sociedad moderna, quiz\u00e1 podamos aprender tambi\u00e9n de la mentalidad de los samur\u00e1is. Mushin se trata, simplemente, de concentrarse en lo que tenemos delante dejando de lado nuestros diversos pensamientos y sin que importe el resultado. Una mentalidad cero, que no se perturba por nada.<\/p>\n<p>En un mundo sin respuestas claras, impredecible e incierto, tener una \u201cmentalidad de samur\u00e1i\u201d puede ser la clave para combatir el estr\u00e9s de la vida moderna.<\/p>\n","protected":false},"excerpt":{"rendered":"<p>Keiichi Toyoda<br \/>\n192 p\u00e1ginas<\/p>\n","protected":false},"featured_media":7184,"template":"","meta":{"_joinchat":[]},"product_brand":[],"product_cat":[58,41,70],"product_tag":[48],"class_list":{"0":"post-7183","1":"product","2":"type-product","3":"status-publish","4":"has-post-thumbnail","6":"product_cat-desarrollo-humano-y-superacion","7":"product_cat-desarrollo-humano","8":"product_cat-novedades","9":"product_tag-vr-editoras","11":"first","12":"instock","13":"shipping-taxable","14":"purchasable","15":"product-type-simple"},"_links":{"self":[{"href":"https:\/\/libreriahistoriasdebolsillo.com\/index.php\/wp-json\/wp\/v2\/product\/7183","targetHints":{"allow":["GET"]}}],"collection":[{"href":"https:\/\/libreriahistoriasdebolsillo.com\/index.php\/wp-json\/wp\/v2\/product"}],"about":[{"href":"https:\/\/libreriahistoriasdebolsillo.com\/index.php\/wp-json\/wp\/v2\/types\/product"}],"wp:featuredmedia":[{"embeddable":true,"href":"https:\/\/libreriahistoriasdebolsillo.com\/index.php\/wp-json\/wp\/v2\/media\/7184"}],"wp:attachment":[{"href":"https:\/\/libreriahistoriasdebolsillo.com\/index.php\/wp-json\/wp\/v2\/media?parent=7183"}],"wp:term":[{"taxonomy":"product_brand","embeddable":true,"href":"https:\/\/libreriahistoriasdebolsillo.com\/index.php\/wp-json\/wp\/v2\/product_brand?post=7183"},{"taxonomy":"product_cat","embeddable":true,"href":"https:\/\/libreriahistoriasdebolsillo.com\/index.php\/wp-json\/wp\/v2\/product_cat?post=7183"},{"taxonomy":"product_tag","embeddable":true,"href":"https:\/\/libreriahistoriasdebolsillo.com\/index.php\/wp-json\/wp\/v2\/product_tag?post=7183"}],"curies":[{"name":"wp","href":"https:\/\/api.w.org\/{rel}","templated":true}]}}