{"id":720,"date":"2023-11-20T15:55:07","date_gmt":"2023-11-20T21:55:07","guid":{"rendered":"https:\/\/libreriahistoriasdebolsillo.com\/?post_type=product&#038;p=720"},"modified":"2025-02-14T15:36:34","modified_gmt":"2025-02-14T21:36:34","slug":"serendipity-el-amor-como-nunca-lo-has-visto","status":"publish","type":"product","link":"https:\/\/libreriahistoriasdebolsillo.com\/index.php\/producto\/serendipity-el-amor-como-nunca-lo-has-visto\/","title":{"rendered":"Serendipity. El amor como nunca lo has visto"},"content":{"rendered":"<p>\u00bfAcaso no vivimos por los clich\u00e9s rom\u00e1nticos? Amigos que se aman en secreto, enemigos que se desea y esos que fingen salir para causar celos. Por no hablar de los que descubren con sorpresa que solo hay una cama. O los que quieren expresar sus sentimientos con un gran gesto rom\u00e1ntico destinado al fracaso. La fabulosa autora de Las cr\u00f3nicas lunares, Heartless y Renegados, Marissa Meyer, re\u00fane a un combo explosivo de autores en esta antolog\u00eda que toma lo mejor de las historias de amor y lo reinterpreta. \u00bfEl resultado? Un libro que va a robarte el aliento y el coraz\u00f3n.<\/p>\n","protected":false},"excerpt":{"rendered":"<p>Marissa Meyer<\/p>\n","protected":false},"featured_media":721,"template":"","meta":{"_joinchat":[]},"product_brand":[],"product_cat":[35],"product_tag":[48],"class_list":{"0":"post-720","1":"product","2":"type-product","3":"status-publish","4":"has-post-thumbnail","6":"product_cat-romantica","7":"product_tag-vr-editoras","9":"first","10":"instock","11":"shipping-taxable","12":"purchasable","13":"product-type-simple"},"_links":{"self":[{"href":"https:\/\/libreriahistoriasdebolsillo.com\/index.php\/wp-json\/wp\/v2\/product\/720","targetHints":{"allow":["GET"]}}],"collection":[{"href":"https:\/\/libreriahistoriasdebolsillo.com\/index.php\/wp-json\/wp\/v2\/product"}],"about":[{"href":"https:\/\/libreriahistoriasdebolsillo.com\/index.php\/wp-json\/wp\/v2\/types\/product"}],"wp:featuredmedia":[{"embeddable":true,"href":"https:\/\/libreriahistoriasdebolsillo.com\/index.php\/wp-json\/wp\/v2\/media\/721"}],"wp:attachment":[{"href":"https:\/\/libreriahistoriasdebolsillo.com\/index.php\/wp-json\/wp\/v2\/media?parent=720"}],"wp:term":[{"taxonomy":"product_brand","embeddable":true,"href":"https:\/\/libreriahistoriasdebolsillo.com\/index.php\/wp-json\/wp\/v2\/product_brand?post=720"},{"taxonomy":"product_cat","embeddable":true,"href":"https:\/\/libreriahistoriasdebolsillo.com\/index.php\/wp-json\/wp\/v2\/product_cat?post=720"},{"taxonomy":"product_tag","embeddable":true,"href":"https:\/\/libreriahistoriasdebolsillo.com\/index.php\/wp-json\/wp\/v2\/product_tag?post=720"}],"curies":[{"name":"wp","href":"https:\/\/api.w.org\/{rel}","templated":true}]}}