{"id":7200,"date":"2025-07-30T13:59:59","date_gmt":"2025-07-30T19:59:59","guid":{"rendered":"https:\/\/libreriahistoriasdebolsillo.com\/?post_type=product&#038;p=7200"},"modified":"2025-12-02T11:20:20","modified_gmt":"2025-12-02T17:20:20","slug":"sin-querer-queriendo","status":"publish","type":"product","link":"https:\/\/libreriahistoriasdebolsillo.com\/index.php\/producto\/sin-querer-queriendo\/","title":{"rendered":"Sin querer queriendo"},"content":{"rendered":"<div class=\"justify\">\n<p><b>Roberto G\u00f3mez Bola\u00f1os, \u201cChespirito\u201d, fue uno de los comediantes m\u00e1s queridos y respetados en el mundo de habla hispana. Sus divertidos programas de televisi\u00f3n y personajes entra\u00f1ables han marcado la ni\u00f1ez \u2014y la vida\u2014 de numerosas generaciones de televidentes.<\/b><\/p>\n<\/div>\n<div class=\"justify\">\n<p>Sin querer queriendo es un\u00a0<b>testimonio apasionante<\/b>\u00a0y lleno de a\u00f1oranza de las andanzas, batallas y triunfos de un hombre que conquist\u00f3 el mundo del espect\u00e1culo mediante el trabajo, la tenacidad, el\u00a0<b>extraordinario ingenio<\/b>\u00a0y el sentido humano. A trav\u00e9s de innumerables an\u00e9cdotas \u2014las hay nost\u00e1lgicas e ins\u00f3litas, tr\u00e1gicas y divertidas\u2014,\u00a0<b>Roberto G\u00f3mez Bola\u00f1os<\/b>\u00a0cuenta sus travesuras de la infancia, sus pasiones de juventud, su ingreso casi fortuito al mundo de la radio y la televisi\u00f3n, la forma en que nacieron personajes entra\u00f1ables como\u00a0<b>El Chapul\u00edn Colorado<\/b>\u00a0o\u00a0<b>El Chavo<\/b>, y muchos otros aspectos de su vida y de su trabajo que comparte en estas p\u00e1ginas, llenas de\u00a0<b>alegr\u00eda y vivencias<\/b>, con millones de hispanohablantes que lo quieren y lo admiran.<\/p>\n<p>Esta autobiograf\u00eda del genial\u00a0<b>Chespirito<\/b>, escrita con su humor inconfundible, nos descubre el coraz\u00f3n de un hombre \u00edntegro que ha hecho del noble oficio de entretener, un aut\u00e9ntico arte.<\/p>\n<\/div>\n","protected":false},"excerpt":{"rendered":"<p>Roberto Gomez Bola\u00f1os<br \/>\n448 p\u00e1ginas<\/p>\n","protected":false},"featured_media":7201,"template":"","meta":{"_joinchat":[]},"product_brand":[],"product_cat":[41,70],"product_tag":[34],"class_list":{"0":"post-7200","1":"product","2":"type-product","3":"status-publish","4":"has-post-thumbnail","6":"product_cat-desarrollo-humano","7":"product_cat-novedades","8":"product_tag-penguin-random-house","10":"first","11":"outofstock","12":"shipping-taxable","13":"purchasable","14":"product-type-simple"},"_links":{"self":[{"href":"https:\/\/libreriahistoriasdebolsillo.com\/index.php\/wp-json\/wp\/v2\/product\/7200","targetHints":{"allow":["GET"]}}],"collection":[{"href":"https:\/\/libreriahistoriasdebolsillo.com\/index.php\/wp-json\/wp\/v2\/product"}],"about":[{"href":"https:\/\/libreriahistoriasdebolsillo.com\/index.php\/wp-json\/wp\/v2\/types\/product"}],"wp:featuredmedia":[{"embeddable":true,"href":"https:\/\/libreriahistoriasdebolsillo.com\/index.php\/wp-json\/wp\/v2\/media\/7201"}],"wp:attachment":[{"href":"https:\/\/libreriahistoriasdebolsillo.com\/index.php\/wp-json\/wp\/v2\/media?parent=7200"}],"wp:term":[{"taxonomy":"product_brand","embeddable":true,"href":"https:\/\/libreriahistoriasdebolsillo.com\/index.php\/wp-json\/wp\/v2\/product_brand?post=7200"},{"taxonomy":"product_cat","embeddable":true,"href":"https:\/\/libreriahistoriasdebolsillo.com\/index.php\/wp-json\/wp\/v2\/product_cat?post=7200"},{"taxonomy":"product_tag","embeddable":true,"href":"https:\/\/libreriahistoriasdebolsillo.com\/index.php\/wp-json\/wp\/v2\/product_tag?post=7200"}],"curies":[{"name":"wp","href":"https:\/\/api.w.org\/{rel}","templated":true}]}}