{"id":7202,"date":"2025-07-30T14:02:29","date_gmt":"2025-07-30T20:02:29","guid":{"rendered":"https:\/\/libreriahistoriasdebolsillo.com\/?post_type=product&#038;p=7202"},"modified":"2026-01-05T18:23:33","modified_gmt":"2026-01-06T00:23:33","slug":"la-esfera-luminosa","status":"publish","type":"product","link":"https:\/\/libreriahistoriasdebolsillo.com\/index.php\/producto\/la-esfera-luminosa\/","title":{"rendered":"La esfera luminosa"},"content":{"rendered":"<div class=\"justify\">\n<p><b>La nueva novela del autor chino que arrasa en todo el mundo con\u00a0<i>El problema de los tres cuerpos<\/i>: 5.000.000 de lectores.<\/b><\/p>\n<\/div>\n<div class=\"justify\">\n<p>El d\u00eda en que cumple catorce a\u00f1os, Chen presencia c\u00f3mo una esfera luminosa entra en su casa y calcina a sus padres. Con el prop\u00f3sito de encontrar alg\u00fan sentido a esta extra\u00f1a desgracia, decide dedicarse a descifrar el secreto del misterioso fen\u00f3meno a causa del cual qued\u00f3 hu\u00e9rfano. La b\u00fasqueda de la esfera luminosa lo llevar\u00e1 lejos de casa, a perseguir tormentas en las cimas de monta\u00f1as y a adentrarse en laboratorios subterr\u00e1neos secretos para, poco a poco, ir descubriendo nuevos l\u00edmites en la f\u00edsica de part\u00edculas.<\/p>\n<p>Aunque la obsesi\u00f3n de Chen es la raz\u00f3n de que la suya sea una vida solitaria, esta no podr\u00e1 protegerle de los intereses globales que hay detr\u00e1s de sus descubrimientos. As\u00ed pues, tendr\u00e1 que enfrentarse a un f\u00edsico que no entiende de l\u00edmites morales en lo que al conocimiento se refiere; una atractiva militar obsesionada con nuevas t\u00e9cnicas b\u00e9licas; a una naci\u00f3n entera, en suma, desesperada por hacer frente a una derrota militar inevitable&#8230;<\/p>\n<p>Invocando nuevos mundos cosmol\u00f3gicos y filos\u00f3ficos a partir de una minuciosa especulaci\u00f3n cient\u00edfica,\u00a0<i>La esfera luminosa<\/i>\u00a0tiene todo aquello que hizo que los lectores de Cixin Liu disfrutaran tanto con\u00a0<i>El problema de los tres cuerpos<\/i>.<\/p>\n<\/div>\n","protected":false},"excerpt":{"rendered":"<p>Cixin Liu<br \/>\n464 p\u00e1ginas<\/p>\n","protected":false},"featured_media":7203,"template":"","meta":{"_joinchat":[]},"product_brand":[],"product_cat":[40,70],"product_tag":[34],"class_list":{"0":"post-7202","1":"product","2":"type-product","3":"status-publish","4":"has-post-thumbnail","6":"product_cat-ciencia-ficcion","7":"product_cat-novedades","8":"product_tag-penguin-random-house","10":"first","11":"outofstock","12":"shipping-taxable","13":"purchasable","14":"product-type-simple"},"_links":{"self":[{"href":"https:\/\/libreriahistoriasdebolsillo.com\/index.php\/wp-json\/wp\/v2\/product\/7202","targetHints":{"allow":["GET"]}}],"collection":[{"href":"https:\/\/libreriahistoriasdebolsillo.com\/index.php\/wp-json\/wp\/v2\/product"}],"about":[{"href":"https:\/\/libreriahistoriasdebolsillo.com\/index.php\/wp-json\/wp\/v2\/types\/product"}],"wp:featuredmedia":[{"embeddable":true,"href":"https:\/\/libreriahistoriasdebolsillo.com\/index.php\/wp-json\/wp\/v2\/media\/7203"}],"wp:attachment":[{"href":"https:\/\/libreriahistoriasdebolsillo.com\/index.php\/wp-json\/wp\/v2\/media?parent=7202"}],"wp:term":[{"taxonomy":"product_brand","embeddable":true,"href":"https:\/\/libreriahistoriasdebolsillo.com\/index.php\/wp-json\/wp\/v2\/product_brand?post=7202"},{"taxonomy":"product_cat","embeddable":true,"href":"https:\/\/libreriahistoriasdebolsillo.com\/index.php\/wp-json\/wp\/v2\/product_cat?post=7202"},{"taxonomy":"product_tag","embeddable":true,"href":"https:\/\/libreriahistoriasdebolsillo.com\/index.php\/wp-json\/wp\/v2\/product_tag?post=7202"}],"curies":[{"name":"wp","href":"https:\/\/api.w.org\/{rel}","templated":true}]}}