{"id":7204,"date":"2025-07-30T14:04:02","date_gmt":"2025-07-30T20:04:02","guid":{"rendered":"https:\/\/libreriahistoriasdebolsillo.com\/?post_type=product&#038;p=7204"},"modified":"2025-12-02T11:20:35","modified_gmt":"2025-12-02T17:20:35","slug":"la-tierra-errante","status":"publish","type":"product","link":"https:\/\/libreriahistoriasdebolsillo.com\/index.php\/producto\/la-tierra-errante\/","title":{"rendered":"La tierra errante"},"content":{"rendered":"<div class=\"justify\">\n<p><b>Primera antolog\u00eda de relatos del autor chino que ha deslumbrado a cinco millones de lectores con\u00a0<\/b><i><b>El problema de los tres cuerpos<\/b><\/i>.<\/p>\n<\/div>\n<div class=\"justify\">\n<p>El sol se est\u00e1 muriendo, y la Tierra, consumida por los \u00faltimos suspiros de esta estrella, tambi\u00e9n desaparecer\u00e1. Pero la humanidad, en lugar de abandonar el planeta, construye doce mil grandiosos motores de fusi\u00f3n para desorbitar la Tierra y propulsarla hacia Pr\u00f3xima Centauri en un viaje que durar\u00e1 siglos&#8230;<\/p>\n<p>Bienvenidos a la primera antolog\u00eda de relatos de Cixin Liu, el aclamado autor de\u00a0<i>El problema de los tres cuerpos<\/i>, best seller galardonado con el premio Hugo a la mejor novela que cautiv\u00f3 a Barack Obama, Mark Zuckerberg y George R. R. Martin.<\/p>\n<p>Cinco de las diez historias que incluye este libro recibieron el premio Galaxy chino. Y entre todas ellas brilla\u00a0<i>La Tierra errante<\/i>, relato cuya adaptaci\u00f3n al cine se ha convertido en la primera pel\u00edcula nacional de ciencia ficci\u00f3n china de gran presupuesto, capaz de batir r\u00e9cords de taquilla y llegar a m\u00e1s de treinta pa\u00edses gracias a Netflix.<\/p>\n<p>Con una profundidad y una maestr\u00eda propias de los grandes genios, las historias de Cixin Liu llevan al lector al borde del tiempo y del universo, pero sobre todo muestran los intentos de la humanidad por sobrevivir en un cosmos desolado.<\/p>\n<\/div>\n","protected":false},"excerpt":{"rendered":"<p>Cixin Liu<br \/>\n400 p\u00e1ginas<\/p>\n","protected":false},"featured_media":7205,"template":"","meta":{"_joinchat":[]},"product_brand":[],"product_cat":[40,70],"product_tag":[34],"class_list":{"0":"post-7204","1":"product","2":"type-product","3":"status-publish","4":"has-post-thumbnail","6":"product_cat-ciencia-ficcion","7":"product_cat-novedades","8":"product_tag-penguin-random-house","10":"first","11":"outofstock","12":"shipping-taxable","13":"purchasable","14":"product-type-simple"},"_links":{"self":[{"href":"https:\/\/libreriahistoriasdebolsillo.com\/index.php\/wp-json\/wp\/v2\/product\/7204","targetHints":{"allow":["GET"]}}],"collection":[{"href":"https:\/\/libreriahistoriasdebolsillo.com\/index.php\/wp-json\/wp\/v2\/product"}],"about":[{"href":"https:\/\/libreriahistoriasdebolsillo.com\/index.php\/wp-json\/wp\/v2\/types\/product"}],"wp:featuredmedia":[{"embeddable":true,"href":"https:\/\/libreriahistoriasdebolsillo.com\/index.php\/wp-json\/wp\/v2\/media\/7205"}],"wp:attachment":[{"href":"https:\/\/libreriahistoriasdebolsillo.com\/index.php\/wp-json\/wp\/v2\/media?parent=7204"}],"wp:term":[{"taxonomy":"product_brand","embeddable":true,"href":"https:\/\/libreriahistoriasdebolsillo.com\/index.php\/wp-json\/wp\/v2\/product_brand?post=7204"},{"taxonomy":"product_cat","embeddable":true,"href":"https:\/\/libreriahistoriasdebolsillo.com\/index.php\/wp-json\/wp\/v2\/product_cat?post=7204"},{"taxonomy":"product_tag","embeddable":true,"href":"https:\/\/libreriahistoriasdebolsillo.com\/index.php\/wp-json\/wp\/v2\/product_tag?post=7204"}],"curies":[{"name":"wp","href":"https:\/\/api.w.org\/{rel}","templated":true}]}}