{"id":7206,"date":"2025-07-30T14:06:09","date_gmt":"2025-07-30T20:06:09","guid":{"rendered":"https:\/\/libreriahistoriasdebolsillo.com\/?post_type=product&#038;p=7206"},"modified":"2026-01-05T18:23:22","modified_gmt":"2026-01-06T00:23:22","slug":"la-era-de-la-supernova","status":"publish","type":"product","link":"https:\/\/libreriahistoriasdebolsillo.com\/index.php\/producto\/la-era-de-la-supernova\/","title":{"rendered":"La era de la supernova"},"content":{"rendered":"<div class=\"justify\">\n<p><b>\u00abUn fascinante experimento mental por el autor de\u00a0<\/b><i><b>El problema de los tres cuerpos<\/b><\/i><b>.\u00bb<\/b><br \/>\n<i><b>The Guardian<\/b><\/i><\/p>\n<\/div>\n<div class=\"justify\">\n<p>Hace ocho a\u00f1os y a ocho a\u00f1os luz de distancia, muri\u00f3 una estrella. Esta noche, una supernova de alta energ\u00eda finalmente llegar\u00e1 a la Tierra. El cielo brillar\u00e1 cuando esa nueva estrella florezca y, dentro de un a\u00f1o, todos los adultos mayores de trece a\u00f1os estar\u00e1n muertos. Sus cromosomas habr\u00e1n quedado irreversiblemente da\u00f1ados.<\/p>\n<p>As\u00ed comienza la cuenta regresiva hacia un nuevo mundo sin adultos.<\/p>\n<p>Los padres son ahora aprendices de sus hijos, e intentan transmitir el conocimiento que estos necesitar\u00e1n para mantener el mundo en funcionamiento. Pero es posible que la \u00faltima generaci\u00f3n no quiera dar continuidad al legado de sus progenitores. Aunque imaginan un futuro mejor, tal vez no puedan escapar de los oscuros instintos de la humanidad.<\/p>\n<p>El gran maestro Cixin Liu nos invita a interpretar esta novela como una f\u00e1bula sobre el avance de las nuevas generaciones por un mundo incomprensible para sus mayores, y sobre el propio estado de la humanidad, que navega sola e infantilizada en el universo, sin un manual de usuario que la gu\u00ede.<\/p>\n<\/div>\n","protected":false},"excerpt":{"rendered":"<p>Cixin Liu<br \/>\n496 p\u00e1ginas<\/p>\n","protected":false},"featured_media":7207,"template":"","meta":{"_joinchat":[]},"product_brand":[],"product_cat":[40,70],"product_tag":[34],"class_list":{"0":"post-7206","1":"product","2":"type-product","3":"status-publish","4":"has-post-thumbnail","6":"product_cat-ciencia-ficcion","7":"product_cat-novedades","8":"product_tag-penguin-random-house","10":"first","11":"outofstock","12":"shipping-taxable","13":"purchasable","14":"product-type-simple"},"_links":{"self":[{"href":"https:\/\/libreriahistoriasdebolsillo.com\/index.php\/wp-json\/wp\/v2\/product\/7206","targetHints":{"allow":["GET"]}}],"collection":[{"href":"https:\/\/libreriahistoriasdebolsillo.com\/index.php\/wp-json\/wp\/v2\/product"}],"about":[{"href":"https:\/\/libreriahistoriasdebolsillo.com\/index.php\/wp-json\/wp\/v2\/types\/product"}],"wp:featuredmedia":[{"embeddable":true,"href":"https:\/\/libreriahistoriasdebolsillo.com\/index.php\/wp-json\/wp\/v2\/media\/7207"}],"wp:attachment":[{"href":"https:\/\/libreriahistoriasdebolsillo.com\/index.php\/wp-json\/wp\/v2\/media?parent=7206"}],"wp:term":[{"taxonomy":"product_brand","embeddable":true,"href":"https:\/\/libreriahistoriasdebolsillo.com\/index.php\/wp-json\/wp\/v2\/product_brand?post=7206"},{"taxonomy":"product_cat","embeddable":true,"href":"https:\/\/libreriahistoriasdebolsillo.com\/index.php\/wp-json\/wp\/v2\/product_cat?post=7206"},{"taxonomy":"product_tag","embeddable":true,"href":"https:\/\/libreriahistoriasdebolsillo.com\/index.php\/wp-json\/wp\/v2\/product_tag?post=7206"}],"curies":[{"name":"wp","href":"https:\/\/api.w.org\/{rel}","templated":true}]}}