{"id":7210,"date":"2025-07-30T14:10:32","date_gmt":"2025-07-30T20:10:32","guid":{"rendered":"https:\/\/libreriahistoriasdebolsillo.com\/?post_type=product&#038;p=7210"},"modified":"2026-04-30T16:50:34","modified_gmt":"2026-04-30T22:50:34","slug":"el-gran-gatsby-edicion-conmemorativa-en-tapa-dura","status":"publish","type":"product","link":"https:\/\/libreriahistoriasdebolsillo.com\/index.php\/producto\/el-gran-gatsby-edicion-conmemorativa-en-tapa-dura\/","title":{"rendered":"El gran Gatsby (Edici\u00f3n conmemorativa en tapa dura)"},"content":{"rendered":"<div class=\"justify\">\n<p><b>Una extraordinaria f\u00e1bula sobre el sue\u00f1o americano.<\/b><\/p>\n<\/div>\n<div class=\"justify\">\n<p>Jay Gatsby, el caballero que reina sobre West Egg, es el arquetipo de los legendarios a\u00f1os veinte en los que todo parec\u00eda posible, tiempo de felicidad entre el horror de la Primera Guerra Mundial y la barbarie de la Segunda. Con los dem\u00e1s protagonistas, forma parte de la Generaci\u00f3n Perdida, los \u00abj\u00f3venes tristes\u00bb que personificaron el mito de la pasi\u00f3n y el desafecto, la literatura que se funde con la vida.<\/p>\n<p>Publicada por primera vez en 1925,\u00a0<i>El gran Gatsby<\/i>\u00a0est\u00e1 considerada La Gran Novela Americana. Simboliza el triunfo, la perpetua juventud y el deslumbramiento que desembocan en la tragedia, la decadencia y la ca\u00edda, vicisitudes reflejadas con asombrosa precisi\u00f3n en la propia vida de Fitzgerald.<\/p>\n<\/div>\n","protected":false},"excerpt":{"rendered":"<p>F. Scott Fitzgerald<br \/>\n192 p\u00e1ginas<\/p>\n","protected":false},"featured_media":7211,"template":"","meta":{"_joinchat":[]},"product_brand":[],"product_cat":[42,70],"product_tag":[34],"class_list":{"0":"post-7210","1":"product","2":"type-product","3":"status-publish","4":"has-post-thumbnail","6":"product_cat-literatura-clasica","7":"product_cat-novedades","8":"product_tag-penguin-random-house","10":"first","11":"instock","12":"shipping-taxable","13":"purchasable","14":"product-type-simple"},"_links":{"self":[{"href":"https:\/\/libreriahistoriasdebolsillo.com\/index.php\/wp-json\/wp\/v2\/product\/7210","targetHints":{"allow":["GET"]}}],"collection":[{"href":"https:\/\/libreriahistoriasdebolsillo.com\/index.php\/wp-json\/wp\/v2\/product"}],"about":[{"href":"https:\/\/libreriahistoriasdebolsillo.com\/index.php\/wp-json\/wp\/v2\/types\/product"}],"wp:featuredmedia":[{"embeddable":true,"href":"https:\/\/libreriahistoriasdebolsillo.com\/index.php\/wp-json\/wp\/v2\/media\/7211"}],"wp:attachment":[{"href":"https:\/\/libreriahistoriasdebolsillo.com\/index.php\/wp-json\/wp\/v2\/media?parent=7210"}],"wp:term":[{"taxonomy":"product_brand","embeddable":true,"href":"https:\/\/libreriahistoriasdebolsillo.com\/index.php\/wp-json\/wp\/v2\/product_brand?post=7210"},{"taxonomy":"product_cat","embeddable":true,"href":"https:\/\/libreriahistoriasdebolsillo.com\/index.php\/wp-json\/wp\/v2\/product_cat?post=7210"},{"taxonomy":"product_tag","embeddable":true,"href":"https:\/\/libreriahistoriasdebolsillo.com\/index.php\/wp-json\/wp\/v2\/product_tag?post=7210"}],"curies":[{"name":"wp","href":"https:\/\/api.w.org\/{rel}","templated":true}]}}