{"id":7212,"date":"2025-07-30T14:12:57","date_gmt":"2025-07-30T20:12:57","guid":{"rendered":"https:\/\/libreriahistoriasdebolsillo.com\/?post_type=product&#038;p=7212"},"modified":"2025-11-12T14:04:27","modified_gmt":"2025-11-12T20:04:27","slug":"mujeres-que-corren-con-los-lobos-campana-edicion-limitada","status":"publish","type":"product","link":"https:\/\/libreriahistoriasdebolsillo.com\/index.php\/producto\/mujeres-que-corren-con-los-lobos-campana-edicion-limitada\/","title":{"rendered":"Mujeres que corren con los lobos (Campa\u00f1a edici\u00f3n limitada)"},"content":{"rendered":"<div class=\"justify\">\n<p>\u00abEn toda mujer hay fuerzas poderosas pendientes de descubrir.\u00bb<\/p>\n<p>Mujeres que corren con los lobos es un fascinante mosaico de historias que nos ofrece una nueva visi\u00f3n de lo femenino y de sus posibilidades.<\/p>\n<\/div>\n<div class=\"justify\">\n<p>Dentro de toda mujer alienta una vida secreta, una fuerza poderosa llena de buenos instintos, creatividad y sabidur\u00eda. Es la Mujer Salvaje, una especie en peligro de extinci\u00f3n debido a los contantes esfuerzos de la sociedad por \u00abcivilizar\u00bb a las mujeres y constre\u00f1irlas a r\u00edgidos papeles que anulan su esencia instintiva.<\/p>\n<p>En este libro, Clarissa Pinkola Est\u00e9s revela ricos mitos interculturales, cuentos de hadas e historias (muchas de ellas relativas a su propia familia) para contribuir a que las mujeres recuperen su fuerza y su salud, atributos visionarios de esta esencia instintiva.<\/p>\n<p>Mediante los relatos y los comentarios de la autora, examinamos el amor y comprendemos a la Mujer Salvaje. Est\u00e9s ha creado una psicolog\u00eda femenina en un sentido m\u00e1s verdadero, el que lleva al conocimiento del alma.<\/p>\n<\/div>\n","protected":false},"excerpt":{"rendered":"<p>Clarissa Pinkola Est\u00e9s<br \/>\n784 p\u00e1ginas<\/p>\n","protected":false},"featured_media":7213,"template":"","meta":{"_joinchat":[]},"product_brand":[],"product_cat":[58,41,70],"product_tag":[34],"class_list":{"0":"post-7212","1":"product","2":"type-product","3":"status-publish","4":"has-post-thumbnail","6":"product_cat-desarrollo-humano-y-superacion","7":"product_cat-desarrollo-humano","8":"product_cat-novedades","9":"product_tag-penguin-random-house","11":"first","12":"outofstock","13":"shipping-taxable","14":"purchasable","15":"product-type-simple"},"_links":{"self":[{"href":"https:\/\/libreriahistoriasdebolsillo.com\/index.php\/wp-json\/wp\/v2\/product\/7212","targetHints":{"allow":["GET"]}}],"collection":[{"href":"https:\/\/libreriahistoriasdebolsillo.com\/index.php\/wp-json\/wp\/v2\/product"}],"about":[{"href":"https:\/\/libreriahistoriasdebolsillo.com\/index.php\/wp-json\/wp\/v2\/types\/product"}],"wp:featuredmedia":[{"embeddable":true,"href":"https:\/\/libreriahistoriasdebolsillo.com\/index.php\/wp-json\/wp\/v2\/media\/7213"}],"wp:attachment":[{"href":"https:\/\/libreriahistoriasdebolsillo.com\/index.php\/wp-json\/wp\/v2\/media?parent=7212"}],"wp:term":[{"taxonomy":"product_brand","embeddable":true,"href":"https:\/\/libreriahistoriasdebolsillo.com\/index.php\/wp-json\/wp\/v2\/product_brand?post=7212"},{"taxonomy":"product_cat","embeddable":true,"href":"https:\/\/libreriahistoriasdebolsillo.com\/index.php\/wp-json\/wp\/v2\/product_cat?post=7212"},{"taxonomy":"product_tag","embeddable":true,"href":"https:\/\/libreriahistoriasdebolsillo.com\/index.php\/wp-json\/wp\/v2\/product_tag?post=7212"}],"curies":[{"name":"wp","href":"https:\/\/api.w.org\/{rel}","templated":true}]}}