{"id":7214,"date":"2025-07-30T14:15:30","date_gmt":"2025-07-30T20:15:30","guid":{"rendered":"https:\/\/libreriahistoriasdebolsillo.com\/?post_type=product&#038;p=7214"},"modified":"2025-12-02T11:19:23","modified_gmt":"2025-12-02T17:19:23","slug":"cronica-del-asesino-de-reyes-1-el-nombre-del-viento-edicion-especial-tapa-dura","status":"publish","type":"product","link":"https:\/\/libreriahistoriasdebolsillo.com\/index.php\/producto\/cronica-del-asesino-de-reyes-1-el-nombre-del-viento-edicion-especial-tapa-dura\/","title":{"rendered":"Cr\u00f3nica del asesino de reyes 1. El nombre del viento (Edici\u00f3n especial tapa dura)"},"content":{"rendered":"<div class=\"justify\">\n<p><b>At\u00edpica, profunda y sincera,\u00a0<\/b><i><b>El nombre del viento<\/b><\/i><b>\u00a0es una novela de aventuras, de historias dentro de otras historias, de misterio, de amistad, de amor, de magia y de superaci\u00f3n.<\/b><\/p>\n<p>&nbsp;<\/p>\n<p><b>La novela que ha consagrado a Patrick Rothfuss como fen\u00f3meno editorial de los \u00faltimos a\u00f1os.<\/b><\/p>\n<\/div>\n<div class=\"justify\">\n<p>En una posada en tierra de nadie, un hombre se dispone a relatar, por primera vez, la aut\u00e9ntica historia de su vida. Una historia que \u00fanicamente \u00e9l conoce y que ha quedado diluida tras los rumores, las conjeturas y los cuentos de taberna que le han convertido en un personaje legendario a quien todos daban ya por muerto: Kvothe&#8230; m\u00fasico, mendigo, ladr\u00f3n, estudiante, mago, h\u00e9roe y asesino.<\/p>\n<p>Ahora va a revelar la verdad sobre s\u00ed mismo. Y para ello debe empezar por el principio: su infancia en una troupe de artistas itinerantes, los a\u00f1os malviviendo como un ladronzuelo en las calles de una gran ciudad y su llegada a una universidad donde esperaba encontrar todas las respuestas que hab\u00eda estado buscando.<\/p>\n<\/div>\n","protected":false},"excerpt":{"rendered":"<p>Patrick Rothfuss<br \/>\n880 p\u00e1ginas<\/p>\n","protected":false},"featured_media":7215,"template":"","meta":{"_joinchat":[]},"product_brand":[],"product_cat":[39,70],"product_tag":[34],"class_list":{"0":"post-7214","1":"product","2":"type-product","3":"status-publish","4":"has-post-thumbnail","6":"product_cat-fantasia","7":"product_cat-novedades","8":"product_tag-penguin-random-house","10":"first","11":"outofstock","12":"shipping-taxable","13":"purchasable","14":"product-type-simple"},"_links":{"self":[{"href":"https:\/\/libreriahistoriasdebolsillo.com\/index.php\/wp-json\/wp\/v2\/product\/7214","targetHints":{"allow":["GET"]}}],"collection":[{"href":"https:\/\/libreriahistoriasdebolsillo.com\/index.php\/wp-json\/wp\/v2\/product"}],"about":[{"href":"https:\/\/libreriahistoriasdebolsillo.com\/index.php\/wp-json\/wp\/v2\/types\/product"}],"wp:featuredmedia":[{"embeddable":true,"href":"https:\/\/libreriahistoriasdebolsillo.com\/index.php\/wp-json\/wp\/v2\/media\/7215"}],"wp:attachment":[{"href":"https:\/\/libreriahistoriasdebolsillo.com\/index.php\/wp-json\/wp\/v2\/media?parent=7214"}],"wp:term":[{"taxonomy":"product_brand","embeddable":true,"href":"https:\/\/libreriahistoriasdebolsillo.com\/index.php\/wp-json\/wp\/v2\/product_brand?post=7214"},{"taxonomy":"product_cat","embeddable":true,"href":"https:\/\/libreriahistoriasdebolsillo.com\/index.php\/wp-json\/wp\/v2\/product_cat?post=7214"},{"taxonomy":"product_tag","embeddable":true,"href":"https:\/\/libreriahistoriasdebolsillo.com\/index.php\/wp-json\/wp\/v2\/product_tag?post=7214"}],"curies":[{"name":"wp","href":"https:\/\/api.w.org\/{rel}","templated":true}]}}