{"id":7221,"date":"2025-07-30T14:22:49","date_gmt":"2025-07-30T20:22:49","guid":{"rendered":"https:\/\/libreriahistoriasdebolsillo.com\/?post_type=product&#038;p=7221"},"modified":"2025-12-02T11:20:07","modified_gmt":"2025-12-02T17:20:07","slug":"ficciones-edicion-conmemorativa-en-tapa-dura","status":"publish","type":"product","link":"https:\/\/libreriahistoriasdebolsillo.com\/index.php\/producto\/ficciones-edicion-conmemorativa-en-tapa-dura\/","title":{"rendered":"Ficciones (edici\u00f3n conmemorativa en tapa dura)"},"content":{"rendered":"<div class=\"justify\">\n<p><b>125.\u00ba ANIVERSARIO DE BORGES<\/b><\/p>\n<p><b>El libro fundamental de Jorge Luis Borges.<\/b><\/p>\n<\/div>\n<div class=\"justify\">\n<p><i>Pens\u00e9 en un laberinto, en un sinuoso laberinto creciente que abarcara el pasado y el porvenir y que implicara de alg\u00fan modo los astros.<\/i><\/p>\n<p><b><i>Ficciones<\/i><\/b>\u00a0es posiblemente la obra m\u00e1s reconocida de Jorge Luis Borges y un hito en la historia de la literatura. Aqu\u00ed se encuentran lo policiaco (<b>\u00abLa muerte y la br\u00fajula\u00bb<\/b>) y lo fant\u00e1stico (<b>\u00abLa loter\u00eda en Babilonia\u00bb<\/b>), lo irreal (<b>\u00abLas ruinas circulares\u00bb<\/b>) y lo imaginario (<b>\u00abTl\u00f6n, Uqbar, Orbis Tertius\u00bb<\/b>), el que Borges consider\u00f3 acaso su mejor cuento (<b>\u00abEl Sur\u00bb<\/b>) y uno de los comienzos m\u00e1s cautivadores de un relato jam\u00e1s escrito (<b>\u00abNadie lo vio desembarcar en la un\u00e1nime noche\u00bb<\/b>).Cada uno de los diecis\u00e9is cuentos reunidos en este libro es, en s\u00ed, pieza fundacional y celebraci\u00f3n del universo borgeano.<\/p>\n<p>Para algunos cr\u00edticos como Ricardo Piglia, la influencia de Borges es superior a la del Premio Nobel Garc\u00eda M\u00e1rquez, quien, por otra parte, confes\u00f3 siempre su rendida admiraci\u00f3n.\u00a0<i>Ficciones<\/i>\u00a0cambi\u00f3 el modo de escribir y de leer de las generaciones futuras.<\/p>\n<p><i>Ficciones<\/i>\u00a0de Jorge Luis Borges es considerado&#8230;<br \/>\n<b>Uno de los 100 mejores libros del siglo XX(<i>Le Monde<\/i>)<\/b><br \/>\n<b>Uno de los 100 mejores libros de todos los tiempos (Club de Libros de Noruega)<\/b><br \/>\n<b>Una de las 100 mejores novelas (<i>sic<\/i>) en espa\u00f1ol del siglo XX<i>\u00a0(El Mundo<\/i>)<\/b><\/p>\n<\/div>\n","protected":false},"excerpt":{"rendered":"<p>Jorge Luis Borges<br \/>\n224 p\u00e1ginas<\/p>\n","protected":false},"featured_media":7222,"template":"","meta":{"_joinchat":[]},"product_brand":[],"product_cat":[33,70],"product_tag":[34],"class_list":{"0":"post-7221","1":"product","2":"type-product","3":"status-publish","4":"has-post-thumbnail","6":"product_cat-ficcion-general","7":"product_cat-novedades","8":"product_tag-penguin-random-house","10":"first","11":"outofstock","12":"shipping-taxable","13":"purchasable","14":"product-type-simple"},"_links":{"self":[{"href":"https:\/\/libreriahistoriasdebolsillo.com\/index.php\/wp-json\/wp\/v2\/product\/7221","targetHints":{"allow":["GET"]}}],"collection":[{"href":"https:\/\/libreriahistoriasdebolsillo.com\/index.php\/wp-json\/wp\/v2\/product"}],"about":[{"href":"https:\/\/libreriahistoriasdebolsillo.com\/index.php\/wp-json\/wp\/v2\/types\/product"}],"wp:featuredmedia":[{"embeddable":true,"href":"https:\/\/libreriahistoriasdebolsillo.com\/index.php\/wp-json\/wp\/v2\/media\/7222"}],"wp:attachment":[{"href":"https:\/\/libreriahistoriasdebolsillo.com\/index.php\/wp-json\/wp\/v2\/media?parent=7221"}],"wp:term":[{"taxonomy":"product_brand","embeddable":true,"href":"https:\/\/libreriahistoriasdebolsillo.com\/index.php\/wp-json\/wp\/v2\/product_brand?post=7221"},{"taxonomy":"product_cat","embeddable":true,"href":"https:\/\/libreriahistoriasdebolsillo.com\/index.php\/wp-json\/wp\/v2\/product_cat?post=7221"},{"taxonomy":"product_tag","embeddable":true,"href":"https:\/\/libreriahistoriasdebolsillo.com\/index.php\/wp-json\/wp\/v2\/product_tag?post=7221"}],"curies":[{"name":"wp","href":"https:\/\/api.w.org\/{rel}","templated":true}]}}