{"id":7223,"date":"2025-07-30T14:24:54","date_gmt":"2025-07-30T20:24:54","guid":{"rendered":"https:\/\/libreriahistoriasdebolsillo.com\/?post_type=product&#038;p=7223"},"modified":"2025-12-02T11:21:01","modified_gmt":"2025-12-02T17:21:01","slug":"el-enigma-de-cain","status":"publish","type":"product","link":"https:\/\/libreriahistoriasdebolsillo.com\/index.php\/producto\/el-enigma-de-cain\/","title":{"rendered":"El enigma de Ca\u00edn"},"content":{"rendered":"<div class=\"justify\">\n<p><b>SEIS ASESINATOS. CIEN P\u00c1GINAS.<\/b><br \/>\n<b>MILLONES DE COMBINACIONES POSIBLES, PERO SOLO UNA ES LA CORRECTA.<\/b><\/p>\n<p><b>\u00bfPUEDES RESOLVER EL MISTERIO DE TORQUEMADA?<\/b><\/p>\n<\/div>\n<div class=\"justify\">\n<p>En 1934 se cre\u00f3 el rompecabezas literario m\u00e1s complicado jam\u00e1s escrito. Ahora, es un fen\u00f3meno viral que ha agotado ediciones en todos los pa\u00edses. Un enigma solo apto para las mentes m\u00e1s inquietas. Las cien p\u00e1ginas de este libro puzle est\u00e1n desordenadas y contienen seis misterios. Tendr\u00e1s que servirte de la l\u00f3gica y de una lectura inteligente para ordenarlas y poder revelar qui\u00e9nes son las v\u00edctimas de los seis cr\u00edmenes y sus respectivos asesinos.<\/p>\n<\/div>\n","protected":false},"excerpt":{"rendered":"<p>Torquemada<br \/>\n224 p\u00e1ginas<\/p>\n","protected":false},"featured_media":7224,"template":"","meta":{"_joinchat":[]},"product_brand":[],"product_cat":[37],"product_tag":[34],"class_list":{"0":"post-7223","1":"product","2":"type-product","3":"status-publish","4":"has-post-thumbnail","6":"product_cat-misterio-y-thriller","7":"product_tag-penguin-random-house","9":"first","10":"outofstock","11":"shipping-taxable","12":"purchasable","13":"product-type-simple"},"_links":{"self":[{"href":"https:\/\/libreriahistoriasdebolsillo.com\/index.php\/wp-json\/wp\/v2\/product\/7223","targetHints":{"allow":["GET"]}}],"collection":[{"href":"https:\/\/libreriahistoriasdebolsillo.com\/index.php\/wp-json\/wp\/v2\/product"}],"about":[{"href":"https:\/\/libreriahistoriasdebolsillo.com\/index.php\/wp-json\/wp\/v2\/types\/product"}],"wp:featuredmedia":[{"embeddable":true,"href":"https:\/\/libreriahistoriasdebolsillo.com\/index.php\/wp-json\/wp\/v2\/media\/7224"}],"wp:attachment":[{"href":"https:\/\/libreriahistoriasdebolsillo.com\/index.php\/wp-json\/wp\/v2\/media?parent=7223"}],"wp:term":[{"taxonomy":"product_brand","embeddable":true,"href":"https:\/\/libreriahistoriasdebolsillo.com\/index.php\/wp-json\/wp\/v2\/product_brand?post=7223"},{"taxonomy":"product_cat","embeddable":true,"href":"https:\/\/libreriahistoriasdebolsillo.com\/index.php\/wp-json\/wp\/v2\/product_cat?post=7223"},{"taxonomy":"product_tag","embeddable":true,"href":"https:\/\/libreriahistoriasdebolsillo.com\/index.php\/wp-json\/wp\/v2\/product_tag?post=7223"}],"curies":[{"name":"wp","href":"https:\/\/api.w.org\/{rel}","templated":true}]}}