{"id":7227,"date":"2025-07-30T14:29:56","date_gmt":"2025-07-30T20:29:56","guid":{"rendered":"https:\/\/libreriahistoriasdebolsillo.com\/?post_type=product&#038;p=7227"},"modified":"2026-03-10T15:26:16","modified_gmt":"2026-03-10T21:26:16","slug":"el-lobo","status":"publish","type":"product","link":"https:\/\/libreriahistoriasdebolsillo.com\/index.php\/producto\/el-lobo\/","title":{"rendered":"El lobo"},"content":{"rendered":"<div class=\"justify\">\n<p><b>El esperado regreso del autor del<\/b>\u00a0<b>best<\/b>\u00a0<b>seller internacional<\/b>\u00a0<i><b>Viajo sola<\/b><\/i>\u00a0<b>con una impactante precuela protagonizada por los inspectores<\/b>\u00a0<b>Kr\u00fcger y<\/b>\u00a0<b>Munch.<\/b><\/p>\n<\/div>\n<div class=\"justify\">\n<p>Un granjero descubre los cuerpos de dos ni\u00f1os de once a\u00f1os en un campo de Suecia junto a una liebre muerta. En el diario de uno de ellos hay una anotaci\u00f3n misteriosa: \u00abMa\u00f1ana hay luna llena. Tengo miedo del lobo\u00bb.<\/p>\n<p>Ocho a\u00f1os despu\u00e9s, los cad\u00e1veres de otros dos peque\u00f1os son encontrados en un terreno cerca de Oslo. El inspector Holger Munch, reci\u00e9n ascendido a jefe de una nueva unidad de investigaci\u00f3n, acaba de contratar a la joven polic\u00eda Mia Kr\u00fcger, que ha deslumbrado a todos en la academia por su intuici\u00f3n. En las fotos de la escena del crimen, Mia descubre un detalle que ha pasado desapercibido hasta ahora y que no augura nada bueno. Y entonces otros dos chicos desaparecen&#8230;<\/p>\n<\/div>\n","protected":false},"excerpt":{"rendered":"<p>Samuel Bj\u00f8rk<br \/>\n544 p\u00e1ginas<\/p>\n","protected":false},"featured_media":7228,"template":"","meta":{"_joinchat":[]},"product_brand":[],"product_cat":[37,51],"product_tag":[34],"class_list":{"0":"post-7227","1":"product","2":"type-product","3":"status-publish","4":"has-post-thumbnail","6":"product_cat-misterio-y-thriller","7":"product_cat-oferta","8":"product_tag-penguin-random-house","10":"first","11":"instock","12":"sale","13":"shipping-taxable","14":"purchasable","15":"product-type-simple"},"_links":{"self":[{"href":"https:\/\/libreriahistoriasdebolsillo.com\/index.php\/wp-json\/wp\/v2\/product\/7227","targetHints":{"allow":["GET"]}}],"collection":[{"href":"https:\/\/libreriahistoriasdebolsillo.com\/index.php\/wp-json\/wp\/v2\/product"}],"about":[{"href":"https:\/\/libreriahistoriasdebolsillo.com\/index.php\/wp-json\/wp\/v2\/types\/product"}],"wp:featuredmedia":[{"embeddable":true,"href":"https:\/\/libreriahistoriasdebolsillo.com\/index.php\/wp-json\/wp\/v2\/media\/7228"}],"wp:attachment":[{"href":"https:\/\/libreriahistoriasdebolsillo.com\/index.php\/wp-json\/wp\/v2\/media?parent=7227"}],"wp:term":[{"taxonomy":"product_brand","embeddable":true,"href":"https:\/\/libreriahistoriasdebolsillo.com\/index.php\/wp-json\/wp\/v2\/product_brand?post=7227"},{"taxonomy":"product_cat","embeddable":true,"href":"https:\/\/libreriahistoriasdebolsillo.com\/index.php\/wp-json\/wp\/v2\/product_cat?post=7227"},{"taxonomy":"product_tag","embeddable":true,"href":"https:\/\/libreriahistoriasdebolsillo.com\/index.php\/wp-json\/wp\/v2\/product_tag?post=7227"}],"curies":[{"name":"wp","href":"https:\/\/api.w.org\/{rel}","templated":true}]}}