{"id":723,"date":"2023-11-20T16:00:44","date_gmt":"2023-11-20T22:00:44","guid":{"rendered":"https:\/\/libreriahistoriasdebolsillo.com\/?post_type=product&#038;p=723"},"modified":"2024-02-06T17:25:35","modified_gmt":"2024-02-06T23:25:35","slug":"el-sabor-del-amor","status":"publish","type":"product","link":"https:\/\/libreriahistoriasdebolsillo.com\/index.php\/producto\/el-sabor-del-amor\/","title":{"rendered":"El sabor del amor"},"content":{"rendered":"<p>Para encontrar la combinaci\u00f3n perfecta, es mejor escuchar al coraz\u00f3n&#8230; Una talentosa chef mexicana trabaja en el m\u00e1s afamado restaurante franc\u00e9s de Nueva York. Sin embargo, la relaci\u00f3n con su jefe no puede ser peor: \u00e9l siempre quiere imponer su autoridad ante el esp\u00edritu libre de ella. Pero el amor no toca a la puerta antes de entrar. Entre platos e ingredientes que despiertan exquisitas sensaciones, \u00bfdisfrutar\u00e1 Luc\u00eda del sabor del amor?<\/p>\n","protected":false},"excerpt":{"rendered":"<p>Gustavo Vill\u00e9n<\/p>\n","protected":false},"featured_media":724,"template":"","meta":{"_joinchat":[]},"product_brand":[],"product_cat":[35],"product_tag":[48],"class_list":{"0":"post-723","1":"product","2":"type-product","3":"status-publish","4":"has-post-thumbnail","6":"product_cat-romantica","7":"product_tag-vr-editoras","9":"first","10":"outofstock","11":"shipping-taxable","12":"purchasable","13":"product-type-simple"},"_links":{"self":[{"href":"https:\/\/libreriahistoriasdebolsillo.com\/index.php\/wp-json\/wp\/v2\/product\/723","targetHints":{"allow":["GET"]}}],"collection":[{"href":"https:\/\/libreriahistoriasdebolsillo.com\/index.php\/wp-json\/wp\/v2\/product"}],"about":[{"href":"https:\/\/libreriahistoriasdebolsillo.com\/index.php\/wp-json\/wp\/v2\/types\/product"}],"wp:featuredmedia":[{"embeddable":true,"href":"https:\/\/libreriahistoriasdebolsillo.com\/index.php\/wp-json\/wp\/v2\/media\/724"}],"wp:attachment":[{"href":"https:\/\/libreriahistoriasdebolsillo.com\/index.php\/wp-json\/wp\/v2\/media?parent=723"}],"wp:term":[{"taxonomy":"product_brand","embeddable":true,"href":"https:\/\/libreriahistoriasdebolsillo.com\/index.php\/wp-json\/wp\/v2\/product_brand?post=723"},{"taxonomy":"product_cat","embeddable":true,"href":"https:\/\/libreriahistoriasdebolsillo.com\/index.php\/wp-json\/wp\/v2\/product_cat?post=723"},{"taxonomy":"product_tag","embeddable":true,"href":"https:\/\/libreriahistoriasdebolsillo.com\/index.php\/wp-json\/wp\/v2\/product_tag?post=723"}],"curies":[{"name":"wp","href":"https:\/\/api.w.org\/{rel}","templated":true}]}}