{"id":7232,"date":"2025-07-30T14:37:26","date_gmt":"2025-07-30T20:37:26","guid":{"rendered":"https:\/\/libreriahistoriasdebolsillo.com\/?post_type=product&#038;p=7232"},"modified":"2025-12-02T11:18:15","modified_gmt":"2025-12-02T17:18:15","slug":"watashi-no-nihongo-n5","status":"publish","type":"product","link":"https:\/\/libreriahistoriasdebolsillo.com\/index.php\/producto\/watashi-no-nihongo-n5\/","title":{"rendered":"Watashi no nihongo N5."},"content":{"rendered":"<p><span class=\"a-text-bold\">Watashi no nihongo: El mejor m\u00e9todo para aprender japon\u00e9s desde cero y prepararte el examen de NOKEN 5. \u00a1Aprende de forma divertida, ordenada!<\/span><\/p>\n<p>\u00bfQuieres aprender japon\u00e9s desde cero, pero no sabes por d\u00f3nde empezar? \u00bfTienes unos pocos conocimientos b\u00e1sicos pero te gustar\u00eda afianzarlos? \u00bfHas pensado en prepararte el ex\u00e1men para el NOKEN 5? No dudes m\u00e1s. Si quieres aprender japon\u00e9s de una manera divertida y creativa, este libro es para ti. CON EL M\u00c9TODO WATASHI APRENDER\u00c1S: \u2022 N\u00fameros, edades y horas \u2022 Diferenciar las m\u00faltiples part\u00edculas e interrogativos del japon\u00e9s \u2022 Utilizar los diferentes tiempos verbales (forma -TE, forma corta, estructuras gramaticales complejas) \u2022 Usar adjetivos, demostrativos y adverbios \u2022 Frases relativas \u2022 Citar frases, expresar pensamientos, contadores, etc. En definitiva&#8230; \u00a1TODO EL CONTENIDO DEL NOKEN 5!<\/p>\n","protected":false},"excerpt":{"rendered":"<p>336 p\u00e1ginas<\/p>\n","protected":false},"featured_media":7233,"template":"","meta":{"_joinchat":[]},"product_brand":[],"product_cat":[41],"product_tag":[34],"class_list":{"0":"post-7232","1":"product","2":"type-product","3":"status-publish","4":"has-post-thumbnail","6":"product_cat-desarrollo-humano","7":"product_tag-penguin-random-house","9":"first","10":"outofstock","11":"shipping-taxable","12":"purchasable","13":"product-type-simple"},"_links":{"self":[{"href":"https:\/\/libreriahistoriasdebolsillo.com\/index.php\/wp-json\/wp\/v2\/product\/7232","targetHints":{"allow":["GET"]}}],"collection":[{"href":"https:\/\/libreriahistoriasdebolsillo.com\/index.php\/wp-json\/wp\/v2\/product"}],"about":[{"href":"https:\/\/libreriahistoriasdebolsillo.com\/index.php\/wp-json\/wp\/v2\/types\/product"}],"wp:featuredmedia":[{"embeddable":true,"href":"https:\/\/libreriahistoriasdebolsillo.com\/index.php\/wp-json\/wp\/v2\/media\/7233"}],"wp:attachment":[{"href":"https:\/\/libreriahistoriasdebolsillo.com\/index.php\/wp-json\/wp\/v2\/media?parent=7232"}],"wp:term":[{"taxonomy":"product_brand","embeddable":true,"href":"https:\/\/libreriahistoriasdebolsillo.com\/index.php\/wp-json\/wp\/v2\/product_brand?post=7232"},{"taxonomy":"product_cat","embeddable":true,"href":"https:\/\/libreriahistoriasdebolsillo.com\/index.php\/wp-json\/wp\/v2\/product_cat?post=7232"},{"taxonomy":"product_tag","embeddable":true,"href":"https:\/\/libreriahistoriasdebolsillo.com\/index.php\/wp-json\/wp\/v2\/product_tag?post=7232"}],"curies":[{"name":"wp","href":"https:\/\/api.w.org\/{rel}","templated":true}]}}