{"id":7234,"date":"2025-07-30T14:39:45","date_gmt":"2025-07-30T20:39:45","guid":{"rendered":"https:\/\/libreriahistoriasdebolsillo.com\/?post_type=product&#038;p=7234"},"modified":"2025-12-30T15:54:24","modified_gmt":"2025-12-30T21:54:24","slug":"la-noche-del-8","status":"publish","type":"product","link":"https:\/\/libreriahistoriasdebolsillo.com\/index.php\/producto\/la-noche-del-8\/","title":{"rendered":"La noche del 8"},"content":{"rendered":"<p>La nueva novela del autor m\u00e1s vendido en Alemania. Es el d\u00eda ocho del mes ocho a las ocho de la tarde. P Tienes ochenta millones de enemigos. P \u00bfSobrevivir\u00e1s a la octava noche? P Es el momento de la loter\u00eda de la muerte. Cada uno de los participantes ha escrito un nombre en un papel pero solo uno ser\u00e1 el elegido en el sorteo. Esa noche, el ganador no estar\u00e1 protegido por la ley: todo el mundo puede matarlo sin temer ning\u00fan tipo de castigo y, adem\u00e1s, el asesino obtendr\u00e1 una recompensa de diez millones de euros. P No es un juego, es un peligroso experimento. \u00bfSer\u00e1s capaz de controlarlo? Imagina que tu nombre es el escogido.<\/p>\n","protected":false},"excerpt":{"rendered":"<p>Sebastian Fitzek<br \/>\n400 p\u00e1ginas<\/p>\n","protected":false},"featured_media":7235,"template":"","meta":{"_joinchat":[]},"product_brand":[],"product_cat":[37,51],"product_tag":[34],"class_list":{"0":"post-7234","1":"product","2":"type-product","3":"status-publish","4":"has-post-thumbnail","6":"product_cat-misterio-y-thriller","7":"product_cat-oferta","8":"product_tag-penguin-random-house","10":"first","11":"outofstock","12":"shipping-taxable","13":"purchasable","14":"product-type-simple"},"_links":{"self":[{"href":"https:\/\/libreriahistoriasdebolsillo.com\/index.php\/wp-json\/wp\/v2\/product\/7234","targetHints":{"allow":["GET"]}}],"collection":[{"href":"https:\/\/libreriahistoriasdebolsillo.com\/index.php\/wp-json\/wp\/v2\/product"}],"about":[{"href":"https:\/\/libreriahistoriasdebolsillo.com\/index.php\/wp-json\/wp\/v2\/types\/product"}],"wp:featuredmedia":[{"embeddable":true,"href":"https:\/\/libreriahistoriasdebolsillo.com\/index.php\/wp-json\/wp\/v2\/media\/7235"}],"wp:attachment":[{"href":"https:\/\/libreriahistoriasdebolsillo.com\/index.php\/wp-json\/wp\/v2\/media?parent=7234"}],"wp:term":[{"taxonomy":"product_brand","embeddable":true,"href":"https:\/\/libreriahistoriasdebolsillo.com\/index.php\/wp-json\/wp\/v2\/product_brand?post=7234"},{"taxonomy":"product_cat","embeddable":true,"href":"https:\/\/libreriahistoriasdebolsillo.com\/index.php\/wp-json\/wp\/v2\/product_cat?post=7234"},{"taxonomy":"product_tag","embeddable":true,"href":"https:\/\/libreriahistoriasdebolsillo.com\/index.php\/wp-json\/wp\/v2\/product_tag?post=7234"}],"curies":[{"name":"wp","href":"https:\/\/api.w.org\/{rel}","templated":true}]}}