{"id":7241,"date":"2025-08-04T11:42:58","date_gmt":"2025-08-04T17:42:58","guid":{"rendered":"https:\/\/libreriahistoriasdebolsillo.com\/?post_type=product&#038;p=7241"},"modified":"2025-12-08T14:01:08","modified_gmt":"2025-12-08T20:01:08","slug":"strange-2","status":"publish","type":"product","link":"https:\/\/libreriahistoriasdebolsillo.com\/index.php\/producto\/strange-2\/","title":{"rendered":"Strange 2"},"content":{"rendered":"<div class=\"justify\">\n<p><b>ES MOMENTO DEL DESENLACE.<\/b><\/p>\n<p><b>EN LA PRIMERA ENTREGA, NOLAN ENCONTR\u00d3 A UN AMIGO.<\/b><\/p>\n<p><b>MACK ENCONTR\u00d3 EL AMOR VERDADERO.<\/b><\/p>\n<\/div>\n<div class=\"justify\">\n<p>Ahora, MANTIS, la organizaci\u00f3n conocida por los crueles experimentos que realizaron con los trece ni\u00f1os del proyecto STRANGE, est\u00e1 detr\u00e1s de ellos. Quieren al n\u00famero uno de vuelta para encerrarlo de nuevo, as\u00ed que Ax, Vyd y la chica n\u00famero dos deber\u00e1n reunir a todos sus hermanos para poder luchar y liberarse.<\/p>\n<p>Mientras tanto, Mack y Nolan viven como refugiados, pero el lugar empieza a parecer una c\u00e1rcel, cuyos oscuros secretos podr\u00edan estar relacionados con el difunto padre de Mack: Godric Cavalier.<\/p>\n<p>\u00bfY si toda la historia de los STRANGE comenz\u00f3 con \u00e9l?<\/p>\n<p>\u00bfY si lo que parece real no lo es?<\/p>\n<p>\u00bfY si esta vez la oscuridad debe ganarle a la luz?<\/p>\n<p>Solo hay algo seguro: Ax pelear\u00e1 hasta el final.<\/p>\n<\/div>\n","protected":false},"excerpt":{"rendered":"<p>Alex M\u00edrez<br \/>\n360 p\u00e1ginas<\/p>\n","protected":false},"featured_media":7242,"template":"","meta":{"_joinchat":[]},"product_brand":[],"product_cat":[52,70],"product_tag":[34],"class_list":{"0":"post-7241","1":"product","2":"type-product","3":"status-publish","4":"has-post-thumbnail","6":"product_cat-juvenil","7":"product_cat-novedades","8":"product_tag-penguin-random-house","10":"first","11":"outofstock","12":"shipping-taxable","13":"purchasable","14":"product-type-simple"},"_links":{"self":[{"href":"https:\/\/libreriahistoriasdebolsillo.com\/index.php\/wp-json\/wp\/v2\/product\/7241","targetHints":{"allow":["GET"]}}],"collection":[{"href":"https:\/\/libreriahistoriasdebolsillo.com\/index.php\/wp-json\/wp\/v2\/product"}],"about":[{"href":"https:\/\/libreriahistoriasdebolsillo.com\/index.php\/wp-json\/wp\/v2\/types\/product"}],"wp:featuredmedia":[{"embeddable":true,"href":"https:\/\/libreriahistoriasdebolsillo.com\/index.php\/wp-json\/wp\/v2\/media\/7242"}],"wp:attachment":[{"href":"https:\/\/libreriahistoriasdebolsillo.com\/index.php\/wp-json\/wp\/v2\/media?parent=7241"}],"wp:term":[{"taxonomy":"product_brand","embeddable":true,"href":"https:\/\/libreriahistoriasdebolsillo.com\/index.php\/wp-json\/wp\/v2\/product_brand?post=7241"},{"taxonomy":"product_cat","embeddable":true,"href":"https:\/\/libreriahistoriasdebolsillo.com\/index.php\/wp-json\/wp\/v2\/product_cat?post=7241"},{"taxonomy":"product_tag","embeddable":true,"href":"https:\/\/libreriahistoriasdebolsillo.com\/index.php\/wp-json\/wp\/v2\/product_tag?post=7241"}],"curies":[{"name":"wp","href":"https:\/\/api.w.org\/{rel}","templated":true}]}}