{"id":7245,"date":"2025-08-04T11:48:56","date_gmt":"2025-08-04T17:48:56","guid":{"rendered":"https:\/\/libreriahistoriasdebolsillo.com\/?post_type=product&#038;p=7245"},"modified":"2026-02-10T16:11:14","modified_gmt":"2026-02-10T22:11:14","slug":"al-dia-siguiente-de-la-conquista","status":"publish","type":"product","link":"https:\/\/libreriahistoriasdebolsillo.com\/index.php\/producto\/al-dia-siguiente-de-la-conquista\/","title":{"rendered":"Al d\u00eda siguiente de la conquista"},"content":{"rendered":"<div class=\"justify\">\n<p><b>Luego del \u00e9xito rotundo de\u00a0<i>El regreso de Quetzalc\u00f3atl<\/i>\u00a0y de\u00a0<i>Hern\u00e1n Cort\u00e9s<\/i>, J. M. Zunzunegui regresa con\u00a0<i>Al d\u00eda siguiente de la conquista<\/i>, un libro que te desafiar\u00e1 a cambiar la narrativa aprendida en torno a la conquista.<\/b><\/p>\n<p><b>\u00bfC\u00f3mo ser\u00eda M\u00e9xico sin el encuentro de estos dos mundos?<\/b><\/p>\n<\/div>\n<div class=\"justify\">\n<p>Un libro revelador y apasionante que desentra\u00f1a las verdades ocultas de la historia detr\u00e1s de la conquista. Un libro que invita a la reflexi\u00f3n sobre el v\u00ednculo entre M\u00e9xico y Espa\u00f1a. Autor de una vasta y celebrada obra,\u00a0<b>J. M. Zunzunegui\u00a0<\/b>cuestiona aqu\u00ed la versi\u00f3n oficial de la conquista espa\u00f1ola, explorando las din\u00e1micas entre\u00a0<b>espa\u00f1oles<\/b>,\u00a0<b>tlaxcaltecas<\/b>\u00a0y\u00a0<b>texcocanos<\/b>, quienes, sin saberlo, comenzaron a construir un nuevo mundo: un mestizaje cultural marcado por encuentros, tensiones y transformaciones.<\/p>\n<p>En\u00a0<b><i>Al d\u00eda siguiente de la conquista<\/i><\/b>, Zunzunegui responde preguntas fundamentales: \u00bfla historia de la conquista que aprendemos en la escuela es la m\u00e1s fiel a la realidad?, \u00bfel enemigo de la conquista es realmente como nos lo han contado?, \u00bfc\u00f3mo influyen la conquista y la colonia en la identidad y mentalidad del M\u00e9xico actual? M\u00e1s que una historia de traiciones y errores, la conquista tambi\u00e9n representa un proceso de cambio y complejidad, cuyo legado sigue moldeando nuestra sociedad hasta hoy.<\/p>\n<p><i>\u00abAl d\u00eda siguiente de la conquista, comenz\u00f3 a nacer un imperio, y lo hicimos juntos, los de ambas orillas del oc\u00e9ano.\u00bb<\/i><\/p>\n<\/div>\n","protected":false},"excerpt":{"rendered":"<p>Juan Miguel Zunzunegui<\/p>\n<p>272 p\u00e1ginas<\/p>\n","protected":false},"featured_media":7246,"template":"","meta":{"_joinchat":[]},"product_brand":[],"product_cat":[56,70],"product_tag":[34],"class_list":{"0":"post-7245","1":"product","2":"type-product","3":"status-publish","4":"has-post-thumbnail","6":"product_cat-historica","7":"product_cat-novedades","8":"product_tag-penguin-random-house","10":"first","11":"outofstock","12":"shipping-taxable","13":"purchasable","14":"product-type-simple"},"_links":{"self":[{"href":"https:\/\/libreriahistoriasdebolsillo.com\/index.php\/wp-json\/wp\/v2\/product\/7245","targetHints":{"allow":["GET"]}}],"collection":[{"href":"https:\/\/libreriahistoriasdebolsillo.com\/index.php\/wp-json\/wp\/v2\/product"}],"about":[{"href":"https:\/\/libreriahistoriasdebolsillo.com\/index.php\/wp-json\/wp\/v2\/types\/product"}],"wp:featuredmedia":[{"embeddable":true,"href":"https:\/\/libreriahistoriasdebolsillo.com\/index.php\/wp-json\/wp\/v2\/media\/7246"}],"wp:attachment":[{"href":"https:\/\/libreriahistoriasdebolsillo.com\/index.php\/wp-json\/wp\/v2\/media?parent=7245"}],"wp:term":[{"taxonomy":"product_brand","embeddable":true,"href":"https:\/\/libreriahistoriasdebolsillo.com\/index.php\/wp-json\/wp\/v2\/product_brand?post=7245"},{"taxonomy":"product_cat","embeddable":true,"href":"https:\/\/libreriahistoriasdebolsillo.com\/index.php\/wp-json\/wp\/v2\/product_cat?post=7245"},{"taxonomy":"product_tag","embeddable":true,"href":"https:\/\/libreriahistoriasdebolsillo.com\/index.php\/wp-json\/wp\/v2\/product_tag?post=7245"}],"curies":[{"name":"wp","href":"https:\/\/api.w.org\/{rel}","templated":true}]}}