{"id":7247,"date":"2025-08-04T11:51:13","date_gmt":"2025-08-04T17:51:13","guid":{"rendered":"https:\/\/libreriahistoriasdebolsillo.com\/?post_type=product&#038;p=7247"},"modified":"2025-12-08T14:00:46","modified_gmt":"2025-12-08T20:00:46","slug":"la-muerte-ajena","status":"publish","type":"product","link":"https:\/\/libreriahistoriasdebolsillo.com\/index.php\/producto\/la-muerte-ajena\/","title":{"rendered":"La muerte ajena"},"content":{"rendered":"<div class=\"justify\">\n<p><b>Una novela audaz e incisiva, un thriller con ramificaciones pol\u00edticas y un tema central de escalofriante actualidad.<\/b><\/p>\n<p>\u00abCada libro de Claudia Pi\u00f1eiro es un reto, para ella y para los lectores. Una lectura que no puede dejar a nadie indiferente, textos que aprovechan los intersticios del g\u00e9nero negro para hacer gran literatura. [\u2026] Todo cuadra, todo fluye. Una obra magn\u00edfica\u00bb.<\/p>\n<p><b>Juan Carlos Galindo,\u00a0<i>Babelia<\/i><\/b><\/p>\n<\/div>\n<div class=\"justify\">\n<p>\u00abJuliana cae al vac\u00edo, lleva un vestido blanco, vaporoso, que se agita en el aire, pero en vez de estrellarse contra el piso, justo antes de llegar, mueve sus brazos y vuela como una mariposa\u00bb. Ver\u00f3nica Balda es periodista y conduce uno de los programas de radio m\u00e1s escuchados de la ma\u00f1ana. Cierto d\u00eda, recibe una noticia que cambiar\u00e1 por completo el curso de su vida: una joven cay\u00f3 de un quinto piso en el barrio de Recoleta. El departamento pertenece a un reconocido empresario agropecuario y la muerte de la mujer es mucho m\u00e1s que una noticia alarmante. Ver\u00f3nica sabe qui\u00e9n es, una historia densa y secreta las conecta. A medida que se desarrolle la novela, el lector conocer\u00e1 diferentes versiones de los hechos, revelando c\u00f3mo un relato puede ser multifac\u00e9tico y subjetivo, repleto de artificios y supuestos. Maestra en la construcci\u00f3n de atm\u00f3sferas inquietantes y el manejo de la tensi\u00f3n narrativa,\u00a0<b>Claudia Pi\u00f1eiro<\/b>\u00a0aborda de forma audaz un tema de escalofriante actualidad, y desnuda, a trav\u00e9s de la siempre fascinante posibilidad de la ficci\u00f3n, uno de los v\u00ednculos m\u00e1s oscuros, \u00edntimos y antiguos: el de la prostituci\u00f3n VIP con el poder de turno.<\/p>\n<\/div>\n","protected":false},"excerpt":{"rendered":"<p>Claudia Pi\u00f1eiro<br \/>\n384 p\u00e1ginas<\/p>\n","protected":false},"featured_media":7248,"template":"","meta":{"_joinchat":[]},"product_brand":[],"product_cat":[33,37,70],"product_tag":[34],"class_list":{"0":"post-7247","1":"product","2":"type-product","3":"status-publish","4":"has-post-thumbnail","6":"product_cat-ficcion-general","7":"product_cat-misterio-y-thriller","8":"product_cat-novedades","9":"product_tag-penguin-random-house","11":"first","12":"outofstock","13":"shipping-taxable","14":"purchasable","15":"product-type-simple"},"_links":{"self":[{"href":"https:\/\/libreriahistoriasdebolsillo.com\/index.php\/wp-json\/wp\/v2\/product\/7247","targetHints":{"allow":["GET"]}}],"collection":[{"href":"https:\/\/libreriahistoriasdebolsillo.com\/index.php\/wp-json\/wp\/v2\/product"}],"about":[{"href":"https:\/\/libreriahistoriasdebolsillo.com\/index.php\/wp-json\/wp\/v2\/types\/product"}],"wp:featuredmedia":[{"embeddable":true,"href":"https:\/\/libreriahistoriasdebolsillo.com\/index.php\/wp-json\/wp\/v2\/media\/7248"}],"wp:attachment":[{"href":"https:\/\/libreriahistoriasdebolsillo.com\/index.php\/wp-json\/wp\/v2\/media?parent=7247"}],"wp:term":[{"taxonomy":"product_brand","embeddable":true,"href":"https:\/\/libreriahistoriasdebolsillo.com\/index.php\/wp-json\/wp\/v2\/product_brand?post=7247"},{"taxonomy":"product_cat","embeddable":true,"href":"https:\/\/libreriahistoriasdebolsillo.com\/index.php\/wp-json\/wp\/v2\/product_cat?post=7247"},{"taxonomy":"product_tag","embeddable":true,"href":"https:\/\/libreriahistoriasdebolsillo.com\/index.php\/wp-json\/wp\/v2\/product_tag?post=7247"}],"curies":[{"name":"wp","href":"https:\/\/api.w.org\/{rel}","templated":true}]}}