{"id":7249,"date":"2025-08-04T11:53:03","date_gmt":"2025-08-04T17:53:03","guid":{"rendered":"https:\/\/libreriahistoriasdebolsillo.com\/?post_type=product&#038;p=7249"},"modified":"2025-12-08T14:00:26","modified_gmt":"2025-12-08T20:00:26","slug":"la-costurera-de-chanel","status":"publish","type":"product","link":"https:\/\/libreriahistoriasdebolsillo.com\/index.php\/producto\/la-costurera-de-chanel\/","title":{"rendered":"La costurera de Chanel"},"content":{"rendered":"<div class=\"justify\">\n<p><b>Comienza el verano en Arcachon, una peque\u00f1a ciudad de pro<\/b><\/p>\n<p><b>&#8211;<\/b><\/p>\n<p><b>vincias francesa, y Simone Leblanc se propone reabrir el taller<\/b><\/p>\n<p><b>de costura fundado por su abuela. Impulsada por la fuerza de<\/b><\/p>\n<p><b>su creatividad, y con ayuda de Teresa, su ama de llaves y confi<\/b><\/p>\n<p><b>&#8211;<\/b><\/p>\n<p><b>dente, trabajan en la remodelaci\u00f3n y al inicio de la temporada<\/b><\/p>\n<p><b>sus dise\u00f1os ya est\u00e1n expuestos en el escaparate y el taller vuelve<\/b><\/p>\n<p><b>a llenarse de clientes.<\/b><\/p>\n<\/div>\n<div class=\"justify\">\n<p>Pero Simone aspira a m\u00e1s: se libera del cors\u00e9, aligera los vestidos, prefiere el lino y el algod\u00f3n a la seda, experimenta con los trajes de ba\u00f1o, creando patrones simples con g\u00e9neros rompedores para su \u00e9poca.<\/p>\n<p>Hasta que una veraneante parisina, quien se presenta como Gabrielle Chanel, irrumpe en la tienda y, con su gran ojo para reconocer el talento ajeno, le propone trabajar juntas. As\u00ed comienza una colaboraci\u00f3n que revolucionar\u00e1 la indumentaria femenina y sentar\u00e1 las bases de la nueva elegancia, llev\u00e1ndolas de un balneario de la costa atl\u00e1ntica al Par\u00eds de la Primera Guerra Mundial, y de la Cuba de los a\u00f1os treinta a la Francia ocupada por los nazis, y se desarrolla una sinuosa y compleja amistad con inesperado desenlace.<\/p>\n<p>Wendy Guerra combina realidad y ficci\u00f3n, su talento literario y su pasi\u00f3n por la moda para entretejer el destino de estas mujeres que no dudar\u00e1n en arriesgarlo todo por cumplir sus sue\u00f1os.<\/p>\n<\/div>\n","protected":false},"excerpt":{"rendered":"<p>Wendy Guerra<br \/>\n376 p\u00e1ginas<\/p>\n","protected":false},"featured_media":7250,"template":"","meta":{"_joinchat":[]},"product_brand":[],"product_cat":[33,70],"product_tag":[34],"class_list":{"0":"post-7249","1":"product","2":"type-product","3":"status-publish","4":"has-post-thumbnail","6":"product_cat-ficcion-general","7":"product_cat-novedades","8":"product_tag-penguin-random-house","10":"first","11":"outofstock","12":"shipping-taxable","13":"purchasable","14":"product-type-simple"},"_links":{"self":[{"href":"https:\/\/libreriahistoriasdebolsillo.com\/index.php\/wp-json\/wp\/v2\/product\/7249","targetHints":{"allow":["GET"]}}],"collection":[{"href":"https:\/\/libreriahistoriasdebolsillo.com\/index.php\/wp-json\/wp\/v2\/product"}],"about":[{"href":"https:\/\/libreriahistoriasdebolsillo.com\/index.php\/wp-json\/wp\/v2\/types\/product"}],"wp:featuredmedia":[{"embeddable":true,"href":"https:\/\/libreriahistoriasdebolsillo.com\/index.php\/wp-json\/wp\/v2\/media\/7250"}],"wp:attachment":[{"href":"https:\/\/libreriahistoriasdebolsillo.com\/index.php\/wp-json\/wp\/v2\/media?parent=7249"}],"wp:term":[{"taxonomy":"product_brand","embeddable":true,"href":"https:\/\/libreriahistoriasdebolsillo.com\/index.php\/wp-json\/wp\/v2\/product_brand?post=7249"},{"taxonomy":"product_cat","embeddable":true,"href":"https:\/\/libreriahistoriasdebolsillo.com\/index.php\/wp-json\/wp\/v2\/product_cat?post=7249"},{"taxonomy":"product_tag","embeddable":true,"href":"https:\/\/libreriahistoriasdebolsillo.com\/index.php\/wp-json\/wp\/v2\/product_tag?post=7249"}],"curies":[{"name":"wp","href":"https:\/\/api.w.org\/{rel}","templated":true}]}}