{"id":725,"date":"2023-11-20T16:02:45","date_gmt":"2023-11-20T22:02:45","guid":{"rendered":"https:\/\/libreriahistoriasdebolsillo.com\/?post_type=product&#038;p=725"},"modified":"2026-02-04T16:42:13","modified_gmt":"2026-02-04T22:42:13","slug":"cartas-de-amor-a-los-muertos","status":"publish","type":"product","link":"https:\/\/libreriahistoriasdebolsillo.com\/index.php\/producto\/cartas-de-amor-a-los-muertos\/","title":{"rendered":"Cartas de amor a los muertos"},"content":{"rendered":"<p>Todo comienza con un trabajo para la clase de Literatura: escribir una carta a una persona muerta. Laurel decide escribirle a Kurt Cobain, quien muri\u00f3 joven como May, su hermana. Luego de la primera carta, ya no puede detenerse, y escribir\u00e1 otras a Janis Joplin, Arny Winehouse, Jim Morrison y Heath Ledger, entre otros personajes famosos. Sin embargo, no le entrega ninguna a su profesora. La tarea permanece oculta&#8230; como tantas cosas de su vida. Laurel escribe sobre lo que le pasa c\u00f3mo se siente empezar en otra escuela, lo dif\u00edcil que es forjar nuevas amistades, c\u00f3mo es el primer amor o vivir con padres separados lo m\u00e1s importante, escribe sobre la muerte de May. De esta manera, comienza a relacionar las cosas que comparti\u00f3 con su hermana y sus experiencias personales, con las vidas y muertes de estos \u00edconos. Cuando escriba la verdad sobre lo que le ocurri\u00f3, podr\u00e1 aceptar la muerte de May y solo as\u00ed lograr\u00e1 verla y recordarla como la persona que siempre fue: adorable, asombrosa e&#8230; imperfecta.<\/p>\n","protected":false},"excerpt":{"rendered":"<p>Ava Dellaira<\/p>\n","protected":false},"featured_media":726,"template":"","meta":{"_joinchat":[]},"product_brand":[],"product_cat":[52],"product_tag":[48],"class_list":{"0":"post-725","1":"product","2":"type-product","3":"status-publish","4":"has-post-thumbnail","6":"product_cat-juvenil","7":"product_tag-vr-editoras","9":"first","10":"instock","11":"shipping-taxable","12":"purchasable","13":"product-type-simple"},"_links":{"self":[{"href":"https:\/\/libreriahistoriasdebolsillo.com\/index.php\/wp-json\/wp\/v2\/product\/725","targetHints":{"allow":["GET"]}}],"collection":[{"href":"https:\/\/libreriahistoriasdebolsillo.com\/index.php\/wp-json\/wp\/v2\/product"}],"about":[{"href":"https:\/\/libreriahistoriasdebolsillo.com\/index.php\/wp-json\/wp\/v2\/types\/product"}],"wp:featuredmedia":[{"embeddable":true,"href":"https:\/\/libreriahistoriasdebolsillo.com\/index.php\/wp-json\/wp\/v2\/media\/726"}],"wp:attachment":[{"href":"https:\/\/libreriahistoriasdebolsillo.com\/index.php\/wp-json\/wp\/v2\/media?parent=725"}],"wp:term":[{"taxonomy":"product_brand","embeddable":true,"href":"https:\/\/libreriahistoriasdebolsillo.com\/index.php\/wp-json\/wp\/v2\/product_brand?post=725"},{"taxonomy":"product_cat","embeddable":true,"href":"https:\/\/libreriahistoriasdebolsillo.com\/index.php\/wp-json\/wp\/v2\/product_cat?post=725"},{"taxonomy":"product_tag","embeddable":true,"href":"https:\/\/libreriahistoriasdebolsillo.com\/index.php\/wp-json\/wp\/v2\/product_tag?post=725"}],"curies":[{"name":"wp","href":"https:\/\/api.w.org\/{rel}","templated":true}]}}