{"id":7251,"date":"2025-08-04T11:55:50","date_gmt":"2025-08-04T17:55:50","guid":{"rendered":"https:\/\/libreriahistoriasdebolsillo.com\/?post_type=product&#038;p=7251"},"modified":"2026-03-27T17:27:06","modified_gmt":"2026-03-27T23:27:06","slug":"dominio-1-boss","status":"publish","type":"product","link":"https:\/\/libreriahistoriasdebolsillo.com\/index.php\/producto\/dominio-1-boss\/","title":{"rendered":"Dominio 1. Boss"},"content":{"rendered":"<div class=\"justify\">\n<p><b>Dentro de las filas sangrientas de la mafia<\/b>\u00a0<b>rusa ninguna ofensa queda sin cobrarse y<\/b>\u00a0<b>todo se juega bajo una regla inquebrantable:<\/b><\/p>\n<p><b>NO TE ENAMORES DE LA PRESA.<\/b><\/p>\n<\/div>\n<div class=\"justify\">\n<p>Tras el asesinato de su hermana, el\u00a0<b>Boss de la mafia rusa<\/b>\u00a0pone sus ojos sobre una de las familias m\u00e1s importantes de la milicia: los\u00a0<b>James<\/b>.<\/p>\n<p><b>Emma James<\/b>\u00a0es el nuevo blanco, el cordero marcado para el sacrificio en un juego donde las reglas ya han sido escritas con sangre.<\/p>\n<p><b>Ilenko<\/b><b>\u00a0Romanov<\/b>, el implacable Boss, y\u00a0<b>Vlad\u00edmir<\/b>, su despiadado heredero, conocen bien el peligro que representa unaJames en\u00a0<b>su territorio<\/b>, pero Emma no est\u00e1 dispuesta a morir y por su supervivencia deber\u00e1 enfrentarse a uno de los hombres<b>m\u00e1s peligrosos<\/b>\u00a0de la mafia: un ejecutor cuyos dedos manchados de sangre mueven los hilos del\u00a0<b>inframundo ruso<\/b>\u00a0con la frialdad de quien ha nacido para gobernar en las sombras.<\/p>\n<p>Ella no tiene armas, no tiene ej\u00e9rcito, solo tiene unos\u00a0<b>ojos que<\/b>\u00a0<b>hipnotizan<\/b>\u00a0y una determinaci\u00f3n m\u00e1s letal que cualquier bala. Un solo deseo la acompa\u00f1a:\u00a0<b>sobrevivir<\/b>\u00a0a sus cazadores.<\/p>\n<p>Depredador y presa se enfrentar\u00e1n en una historia cargada de oscuridad pura,\u00a0<b>deseos sucios<\/b>, gustos culposos y secretos peligrosos, donde las luchas no solo ser\u00e1n cuerpo a cuerpo, sino tambi\u00e9n\u00a0<b>bajo las s\u00e1banas<\/b>.<\/p>\n<\/div>\n","protected":false},"excerpt":{"rendered":"<p>Eva Mu\u00f1oz<br \/>\n928 p\u00e1ginas<\/p>\n","protected":false},"featured_media":7252,"template":"","meta":{"_joinchat":[]},"product_brand":[],"product_cat":[63,70],"product_tag":[34],"class_list":{"0":"post-7251","1":"product","2":"type-product","3":"status-publish","4":"has-post-thumbnail","6":"product_cat-dark-romance","7":"product_cat-novedades","8":"product_tag-penguin-random-house","10":"first","11":"outofstock","12":"shipping-taxable","13":"purchasable","14":"product-type-simple"},"_links":{"self":[{"href":"https:\/\/libreriahistoriasdebolsillo.com\/index.php\/wp-json\/wp\/v2\/product\/7251","targetHints":{"allow":["GET"]}}],"collection":[{"href":"https:\/\/libreriahistoriasdebolsillo.com\/index.php\/wp-json\/wp\/v2\/product"}],"about":[{"href":"https:\/\/libreriahistoriasdebolsillo.com\/index.php\/wp-json\/wp\/v2\/types\/product"}],"wp:featuredmedia":[{"embeddable":true,"href":"https:\/\/libreriahistoriasdebolsillo.com\/index.php\/wp-json\/wp\/v2\/media\/7252"}],"wp:attachment":[{"href":"https:\/\/libreriahistoriasdebolsillo.com\/index.php\/wp-json\/wp\/v2\/media?parent=7251"}],"wp:term":[{"taxonomy":"product_brand","embeddable":true,"href":"https:\/\/libreriahistoriasdebolsillo.com\/index.php\/wp-json\/wp\/v2\/product_brand?post=7251"},{"taxonomy":"product_cat","embeddable":true,"href":"https:\/\/libreriahistoriasdebolsillo.com\/index.php\/wp-json\/wp\/v2\/product_cat?post=7251"},{"taxonomy":"product_tag","embeddable":true,"href":"https:\/\/libreriahistoriasdebolsillo.com\/index.php\/wp-json\/wp\/v2\/product_tag?post=7251"}],"curies":[{"name":"wp","href":"https:\/\/api.w.org\/{rel}","templated":true}]}}