{"id":7253,"date":"2025-08-04T11:58:39","date_gmt":"2025-08-04T17:58:39","guid":{"rendered":"https:\/\/libreriahistoriasdebolsillo.com\/?post_type=product&#038;p=7253"},"modified":"2025-12-08T14:00:07","modified_gmt":"2025-12-08T20:00:07","slug":"cancion-de-hielo-y-fuego-4-festin-de-cuervos-tapa-dura","status":"publish","type":"product","link":"https:\/\/libreriahistoriasdebolsillo.com\/index.php\/producto\/cancion-de-hielo-y-fuego-4-festin-de-cuervos-tapa-dura\/","title":{"rendered":"Canci\u00f3n de hielo y fuego 4. Fest\u00edn de cuervos (tapa dura)"},"content":{"rendered":"<div class=\"justify\">\n<p><b>\u2014 \u00bfQU\u00c9 ES LO QUE M\u00c1S<\/b>\u00a0<b>DESEA NUESTRO CORAZ\u00d3N?<\/b>\u00a0<b>\u2014 PREGUNT\u00d3 ARIANNE,<\/b>\u00a0<b>ENTRECERRANDO LOS OJOS.<\/b><\/p>\n<p align=\"CENTER\"><b>\u2014 VENGANZA. \u2014 HABLABA EN<\/b>\u00a0<b>VOZ BAJA, COMO SI TEMIERA QUE<\/b>\u00a0<b>PUDIERAN O\u00cdRLO \u2014. JUSTICIA.<\/b><\/p>\n<\/div>\n<div class=\"justify\">\n<p>Entre campos de batalla llenos de fantasmas y l\u00fagubres fortalezas en ruinas, entre ciudades convertidas en<b>\u00a0cementerios<\/b>\u00a0y tierras reducidas a osarios, la guerra de\u00a0<b>los Cinco Reyes<\/b>\u00a0toca a su\u00a0<b>fin<\/b>. La casa\u00a0<b>Lannister<\/b>\u00a0y sus aliados parecen haber salido victoriosos. Sin embargo, algo se remueve en las entra\u00f1as de los\u00a0<b>Siete Reinos<\/b>\u00a0y, mientras cuervos en forma humana se dan un fest\u00edn de cenizas, se forjan nuevas alianzas y complots. Pero incluso en esta\u00a0<b>paz del rey<\/b>, aparentemente consolidada, fuerzas inesperadas se preparan para lanzar un ataque sangriento. Los hombres del hierro, liderados por\u00a0<b>Ojo de Cuervo<\/b>, herederos de un culto olvidado, atacan el suroeste, lo que obliga al\u00a0<b>Trono<\/b>\u00a0<b>de Hierro<\/b>\u00a0a enfrentarse a un desaf\u00edo sin precedentes. Y de las brumas de un recuerdo enterrado hace mucho, una profec\u00eda siniestra amenaza la soberan\u00eda de la\u00a0<b>reina<\/b>\u00a0<b>Cersei<\/b>\u2026<\/p>\n<\/div>\n","protected":false},"excerpt":{"rendered":"<p>George R.R. Martin<br \/>\n872 p\u00e1ginas<\/p>\n","protected":false},"featured_media":7254,"template":"","meta":{"_joinchat":[]},"product_brand":[],"product_cat":[39,70],"product_tag":[34],"class_list":{"0":"post-7253","1":"product","2":"type-product","3":"status-publish","4":"has-post-thumbnail","6":"product_cat-fantasia","7":"product_cat-novedades","8":"product_tag-penguin-random-house","10":"first","11":"outofstock","12":"shipping-taxable","13":"purchasable","14":"product-type-simple"},"_links":{"self":[{"href":"https:\/\/libreriahistoriasdebolsillo.com\/index.php\/wp-json\/wp\/v2\/product\/7253","targetHints":{"allow":["GET"]}}],"collection":[{"href":"https:\/\/libreriahistoriasdebolsillo.com\/index.php\/wp-json\/wp\/v2\/product"}],"about":[{"href":"https:\/\/libreriahistoriasdebolsillo.com\/index.php\/wp-json\/wp\/v2\/types\/product"}],"wp:featuredmedia":[{"embeddable":true,"href":"https:\/\/libreriahistoriasdebolsillo.com\/index.php\/wp-json\/wp\/v2\/media\/7254"}],"wp:attachment":[{"href":"https:\/\/libreriahistoriasdebolsillo.com\/index.php\/wp-json\/wp\/v2\/media?parent=7253"}],"wp:term":[{"taxonomy":"product_brand","embeddable":true,"href":"https:\/\/libreriahistoriasdebolsillo.com\/index.php\/wp-json\/wp\/v2\/product_brand?post=7253"},{"taxonomy":"product_cat","embeddable":true,"href":"https:\/\/libreriahistoriasdebolsillo.com\/index.php\/wp-json\/wp\/v2\/product_cat?post=7253"},{"taxonomy":"product_tag","embeddable":true,"href":"https:\/\/libreriahistoriasdebolsillo.com\/index.php\/wp-json\/wp\/v2\/product_tag?post=7253"}],"curies":[{"name":"wp","href":"https:\/\/api.w.org\/{rel}","templated":true}]}}