{"id":7255,"date":"2025-08-04T12:01:59","date_gmt":"2025-08-04T18:01:59","guid":{"rendered":"https:\/\/libreriahistoriasdebolsillo.com\/?post_type=product&#038;p=7255"},"modified":"2025-12-08T13:59:30","modified_gmt":"2025-12-08T19:59:30","slug":"la-magia-de-las-ruinas","status":"publish","type":"product","link":"https:\/\/libreriahistoriasdebolsillo.com\/index.php\/producto\/la-magia-de-las-ruinas\/","title":{"rendered":"La magia de las ruinas"},"content":{"rendered":"<div class=\"justify\">\n<p><b>Una nueva<\/b>\u00a0<b>visi\u00f3n de<\/b>\u00a0<b>Pompeya, la<\/b>\u00a0<b>Antig\u00fcedad y<\/b>\u00a0<b>el<\/b>\u00a0<b>poder<\/b>\u00a0<b>liberador de la<\/b>\u00a0<b>cultura.<\/b><\/p>\n<p><b>\u00abUna declaraci\u00f3n de amor por la arqueolog\u00eda\u00bb.<\/b><br \/>\n<i>Frankfurter Allgemeine Zeitung<\/i><\/p>\n<p align=\"CENTER\"><b>\u00abUno de los textos m\u00e1s bellos jam\u00e1s escritos sobre Pompeya, que no es poco\u00bb.<\/b><br \/>\n<i>La<\/i>\u00a0<i>Repubblica<\/i><\/p>\n<\/div>\n<div class=\"justify\">\n<p>Cada d\u00eda Gabriel Zuchtriegel camina por las callejuelas de la antigua ciudad de Pompeya, destruida y enterrada viva en menos de dos d\u00edas en el a\u00f1o 79 d.C. Estas inspecciones, excavaciones y proyectos de restauraci\u00f3n y accesibilidad lo ponen en contacto con la fragilidad de un sitio \u00fanico en el mundo y hacen que se desplieguen ante \u00e9l la belleza del arte antiguo y la fugacidad de la vida humana. Ante los moldes de las v\u00edctimas de la erupci\u00f3n del Vesubio, pero tambi\u00e9n ante la escultura de un ni\u00f1o pescador al que la lava encontr\u00f3 dormido, que le recuerda a su hijo, se pregunta: \u00ab\u00bfQu\u00e9 tiene que ver Pompeya con nosotros? \u00bfQu\u00e9 tienen que decirnos hoy nuestros antepasados?\u00bb.<\/p>\n<p>En<i>\u00a0La<\/i>\u00a0<i>magia de las<\/i>\u00a0<i>ruinas<\/i>, el director del Parque Arqueol\u00f3gico de Pompeya lleva a los lectores a un viaje a trav\u00e9s de los siglos por un escenario encantado, donde el pasado y el presente se mezclan de manera asombrosa. Es un viaje hecho de descubrimientos, desde las primeras excavaciones del siglo XVIII hasta los hallazgos m\u00e1s recientes, que arrojan nueva luz sobre la vida de los esclavos y los pobres en la ciudad y su territorio.<\/p>\n<p>Recorre la historia de la arqueolog\u00eda moderna, intr\u00ednsecamente ligada a la de Pompeya, una disciplina que al principio solo se interes\u00f3 por las obras de arte extra\u00eddas de la tierra, pero gradualmente entendi\u00f3 que el verdadero tesoro que nos han dejado las cenizas del Vesubio comprende mucho m\u00e1s: rituales antiguos, cultos misteriosos, transgresiones y erotismo, la historia social y cultural de una civilizaci\u00f3n, sus obsesiones y esperanzas. Son temas estrechamente entrelazados con nuestro presente y con la biograf\u00eda de cada uno de nosotros, como demuestra el propio Zuchtriegel al hablar tambi\u00e9n de sus experiencias personales y profesionales, sin omitir los momentos de duda y las dificultades encontradas en el viaje que lo llev\u00f3 desde una peque\u00f1a poblaci\u00f3n alemana al sitio arqueol\u00f3gico m\u00e1s famoso del mundo.<\/p>\n<\/div>\n","protected":false},"excerpt":{"rendered":"<p>Gabriel Zuchtriegel<br \/>\n216 p\u00e1ginas<\/p>\n","protected":false},"featured_media":7256,"template":"","meta":{"_joinchat":[]},"product_brand":[],"product_cat":[41,70],"product_tag":[34],"class_list":{"0":"post-7255","1":"product","2":"type-product","3":"status-publish","4":"has-post-thumbnail","6":"product_cat-desarrollo-humano","7":"product_cat-novedades","8":"product_tag-penguin-random-house","10":"first","11":"outofstock","12":"shipping-taxable","13":"purchasable","14":"product-type-simple"},"_links":{"self":[{"href":"https:\/\/libreriahistoriasdebolsillo.com\/index.php\/wp-json\/wp\/v2\/product\/7255","targetHints":{"allow":["GET"]}}],"collection":[{"href":"https:\/\/libreriahistoriasdebolsillo.com\/index.php\/wp-json\/wp\/v2\/product"}],"about":[{"href":"https:\/\/libreriahistoriasdebolsillo.com\/index.php\/wp-json\/wp\/v2\/types\/product"}],"wp:featuredmedia":[{"embeddable":true,"href":"https:\/\/libreriahistoriasdebolsillo.com\/index.php\/wp-json\/wp\/v2\/media\/7256"}],"wp:attachment":[{"href":"https:\/\/libreriahistoriasdebolsillo.com\/index.php\/wp-json\/wp\/v2\/media?parent=7255"}],"wp:term":[{"taxonomy":"product_brand","embeddable":true,"href":"https:\/\/libreriahistoriasdebolsillo.com\/index.php\/wp-json\/wp\/v2\/product_brand?post=7255"},{"taxonomy":"product_cat","embeddable":true,"href":"https:\/\/libreriahistoriasdebolsillo.com\/index.php\/wp-json\/wp\/v2\/product_cat?post=7255"},{"taxonomy":"product_tag","embeddable":true,"href":"https:\/\/libreriahistoriasdebolsillo.com\/index.php\/wp-json\/wp\/v2\/product_tag?post=7255"}],"curies":[{"name":"wp","href":"https:\/\/api.w.org\/{rel}","templated":true}]}}