{"id":7257,"date":"2025-08-04T12:04:39","date_gmt":"2025-08-04T18:04:39","guid":{"rendered":"https:\/\/libreriahistoriasdebolsillo.com\/?post_type=product&#038;p=7257"},"modified":"2026-03-11T17:58:37","modified_gmt":"2026-03-11T23:58:37","slug":"cuentos-de-terror","status":"publish","type":"product","link":"https:\/\/libreriahistoriasdebolsillo.com\/index.php\/producto\/cuentos-de-terror\/","title":{"rendered":"Cuentos de terror de H.P. Lovecraft Ed. limitada"},"content":{"rendered":"<div class=\"justify\">\n<p><b>Una fabulosa antolog\u00eda de los cuentos y las novelas breves m\u00e1s inquietantes del gran maestro del terror sobrenatural, H. P. Lovecraft<\/b><\/p>\n<p><b>Una fabulosa antolog\u00eda de los cuentos y las novelas breves m\u00e1s inquietantes del gran maestro del terror sobrenatural, H. P. Lovecraft<\/b><\/p>\n<p><b>Una fabulosa antolog\u00eda de los cuentos y las novelas breves m\u00e1s inquietantes del gran maestro del terror sobrenatural, H. P. Lovecraft<\/b><\/p>\n<\/div>\n<div class=\"justify\">\n<p>H. P. Lovecraft ha pasado a la posteridad como art\u00edfice de los mitos de Cthulhu, un pante\u00f3n de seres c\u00f3smicos que desaf\u00edan la comprensi\u00f3n humana del universo. En la presente antolog\u00eda, que se abre con un iluminador texto del maestro sobre \u00abEl horror sobrenatural en la literatura\u00bb, se incluyen seis relatos fundamentales de esa mitolog\u00eda: \u00abLa llamada de Cthulhu\u00bb, \u00abEl color que cay\u00f3 del cielo\u00bb, \u00abEl horror de Dunwich\u00bb, \u00abEl que susurra en la oscuridad\u00bb, \u00abEn las monta\u00f1as de la locura\u00bb y \u00abLa sombra sobre Innsmouth\u00bb.<\/p>\n<p>H. P. Lovecraft ha pasado a la posteridad como art\u00edfice de los mitos de Cthulhu, un pante\u00f3n de seres c\u00f3smicos que desaf\u00edan la comprensi\u00f3n humana del universo. En la presente antolog\u00eda, que se abre con un iluminador texto del maestro sobre \u00abEl horror sobrenatural en la literatura\u00bb, se incluyen seis relatos fundamentales de esa mitolog\u00eda: \u00abLa llamada de Cthulhu\u00bb, \u00abEl color que cay\u00f3 del cielo\u00bb, \u00abEl horror de Dunwich\u00bb, \u00abEl que susurra en la oscuridad\u00bb, \u00abEn las monta\u00f1as de la locura\u00bb y \u00abLa sombra sobre Innsmouth\u00bb.<\/p>\n<p>H. P. Lovecraft ha pasado a la posteridad como art\u00edfice de los mitos de Cthulhu, un pante\u00f3n de seres c\u00f3smicos que desaf\u00edan la comprensi\u00f3n humana del universo. En la presente antolog\u00eda, que se abre con un iluminador texto del maestro sobre \u00abEl horror sobrenatural en la literatura\u00bb, se incluyen seis relatos fundamentales de esa mitolog\u00eda: \u00abLa llamada de Cthulhu\u00bb, \u00abEl color que cay\u00f3 del cielo\u00bb, \u00abEl horror de Dunwich\u00bb, \u00abEl que susurra en la oscuridad\u00bb, \u00abEn las monta\u00f1as de la locura\u00bb y \u00abLa sombra sobre Innsmouth\u00bb.<\/p>\n<\/div>\n","protected":false},"excerpt":{"rendered":"<p>H.P. Lovecraft<br \/>\n512 p\u00e1ginas<\/p>\n","protected":false},"featured_media":7258,"template":"","meta":{"_joinchat":[]},"product_brand":[],"product_cat":[42],"product_tag":[34],"class_list":{"0":"post-7257","1":"product","2":"type-product","3":"status-publish","4":"has-post-thumbnail","6":"product_cat-literatura-clasica","7":"product_tag-penguin-random-house","9":"first","10":"outofstock","11":"shipping-taxable","12":"purchasable","13":"product-type-simple"},"_links":{"self":[{"href":"https:\/\/libreriahistoriasdebolsillo.com\/index.php\/wp-json\/wp\/v2\/product\/7257","targetHints":{"allow":["GET"]}}],"collection":[{"href":"https:\/\/libreriahistoriasdebolsillo.com\/index.php\/wp-json\/wp\/v2\/product"}],"about":[{"href":"https:\/\/libreriahistoriasdebolsillo.com\/index.php\/wp-json\/wp\/v2\/types\/product"}],"wp:featuredmedia":[{"embeddable":true,"href":"https:\/\/libreriahistoriasdebolsillo.com\/index.php\/wp-json\/wp\/v2\/media\/7258"}],"wp:attachment":[{"href":"https:\/\/libreriahistoriasdebolsillo.com\/index.php\/wp-json\/wp\/v2\/media?parent=7257"}],"wp:term":[{"taxonomy":"product_brand","embeddable":true,"href":"https:\/\/libreriahistoriasdebolsillo.com\/index.php\/wp-json\/wp\/v2\/product_brand?post=7257"},{"taxonomy":"product_cat","embeddable":true,"href":"https:\/\/libreriahistoriasdebolsillo.com\/index.php\/wp-json\/wp\/v2\/product_cat?post=7257"},{"taxonomy":"product_tag","embeddable":true,"href":"https:\/\/libreriahistoriasdebolsillo.com\/index.php\/wp-json\/wp\/v2\/product_tag?post=7257"}],"curies":[{"name":"wp","href":"https:\/\/api.w.org\/{rel}","templated":true}]}}