{"id":7265,"date":"2025-08-04T12:17:04","date_gmt":"2025-08-04T18:17:04","guid":{"rendered":"https:\/\/libreriahistoriasdebolsillo.com\/?post_type=product&#038;p=7265"},"modified":"2025-12-08T13:57:34","modified_gmt":"2025-12-08T19:57:34","slug":"sentido-y-sensibilidad-2","status":"publish","type":"product","link":"https:\/\/libreriahistoriasdebolsillo.com\/index.php\/producto\/sentido-y-sensibilidad-2\/","title":{"rendered":"Sentido y sensibilidad (Ed. especial tapa dura)"},"content":{"rendered":"<p>En\u00a0<i>Sentido y sensibilidad<\/i>,\u00a0<i>Jane Austen<\/i>\u00a0explora con sutileza e iron\u00eda las opciones de la mujer en una sociedad r\u00edgida, donde el \u00e9xito o el fracaso dependen de la elecci\u00f3n del marido. La historia se centra en dos hermanas, Elinor y Marianne, cuyas personalidades antag\u00f3nicas ejemplifican dos posibles respuestas femeninas ante la hipocres\u00eda dominante: el \u00absentido com\u00fan\u00bb y la \u00absensibilidad\u00bb. Sin embargo, tanto un camino como el otro entra\u00f1an sus peligros.<\/p>\n<p>Esta edici\u00f3n incorpora una cronolog\u00eda detallada y recupera la introducci\u00f3n de la edici\u00f3n original de Penguin Cl\u00e1sicos a cargo de Tony Tanner, uno de los mayores especialistas en la obra de Jane Austen, a cuyo estudio dedic\u00f3 gran parte de su carrera. Fue catedr\u00e1tico de literatura inglesa y norteamericana en la Universidad de Cambridge.<\/p>\n","protected":false},"excerpt":{"rendered":"<p>Jane Austen<br \/>\n376 p\u00e1ginas<\/p>\n","protected":false},"featured_media":7266,"template":"","meta":{"_joinchat":[]},"product_brand":[],"product_cat":[42],"product_tag":[34],"class_list":{"0":"post-7265","1":"product","2":"type-product","3":"status-publish","4":"has-post-thumbnail","6":"product_cat-literatura-clasica","7":"product_tag-penguin-random-house","9":"first","10":"outofstock","11":"shipping-taxable","12":"purchasable","13":"product-type-simple"},"_links":{"self":[{"href":"https:\/\/libreriahistoriasdebolsillo.com\/index.php\/wp-json\/wp\/v2\/product\/7265","targetHints":{"allow":["GET"]}}],"collection":[{"href":"https:\/\/libreriahistoriasdebolsillo.com\/index.php\/wp-json\/wp\/v2\/product"}],"about":[{"href":"https:\/\/libreriahistoriasdebolsillo.com\/index.php\/wp-json\/wp\/v2\/types\/product"}],"wp:featuredmedia":[{"embeddable":true,"href":"https:\/\/libreriahistoriasdebolsillo.com\/index.php\/wp-json\/wp\/v2\/media\/7266"}],"wp:attachment":[{"href":"https:\/\/libreriahistoriasdebolsillo.com\/index.php\/wp-json\/wp\/v2\/media?parent=7265"}],"wp:term":[{"taxonomy":"product_brand","embeddable":true,"href":"https:\/\/libreriahistoriasdebolsillo.com\/index.php\/wp-json\/wp\/v2\/product_brand?post=7265"},{"taxonomy":"product_cat","embeddable":true,"href":"https:\/\/libreriahistoriasdebolsillo.com\/index.php\/wp-json\/wp\/v2\/product_cat?post=7265"},{"taxonomy":"product_tag","embeddable":true,"href":"https:\/\/libreriahistoriasdebolsillo.com\/index.php\/wp-json\/wp\/v2\/product_tag?post=7265"}],"curies":[{"name":"wp","href":"https:\/\/api.w.org\/{rel}","templated":true}]}}