{"id":7267,"date":"2025-08-04T12:20:24","date_gmt":"2025-08-04T18:20:24","guid":{"rendered":"https:\/\/libreriahistoriasdebolsillo.com\/?post_type=product&#038;p=7267"},"modified":"2025-12-08T13:59:00","modified_gmt":"2025-12-08T19:59:00","slug":"mujercitas-edicion-conmemorativa","status":"publish","type":"product","link":"https:\/\/libreriahistoriasdebolsillo.com\/index.php\/producto\/mujercitas-edicion-conmemorativa\/","title":{"rendered":"Mujercitas (Edici\u00f3n conmemorativa)"},"content":{"rendered":"<div class=\"justify\">\n<p><b>Una historia universal, que ha fascinado a generaciones de lectoras y lectores durante m\u00e1s de ciento cincuenta a\u00f1os.<\/b><\/p>\n<p><b>Introducci\u00f3n de Elaine Showalter, profesora de la Universidad de Princeton<\/b><\/p>\n<p><b>Traducci\u00f3n de Gloria M\u00e9ndez<\/b><\/p>\n<p><b>Ilustraciones originales de Frank T. Merrill<\/b><\/p>\n<p>Mujercitas, el cl\u00e1sico de Louisa May Alcott ambientado en la guerra de Secesi\u00f3n, fue publicado en Estados Unidos en 1868. Han pasado m\u00e1s de ciento cincuenta a\u00f1os desde entonces, pero la complicidad de las cuatro hermanas March, que resumen el esp\u00edritu cr\u00edtico de una \u00e9poca en sus gestos y palabras, sigue siendo fuente de inspiraci\u00f3n y disfrute para las generaciones de lectoras y lectores que se asoman por primera vez a las p\u00e1ginas de esta fascinante obra.<\/p>\n<\/div>\n<div class=\"justify\">\n<p>La introducci\u00f3n de Elaine Showalter, catedr\u00e1tica de la Universidad de Princeton y una de las voces m\u00e1s representativas de la cr\u00edtica literaria feminista, analiza en detalle las influencias de Alcott y el impacto de Mujercitas en la obra de escritoras de la talla de Simone de Beauvoir o Joyce Carol Oates. La excelente traducci\u00f3n de Gloria M\u00e9ndez est\u00e1 acompa\u00f1ada de algunas ilustraciones que aparecieron en la edici\u00f3n de 1880, a cargo del ilustrador americano Frank T. Merrill.<\/p>\n<\/div>\n","protected":false},"excerpt":{"rendered":"<p>Louisa May Alcott<br \/>\n760 p\u00e1ginas<\/p>\n","protected":false},"featured_media":7268,"template":"","meta":{"_joinchat":[]},"product_brand":[],"product_cat":[42],"product_tag":[34],"class_list":{"0":"post-7267","1":"product","2":"type-product","3":"status-publish","4":"has-post-thumbnail","6":"product_cat-literatura-clasica","7":"product_tag-penguin-random-house","9":"first","10":"outofstock","11":"shipping-taxable","12":"purchasable","13":"product-type-simple"},"_links":{"self":[{"href":"https:\/\/libreriahistoriasdebolsillo.com\/index.php\/wp-json\/wp\/v2\/product\/7267","targetHints":{"allow":["GET"]}}],"collection":[{"href":"https:\/\/libreriahistoriasdebolsillo.com\/index.php\/wp-json\/wp\/v2\/product"}],"about":[{"href":"https:\/\/libreriahistoriasdebolsillo.com\/index.php\/wp-json\/wp\/v2\/types\/product"}],"wp:featuredmedia":[{"embeddable":true,"href":"https:\/\/libreriahistoriasdebolsillo.com\/index.php\/wp-json\/wp\/v2\/media\/7268"}],"wp:attachment":[{"href":"https:\/\/libreriahistoriasdebolsillo.com\/index.php\/wp-json\/wp\/v2\/media?parent=7267"}],"wp:term":[{"taxonomy":"product_brand","embeddable":true,"href":"https:\/\/libreriahistoriasdebolsillo.com\/index.php\/wp-json\/wp\/v2\/product_brand?post=7267"},{"taxonomy":"product_cat","embeddable":true,"href":"https:\/\/libreriahistoriasdebolsillo.com\/index.php\/wp-json\/wp\/v2\/product_cat?post=7267"},{"taxonomy":"product_tag","embeddable":true,"href":"https:\/\/libreriahistoriasdebolsillo.com\/index.php\/wp-json\/wp\/v2\/product_tag?post=7267"}],"curies":[{"name":"wp","href":"https:\/\/api.w.org\/{rel}","templated":true}]}}