{"id":7273,"date":"2025-08-04T12:28:00","date_gmt":"2025-08-04T18:28:00","guid":{"rendered":"https:\/\/libreriahistoriasdebolsillo.com\/?post_type=product&#038;p=7273"},"modified":"2026-01-20T14:16:18","modified_gmt":"2026-01-20T20:16:18","slug":"cumbres-borrascosas-3","status":"publish","type":"product","link":"https:\/\/libreriahistoriasdebolsillo.com\/index.php\/producto\/cumbres-borrascosas-3\/","title":{"rendered":"Cumbres borrascosas"},"content":{"rendered":"<div class=\"justify\">\n<p><b>Una de las mayores historias de amor de la literatura y quiz\u00e1 la mejor representante del romanticismo ingl\u00e9s.<\/b><\/p>\n<p>&nbsp;<\/p>\n<p><b>Pr\u00f3logo de Lucasta Miller, autora de The Bront\u00eb Myth<\/b><\/p>\n<p><b>Introducci\u00f3n de Pauline Nestor, catedr\u00e1tica de literatura inglesa<\/b><\/p>\n<p><b>Traducci\u00f3n de Nicole D\u2019amonville Alegr\u00eda<\/b><\/p>\n<\/div>\n<div class=\"justify\">\n<p><i>Cumbres borrascosas,\u00a0<\/i>la \u00e9pica historia de Catherine y Heathcliff, situada en los sombr\u00edos y desolados p\u00e1ramos de Yorkshire, constituye una asombrosa visi\u00f3n metaf\u00edsica del destino, la obsesi\u00f3n, la pasi\u00f3n y la venganza. Con ella, Emily Bront\u00eb, que la public\u00f3 bajo un seud\u00f3nimo masculino, rompi\u00f3 por completo con los c\u00e1nones del decoro que la Inglaterra victoriana exig\u00eda en toda novela, tanto en el tema escogido como en la descripci\u00f3n de los personajes. La singularidad de su estructura narrativa y la fuerza de su lenguaje la convirtieron en una de las obras m\u00e1s perdurables e influyentes de la historia de la literatura.<\/p>\n<p>En el prefacio de la presente edici\u00f3n, Lucasta Miller, autora de The Bront\u00eb Myth (2001), analiza las diferentes interpretaciones que se han hecho de esta pol\u00e9mica obra. A su vez, la introducci\u00f3n de la profesora Pauline Nestor da cuenta de las influencias y los or\u00edgenes de Emily Bront\u00eb como escritora. Por \u00faltimo, la edici\u00f3n incorpora la nota biogr\u00e1fica y el prefacio original, escrito por Charlotte Bront\u00eb, en el que revelaba la verdadera identidad de su autora, junto a un \u00e1rbol geneal\u00f3gico de los protagonistas de la novela.<\/p>\n<\/div>\n","protected":false},"excerpt":{"rendered":"<p>Emily Bronte<br \/>\n416 p\u00e1ginas<\/p>\n","protected":false},"featured_media":7274,"template":"","meta":{"_joinchat":[]},"product_brand":[],"product_cat":[42],"product_tag":[34],"class_list":{"0":"post-7273","1":"product","2":"type-product","3":"status-publish","4":"has-post-thumbnail","6":"product_cat-literatura-clasica","7":"product_tag-penguin-random-house","9":"first","10":"outofstock","11":"shipping-taxable","12":"purchasable","13":"product-type-simple"},"_links":{"self":[{"href":"https:\/\/libreriahistoriasdebolsillo.com\/index.php\/wp-json\/wp\/v2\/product\/7273","targetHints":{"allow":["GET"]}}],"collection":[{"href":"https:\/\/libreriahistoriasdebolsillo.com\/index.php\/wp-json\/wp\/v2\/product"}],"about":[{"href":"https:\/\/libreriahistoriasdebolsillo.com\/index.php\/wp-json\/wp\/v2\/types\/product"}],"wp:featuredmedia":[{"embeddable":true,"href":"https:\/\/libreriahistoriasdebolsillo.com\/index.php\/wp-json\/wp\/v2\/media\/7274"}],"wp:attachment":[{"href":"https:\/\/libreriahistoriasdebolsillo.com\/index.php\/wp-json\/wp\/v2\/media?parent=7273"}],"wp:term":[{"taxonomy":"product_brand","embeddable":true,"href":"https:\/\/libreriahistoriasdebolsillo.com\/index.php\/wp-json\/wp\/v2\/product_brand?post=7273"},{"taxonomy":"product_cat","embeddable":true,"href":"https:\/\/libreriahistoriasdebolsillo.com\/index.php\/wp-json\/wp\/v2\/product_cat?post=7273"},{"taxonomy":"product_tag","embeddable":true,"href":"https:\/\/libreriahistoriasdebolsillo.com\/index.php\/wp-json\/wp\/v2\/product_tag?post=7273"}],"curies":[{"name":"wp","href":"https:\/\/api.w.org\/{rel}","templated":true}]}}