{"id":728,"date":"2023-11-20T16:04:48","date_gmt":"2023-11-20T22:04:48","guid":{"rendered":"https:\/\/libreriahistoriasdebolsillo.com\/?post_type=product&#038;p=728"},"modified":"2024-03-01T13:36:22","modified_gmt":"2024-03-01T19:36:22","slug":"tweet-cute","status":"publish","type":"product","link":"https:\/\/libreriahistoriasdebolsillo.com\/index.php\/producto\/tweet-cute\/","title":{"rendered":"Tweet Cute"},"content":{"rendered":"<p>Pepper, la perfeccionista, es la lengua mordaz detr\u00e1s de los tweets de la cadena de hamburguesas de su familia. Jack es el payaso de la clase, y est\u00e1 dispuesto a ir a la guerra por defender la tienda de comidas de su abuela, literalmente. Cuando Big League Burger roba la receta m\u00e1s famosa de Girl Cheesing, comienza el enfrentamiento de Twitter m\u00e1s ic\u00f3nico y sabroso. Pero mientras Pepper y Jack se matan a fuerza de memes, likes y retweets en las redes, en la vida real son compa\u00f1eros de clase y comienzan a acercarse cada vez m\u00e1s. Ah, y tambi\u00e9n est\u00e1n totalmente locos el uno por el otro en una aplicaci\u00f3n an\u00f3nima de chat. \u00bfQu\u00e9 har\u00e1n cuando las m\u00e1scaras virtuales se caigan y toda esa bola se secretos salga a la luz?<\/p>\n","protected":false},"excerpt":{"rendered":"<p>Emma Lord<\/p>\n","protected":false},"featured_media":729,"template":"","meta":{"_joinchat":[]},"product_brand":[],"product_cat":[52],"product_tag":[48],"class_list":{"0":"post-728","1":"product","2":"type-product","3":"status-publish","4":"has-post-thumbnail","6":"product_cat-juvenil","7":"product_tag-vr-editoras","9":"first","10":"instock","11":"shipping-taxable","12":"purchasable","13":"product-type-simple"},"_links":{"self":[{"href":"https:\/\/libreriahistoriasdebolsillo.com\/index.php\/wp-json\/wp\/v2\/product\/728","targetHints":{"allow":["GET"]}}],"collection":[{"href":"https:\/\/libreriahistoriasdebolsillo.com\/index.php\/wp-json\/wp\/v2\/product"}],"about":[{"href":"https:\/\/libreriahistoriasdebolsillo.com\/index.php\/wp-json\/wp\/v2\/types\/product"}],"wp:featuredmedia":[{"embeddable":true,"href":"https:\/\/libreriahistoriasdebolsillo.com\/index.php\/wp-json\/wp\/v2\/media\/729"}],"wp:attachment":[{"href":"https:\/\/libreriahistoriasdebolsillo.com\/index.php\/wp-json\/wp\/v2\/media?parent=728"}],"wp:term":[{"taxonomy":"product_brand","embeddable":true,"href":"https:\/\/libreriahistoriasdebolsillo.com\/index.php\/wp-json\/wp\/v2\/product_brand?post=728"},{"taxonomy":"product_cat","embeddable":true,"href":"https:\/\/libreriahistoriasdebolsillo.com\/index.php\/wp-json\/wp\/v2\/product_cat?post=728"},{"taxonomy":"product_tag","embeddable":true,"href":"https:\/\/libreriahistoriasdebolsillo.com\/index.php\/wp-json\/wp\/v2\/product_tag?post=728"}],"curies":[{"name":"wp","href":"https:\/\/api.w.org\/{rel}","templated":true}]}}