{"id":7285,"date":"2025-08-18T11:49:25","date_gmt":"2025-08-18T17:49:25","guid":{"rendered":"https:\/\/libreriahistoriasdebolsillo.com\/?post_type=product&#038;p=7285"},"modified":"2025-09-18T16:57:22","modified_gmt":"2025-09-18T22:57:22","slug":"reglas-practicas-para-brujas-malditas","status":"publish","type":"product","link":"https:\/\/libreriahistoriasdebolsillo.com\/index.php\/producto\/reglas-practicas-para-brujas-malditas\/","title":{"rendered":"Reglas pr\u00e1cticas para brujas malditas"},"content":{"rendered":"<p>Todas las mujeres Bea est\u00e1n destinadas a nunca encontrar el amor verdadero. Pero Delilah est\u00e1 dispuesta a deshacerse de la maldici\u00f3n de su estirpe.<br \/>\nSin embargo, su Llamado m\u00e1gico es interrumpido por Kieran Pelumbra, parte de una familia poderosa, que la necesita para romper con su propio encantamiento: en cada generaci\u00f3n, un mellizo Pelumbra drena al otro de su vida y magia. Y ahora, cada d\u00eda Kieran se debilita m\u00e1s mientras que su hermana, Briar, se acerca\u2026 a algo monstruoso.<br \/>\nCumplir con esa misi\u00f3n no ser\u00e1 nada sencillo. Primero, porque la familia Pelumbra no desea que se rompa su maldici\u00f3n y ha enviado cazadores tras Delilah y los mellizos. Y, segundo, por Briar, quien provoca en Delilah tanta ira como ganas de besarla.<br \/>\nCon el reloj corriendo en contra de los mellizos y la propia maldici\u00f3n de Delilah interponi\u00e9ndose en el camino, quiz\u00e1s no haya lugar para un felices para siempre\u2026<\/p>\n","protected":false},"excerpt":{"rendered":"<p>Kayla Cottingham<br \/>\n440 p\u00e1ginas<\/p>\n","protected":false},"featured_media":7286,"template":"","meta":{"_joinchat":[]},"product_brand":[],"product_cat":[39,38,70],"product_tag":[48],"class_list":{"0":"post-7285","1":"product","2":"type-product","3":"status-publish","4":"has-post-thumbnail","6":"product_cat-fantasia","7":"product_cat-lgbtq","8":"product_cat-novedades","9":"product_tag-vr-editoras","11":"first","12":"instock","13":"shipping-taxable","14":"purchasable","15":"product-type-simple"},"_links":{"self":[{"href":"https:\/\/libreriahistoriasdebolsillo.com\/index.php\/wp-json\/wp\/v2\/product\/7285","targetHints":{"allow":["GET"]}}],"collection":[{"href":"https:\/\/libreriahistoriasdebolsillo.com\/index.php\/wp-json\/wp\/v2\/product"}],"about":[{"href":"https:\/\/libreriahistoriasdebolsillo.com\/index.php\/wp-json\/wp\/v2\/types\/product"}],"wp:featuredmedia":[{"embeddable":true,"href":"https:\/\/libreriahistoriasdebolsillo.com\/index.php\/wp-json\/wp\/v2\/media\/7286"}],"wp:attachment":[{"href":"https:\/\/libreriahistoriasdebolsillo.com\/index.php\/wp-json\/wp\/v2\/media?parent=7285"}],"wp:term":[{"taxonomy":"product_brand","embeddable":true,"href":"https:\/\/libreriahistoriasdebolsillo.com\/index.php\/wp-json\/wp\/v2\/product_brand?post=7285"},{"taxonomy":"product_cat","embeddable":true,"href":"https:\/\/libreriahistoriasdebolsillo.com\/index.php\/wp-json\/wp\/v2\/product_cat?post=7285"},{"taxonomy":"product_tag","embeddable":true,"href":"https:\/\/libreriahistoriasdebolsillo.com\/index.php\/wp-json\/wp\/v2\/product_tag?post=7285"}],"curies":[{"name":"wp","href":"https:\/\/api.w.org\/{rel}","templated":true}]}}