{"id":7295,"date":"2025-08-18T12:03:19","date_gmt":"2025-08-18T18:03:19","guid":{"rendered":"https:\/\/libreriahistoriasdebolsillo.com\/?post_type=product&#038;p=7295"},"modified":"2025-08-18T12:03:19","modified_gmt":"2025-08-18T18:03:19","slug":"como-dormir-como-un-cavernicola","status":"publish","type":"product","link":"https:\/\/libreriahistoriasdebolsillo.com\/index.php\/producto\/como-dormir-como-un-cavernicola\/","title":{"rendered":"C\u00f3mo dormir como un cavern\u00edcola"},"content":{"rendered":"<p>\u00bfCu\u00e1ntas horas deber\u00edas dormir? \u00bfPor qu\u00e9 nunca puedes recordar tus sue\u00f1os? \u00bfEs malo pulsar el bot\u00f3n de repetici\u00f3n de alarma? Para el Dr. Merijn van de Laar, un terapeuta del sue\u00f1o con m\u00e1s de 18 a\u00f1os de experiencia, las respuestas pueden encontrarse en el pasado. En C\u00f3mo dormir como un cavern\u00edcola, el Dr. Van de Laar investiga los \u00faltimos descubrimientos sobre los humanos prehist\u00f3ricos para desenterrar los or\u00edgenes del sue\u00f1o. As\u00ed encuentra importantes discrepancias entre lo que nuestros cuerpos primigenios necesitan y lo que nuestros cerebros modernos esperan. Los habitantes de las cavernas viv\u00edan en equilibrio con las fuerzas de la naturaleza y se adaptaban perfectamente a la luz, la temperatura y los cambios de estaciones de su entorno. La forma en que com\u00edan y se mov\u00edan durante el d\u00eda tambi\u00e9n afectaba a su forma de dormir y, si bien ten\u00edan que preocuparse por los depredadores durante la noche, no se estresaban por dormir ocho horas; ni siquiera ten\u00edan una palabra para \u201cinsomnio\u201d. El Dr. Van de Laar explora todos estos factores, as\u00ed como la forma en que el sue\u00f1o afecta y es afectado por nuestras parejas y mascotas, nuestro estado de \u00e1nimo y nuestros sue\u00f1os, si tomamos medicamentos y lo que esperamos de nuestras noches. Lo interesante es que sus conclusiones son sorprendentemente simples y se pueden aplicar f\u00e1cilmente. Al adoptar la sabidur\u00eda ancestral de nuestros antepasados, mejoraremos la calidad de nuestro sue\u00f1o, de la manera en que nuestros cuerpos fueron dise\u00f1ados para hacerlo.<\/p>\n","protected":false},"excerpt":{"rendered":"<p>Merijin Van De Laar<br \/>\n368 p\u00e1ginas<\/p>\n","protected":false},"featured_media":7296,"template":"","meta":{"_joinchat":[]},"product_brand":[],"product_cat":[58,70],"product_tag":[48],"class_list":{"0":"post-7295","1":"product","2":"type-product","3":"status-publish","4":"has-post-thumbnail","6":"product_cat-desarrollo-humano-y-superacion","7":"product_cat-novedades","8":"product_tag-vr-editoras","10":"first","11":"instock","12":"shipping-taxable","13":"purchasable","14":"product-type-simple"},"_links":{"self":[{"href":"https:\/\/libreriahistoriasdebolsillo.com\/index.php\/wp-json\/wp\/v2\/product\/7295","targetHints":{"allow":["GET"]}}],"collection":[{"href":"https:\/\/libreriahistoriasdebolsillo.com\/index.php\/wp-json\/wp\/v2\/product"}],"about":[{"href":"https:\/\/libreriahistoriasdebolsillo.com\/index.php\/wp-json\/wp\/v2\/types\/product"}],"wp:featuredmedia":[{"embeddable":true,"href":"https:\/\/libreriahistoriasdebolsillo.com\/index.php\/wp-json\/wp\/v2\/media\/7296"}],"wp:attachment":[{"href":"https:\/\/libreriahistoriasdebolsillo.com\/index.php\/wp-json\/wp\/v2\/media?parent=7295"}],"wp:term":[{"taxonomy":"product_brand","embeddable":true,"href":"https:\/\/libreriahistoriasdebolsillo.com\/index.php\/wp-json\/wp\/v2\/product_brand?post=7295"},{"taxonomy":"product_cat","embeddable":true,"href":"https:\/\/libreriahistoriasdebolsillo.com\/index.php\/wp-json\/wp\/v2\/product_cat?post=7295"},{"taxonomy":"product_tag","embeddable":true,"href":"https:\/\/libreriahistoriasdebolsillo.com\/index.php\/wp-json\/wp\/v2\/product_tag?post=7295"}],"curies":[{"name":"wp","href":"https:\/\/api.w.org\/{rel}","templated":true}]}}