{"id":7297,"date":"2025-08-18T12:05:46","date_gmt":"2025-08-18T18:05:46","guid":{"rendered":"https:\/\/libreriahistoriasdebolsillo.com\/?post_type=product&#038;p=7297"},"modified":"2025-08-18T12:05:46","modified_gmt":"2025-08-18T18:05:46","slug":"5-minutos-diarios-de-meditacion","status":"publish","type":"product","link":"https:\/\/libreriahistoriasdebolsillo.com\/index.php\/producto\/5-minutos-diarios-de-meditacion\/","title":{"rendered":"5 minutos diarios de meditaci\u00f3n"},"content":{"rendered":"<p>\u00bfY si 5 minutos fuera todo el tiempo que necesitas para lograr tu bienestar? 5 minutos diarios de meditaci\u00f3n te ofrece: \u2022 Una estructura flexible, que te ayudar\u00e1 a completar tu plan d\u00eda tras d\u00eda, desde enero hasta diciembre. Puedes empezar cuando quieras, y hacer tu pr\u00e1ctica en cualquier momento y lugar. \u2022 Un plan diario, basado en la atenci\u00f3n plena, en el que trabajar\u00e1s desde las emociones, el perd\u00f3n, la sanaci\u00f3n y el amor propio, hasta el coraje, el cambio y el crecimiento; entre otros temas. Tienes en tus manos una gu\u00eda f\u00e1cil y r\u00e1pida, que puedes poner en pr\u00e1ctica, sin importar la vida ocupada que tengas.<\/p>\n","protected":false},"excerpt":{"rendered":"<p>Sah D&#8217;Simone<br \/>\n256 p\u00e1ginas<\/p>\n","protected":false},"featured_media":7298,"template":"","meta":{"_joinchat":[]},"product_brand":[],"product_cat":[58,70],"product_tag":[48],"class_list":{"0":"post-7297","1":"product","2":"type-product","3":"status-publish","4":"has-post-thumbnail","6":"product_cat-desarrollo-humano-y-superacion","7":"product_cat-novedades","8":"product_tag-vr-editoras","10":"first","11":"instock","12":"shipping-taxable","13":"purchasable","14":"product-type-simple"},"_links":{"self":[{"href":"https:\/\/libreriahistoriasdebolsillo.com\/index.php\/wp-json\/wp\/v2\/product\/7297","targetHints":{"allow":["GET"]}}],"collection":[{"href":"https:\/\/libreriahistoriasdebolsillo.com\/index.php\/wp-json\/wp\/v2\/product"}],"about":[{"href":"https:\/\/libreriahistoriasdebolsillo.com\/index.php\/wp-json\/wp\/v2\/types\/product"}],"wp:featuredmedia":[{"embeddable":true,"href":"https:\/\/libreriahistoriasdebolsillo.com\/index.php\/wp-json\/wp\/v2\/media\/7298"}],"wp:attachment":[{"href":"https:\/\/libreriahistoriasdebolsillo.com\/index.php\/wp-json\/wp\/v2\/media?parent=7297"}],"wp:term":[{"taxonomy":"product_brand","embeddable":true,"href":"https:\/\/libreriahistoriasdebolsillo.com\/index.php\/wp-json\/wp\/v2\/product_brand?post=7297"},{"taxonomy":"product_cat","embeddable":true,"href":"https:\/\/libreriahistoriasdebolsillo.com\/index.php\/wp-json\/wp\/v2\/product_cat?post=7297"},{"taxonomy":"product_tag","embeddable":true,"href":"https:\/\/libreriahistoriasdebolsillo.com\/index.php\/wp-json\/wp\/v2\/product_tag?post=7297"}],"curies":[{"name":"wp","href":"https:\/\/api.w.org\/{rel}","templated":true}]}}