{"id":7303,"date":"2025-08-23T09:32:32","date_gmt":"2025-08-23T15:32:32","guid":{"rendered":"https:\/\/libreriahistoriasdebolsillo.com\/?post_type=product&#038;p=7303"},"modified":"2025-11-20T13:22:57","modified_gmt":"2025-11-20T19:22:57","slug":"psicologia-para-gente-ocupada","status":"publish","type":"product","link":"https:\/\/libreriahistoriasdebolsillo.com\/index.php\/producto\/psicologia-para-gente-ocupada\/","title":{"rendered":"Psicolog\u00eda para gente ocupada"},"content":{"rendered":"<p>La psicolog\u00eda es un campo enorme que est\u00e1 en crecimiento y tiene varias maneras de categorizarse, clasificarse y dividirse.<br \/>\nPor ejemplo, existe una diferencia marcada entre la psicolog\u00eda te\u00f3rica y la aplicada; la primera explora las teor\u00edas y los principios b\u00e1sicos de los procesos psicol\u00f3gicos, mientras que la segunda busca aplicar la ciencia psicol\u00f3gica al mundo real, como el tratamiento de enfermedades mentales.<\/p>\n<p>Este libro re\u00fane a los principales te\u00f3ricos y argumentos que debes conocer, desde los antiguos griegos, quienes practicaron la terapia de los sue\u00f1os 2500 a\u00f1os antes que Freud y Jung, hasta nuestros d\u00edas. Adem\u00e1s, al estar organizado por teor\u00eda, presenta una visi\u00f3n general del desarrollo del estudio de la psicolog\u00eda y muestra c\u00f3mo las teor\u00edas de hace muchos a\u00f1os siguen siendo relevantes para nuestras vidas. Es una obra para lectores que buscan una introducci\u00f3n a la psicolog\u00eda f\u00e1cil de leer, accesible pero completa o para los estudiantes.<\/p>\n","protected":false},"excerpt":{"rendered":"<p>Joel Levy<br \/>\n142 p\u00e1ginas<\/p>\n","protected":false},"featured_media":7304,"template":"","meta":{"_joinchat":[]},"product_brand":[],"product_cat":[41,82],"product_tag":[81],"class_list":{"0":"post-7303","1":"product","2":"type-product","3":"status-publish","4":"has-post-thumbnail","6":"product_cat-desarrollo-humano","7":"product_cat-psicologia","8":"product_tag-trillas","10":"first","11":"outofstock","12":"shipping-taxable","13":"purchasable","14":"product-type-simple"},"_links":{"self":[{"href":"https:\/\/libreriahistoriasdebolsillo.com\/index.php\/wp-json\/wp\/v2\/product\/7303","targetHints":{"allow":["GET"]}}],"collection":[{"href":"https:\/\/libreriahistoriasdebolsillo.com\/index.php\/wp-json\/wp\/v2\/product"}],"about":[{"href":"https:\/\/libreriahistoriasdebolsillo.com\/index.php\/wp-json\/wp\/v2\/types\/product"}],"wp:featuredmedia":[{"embeddable":true,"href":"https:\/\/libreriahistoriasdebolsillo.com\/index.php\/wp-json\/wp\/v2\/media\/7304"}],"wp:attachment":[{"href":"https:\/\/libreriahistoriasdebolsillo.com\/index.php\/wp-json\/wp\/v2\/media?parent=7303"}],"wp:term":[{"taxonomy":"product_brand","embeddable":true,"href":"https:\/\/libreriahistoriasdebolsillo.com\/index.php\/wp-json\/wp\/v2\/product_brand?post=7303"},{"taxonomy":"product_cat","embeddable":true,"href":"https:\/\/libreriahistoriasdebolsillo.com\/index.php\/wp-json\/wp\/v2\/product_cat?post=7303"},{"taxonomy":"product_tag","embeddable":true,"href":"https:\/\/libreriahistoriasdebolsillo.com\/index.php\/wp-json\/wp\/v2\/product_tag?post=7303"}],"curies":[{"name":"wp","href":"https:\/\/api.w.org\/{rel}","templated":true}]}}