{"id":7308,"date":"2025-08-23T09:37:24","date_gmt":"2025-08-23T15:37:24","guid":{"rendered":"https:\/\/libreriahistoriasdebolsillo.com\/?post_type=product&#038;p=7308"},"modified":"2025-08-23T09:45:26","modified_gmt":"2025-08-23T15:45:26","slug":"guia-para-manejo-de-sentimientos","status":"publish","type":"product","link":"https:\/\/libreriahistoriasdebolsillo.com\/index.php\/producto\/guia-para-manejo-de-sentimientos\/","title":{"rendered":"Gu\u00eda Para Manejo De Sentimientos"},"content":{"rendered":"<p>Como profesionales de la psicolog\u00eda humanista, las autoras de este libro ofrecen a los lectores una serie de reflexiones sobre temas relacionados con el manejo de emociones y sentimientos enfocado al desarrollo personal; utilizando el m\u00e9todo de la may\u00e9utica, Amelia y Rosa exponen las vivencias de \u00e9sta \u00faltima ante la cercan\u00eda de la muerte, ya trav\u00e9s de ejemplos y ejercicios de tipo pr\u00e1ctico, muestran como Rosa decide vivir alerta,productiva y feliz.Como ellas mismas 10 afirman, este libro es \u00abuna invitaci\u00f3n a integrar nuestros sentimientos, afrontar nuestro miedo, liberamos de la culpa y saber perdonarnos; tambi\u00e9n nos induce al an\u00e1lisis sobre la enfermedad y nuestra actitud ante la vida\u00bb.Las autoras sugieren que a trav\u00e9s del silencio interior y de la meditaci\u00f3n, la persona sea capaz de advertir las cosas tal y como suceden, centrarse en 10 que est\u00e1 viviendo y no en las interpretaciones que hace de sus experiencias; es decir, que aprenda a vivir el presente para cambiar su actitud y, al mismo tiempo, su vida.<\/p>\n","protected":false},"excerpt":{"rendered":"<p>Amelia Mac\u00edas Timotino y Rosa Larios Novela<br \/>\n144 p\u00e1ginas<\/p>\n","protected":false},"featured_media":7309,"template":"","meta":{"_joinchat":[]},"product_brand":[],"product_cat":[41,82],"product_tag":[81],"class_list":{"0":"post-7308","1":"product","2":"type-product","3":"status-publish","4":"has-post-thumbnail","6":"product_cat-desarrollo-humano","7":"product_cat-psicologia","8":"product_tag-trillas","10":"first","11":"instock","12":"shipping-taxable","13":"purchasable","14":"product-type-simple"},"_links":{"self":[{"href":"https:\/\/libreriahistoriasdebolsillo.com\/index.php\/wp-json\/wp\/v2\/product\/7308","targetHints":{"allow":["GET"]}}],"collection":[{"href":"https:\/\/libreriahistoriasdebolsillo.com\/index.php\/wp-json\/wp\/v2\/product"}],"about":[{"href":"https:\/\/libreriahistoriasdebolsillo.com\/index.php\/wp-json\/wp\/v2\/types\/product"}],"wp:featuredmedia":[{"embeddable":true,"href":"https:\/\/libreriahistoriasdebolsillo.com\/index.php\/wp-json\/wp\/v2\/media\/7309"}],"wp:attachment":[{"href":"https:\/\/libreriahistoriasdebolsillo.com\/index.php\/wp-json\/wp\/v2\/media?parent=7308"}],"wp:term":[{"taxonomy":"product_brand","embeddable":true,"href":"https:\/\/libreriahistoriasdebolsillo.com\/index.php\/wp-json\/wp\/v2\/product_brand?post=7308"},{"taxonomy":"product_cat","embeddable":true,"href":"https:\/\/libreriahistoriasdebolsillo.com\/index.php\/wp-json\/wp\/v2\/product_cat?post=7308"},{"taxonomy":"product_tag","embeddable":true,"href":"https:\/\/libreriahistoriasdebolsillo.com\/index.php\/wp-json\/wp\/v2\/product_tag?post=7308"}],"curies":[{"name":"wp","href":"https:\/\/api.w.org\/{rel}","templated":true}]}}