{"id":731,"date":"2023-11-20T16:08:56","date_gmt":"2023-11-20T22:08:56","guid":{"rendered":"https:\/\/libreriahistoriasdebolsillo.com\/?post_type=product&#038;p=731"},"modified":"2023-11-20T16:08:56","modified_gmt":"2023-11-20T22:08:56","slug":"reino-de-papel","status":"publish","type":"product","link":"https:\/\/libreriahistoriasdebolsillo.com\/index.php\/producto\/reino-de-papel\/","title":{"rendered":"Reino de papel"},"content":{"rendered":"<p><em>LA PERSONA QUE ASPEN VANN M\u00c1S ODIA, NO ES OTRA QUE ASPEN VANN.<\/em><\/p>\n<p>Para quien la mire no es otra cosa que perfecta e inquebrantable. Popular. Bonita. Inalcanzable. Toda una profesional de la mentira.<\/p>\n<p>Pero cuando todo a su alrededor se vuelve un caos y los muros que tan perfectamente ha construido en su interior comienzan a resquebrajarse, un chico y su gato malhumorado entran como un rayo de sol a su cielo nublado y ponen su vida de cabeza.<\/p>\n<p>Aaron llena sus d\u00edas de color y ruise\u00f1ores. Le muestra caras de s\u00ed misma que no sab\u00eda que ten\u00eda. Que la aterran. Que la increpan. Que la hacen desear ser esa chica que nunca crey\u00f3 poder ser.<\/p>\n<p><strong>\u00bfPodr\u00e1 una nueva Aspen surgir de entre tanta oscuridad y tantas mentiras?<\/strong><\/p>\n","protected":false},"excerpt":{"rendered":"<p>Victoria Resco<\/p>\n","protected":false},"featured_media":732,"template":"","meta":{"_joinchat":[]},"product_brand":[],"product_cat":[52],"product_tag":[48],"class_list":{"0":"post-731","1":"product","2":"type-product","3":"status-publish","4":"has-post-thumbnail","6":"product_cat-juvenil","7":"product_tag-vr-editoras","9":"first","10":"instock","11":"shipping-taxable","12":"purchasable","13":"product-type-simple"},"_links":{"self":[{"href":"https:\/\/libreriahistoriasdebolsillo.com\/index.php\/wp-json\/wp\/v2\/product\/731","targetHints":{"allow":["GET"]}}],"collection":[{"href":"https:\/\/libreriahistoriasdebolsillo.com\/index.php\/wp-json\/wp\/v2\/product"}],"about":[{"href":"https:\/\/libreriahistoriasdebolsillo.com\/index.php\/wp-json\/wp\/v2\/types\/product"}],"wp:featuredmedia":[{"embeddable":true,"href":"https:\/\/libreriahistoriasdebolsillo.com\/index.php\/wp-json\/wp\/v2\/media\/732"}],"wp:attachment":[{"href":"https:\/\/libreriahistoriasdebolsillo.com\/index.php\/wp-json\/wp\/v2\/media?parent=731"}],"wp:term":[{"taxonomy":"product_brand","embeddable":true,"href":"https:\/\/libreriahistoriasdebolsillo.com\/index.php\/wp-json\/wp\/v2\/product_brand?post=731"},{"taxonomy":"product_cat","embeddable":true,"href":"https:\/\/libreriahistoriasdebolsillo.com\/index.php\/wp-json\/wp\/v2\/product_cat?post=731"},{"taxonomy":"product_tag","embeddable":true,"href":"https:\/\/libreriahistoriasdebolsillo.com\/index.php\/wp-json\/wp\/v2\/product_tag?post=731"}],"curies":[{"name":"wp","href":"https:\/\/api.w.org\/{rel}","templated":true}]}}