{"id":7310,"date":"2025-08-23T09:39:02","date_gmt":"2025-08-23T15:39:02","guid":{"rendered":"https:\/\/libreriahistoriasdebolsillo.com\/?post_type=product&#038;p=7310"},"modified":"2025-11-20T13:22:21","modified_gmt":"2025-11-20T19:22:21","slug":"por-que-hacemos-lo-que-hacemos","status":"publish","type":"product","link":"https:\/\/libreriahistoriasdebolsillo.com\/index.php\/producto\/por-que-hacemos-lo-que-hacemos\/","title":{"rendered":"\u00bfPor qu\u00e9 hacemos lo que hacemos?"},"content":{"rendered":"<p>Dividido en experimentos, modelos y teor\u00edas clave, este fascinante libro explora los or\u00edgenes de la psicolog\u00eda para adentrarse en el complejo funcionamiento de la mente humana y todos sus entresijos.<\/p>\n<p>Por qu\u00e9 so\u00f1amos, c\u00f3mo se desarroll\u00f3 el lenguaje, por qu\u00e9 tomamos ciertas decisiones o c\u00f3mo nos relacionamos son algunas de las preguntas que recorre este libro, dentro de los callejones de la mente, en principio complejos, pero en los que el autor nos muestra lo incre\u00edble de ellos para traerlos al consciente y acercarnos a su comprensi\u00f3n. El estudio m\u00e9dico, cient\u00edf?ico y f?ilos\u00f3f?ico de la mente nos arroja una pauta interesante para responder a estas grandes preguntas.<\/p>\n<p>Primero, aborda la psicolog\u00eda popular y la pseudociencia realizando un recorrido hist\u00f3rico; despu\u00e9s, explica los movimientos que dieron lugar a la concepci\u00f3n moderna que tenemos de la psicolog\u00eda. A trav\u00e9s de estos paradigmas y escuelas descubrir\u00e1s el funcionamiento del cerebro, la percepci\u00f3n y sus matices y la sorprendente naturaleza de la mente.<\/p>\n","protected":false},"excerpt":{"rendered":"<p>Joel Levy<br \/>\n156 p\u00e1ginas<\/p>\n","protected":false},"featured_media":7311,"template":"","meta":{"_joinchat":[]},"product_brand":[],"product_cat":[41,82],"product_tag":[81],"class_list":{"0":"post-7310","1":"product","2":"type-product","3":"status-publish","4":"has-post-thumbnail","6":"product_cat-desarrollo-humano","7":"product_cat-psicologia","8":"product_tag-trillas","10":"first","11":"outofstock","12":"shipping-taxable","13":"purchasable","14":"product-type-simple"},"_links":{"self":[{"href":"https:\/\/libreriahistoriasdebolsillo.com\/index.php\/wp-json\/wp\/v2\/product\/7310","targetHints":{"allow":["GET"]}}],"collection":[{"href":"https:\/\/libreriahistoriasdebolsillo.com\/index.php\/wp-json\/wp\/v2\/product"}],"about":[{"href":"https:\/\/libreriahistoriasdebolsillo.com\/index.php\/wp-json\/wp\/v2\/types\/product"}],"wp:featuredmedia":[{"embeddable":true,"href":"https:\/\/libreriahistoriasdebolsillo.com\/index.php\/wp-json\/wp\/v2\/media\/7311"}],"wp:attachment":[{"href":"https:\/\/libreriahistoriasdebolsillo.com\/index.php\/wp-json\/wp\/v2\/media?parent=7310"}],"wp:term":[{"taxonomy":"product_brand","embeddable":true,"href":"https:\/\/libreriahistoriasdebolsillo.com\/index.php\/wp-json\/wp\/v2\/product_brand?post=7310"},{"taxonomy":"product_cat","embeddable":true,"href":"https:\/\/libreriahistoriasdebolsillo.com\/index.php\/wp-json\/wp\/v2\/product_cat?post=7310"},{"taxonomy":"product_tag","embeddable":true,"href":"https:\/\/libreriahistoriasdebolsillo.com\/index.php\/wp-json\/wp\/v2\/product_tag?post=7310"}],"curies":[{"name":"wp","href":"https:\/\/api.w.org\/{rel}","templated":true}]}}