{"id":7314,"date":"2025-08-23T09:47:35","date_gmt":"2025-08-23T15:47:35","guid":{"rendered":"https:\/\/libreriahistoriasdebolsillo.com\/?post_type=product&#038;p=7314"},"modified":"2025-11-20T13:30:41","modified_gmt":"2025-11-20T19:30:41","slug":"como-lidiar-con-gente-enojada","status":"publish","type":"product","link":"https:\/\/libreriahistoriasdebolsillo.com\/index.php\/producto\/como-lidiar-con-gente-enojada\/","title":{"rendered":"C\u00f3mo Lidiar con Gente Enojada"},"content":{"rendered":"<p>Basado en a\u00f1os de investigaci\u00f3n y experiencia cl\u00ednica del autor, este libro ayuda a los lectores a manejar situaciones inc\u00f3modas y potencialmente explosivas para obtener los mejores resultados posibles. Ryan Martin proporciona consejos pr\u00e1cticos sobre c\u00f3mo controlar el enfado de las personas, evitar agresiones y alejarse cuando sea necesario. Explora los factores psicol\u00f3gicos que sustentan una personalidad irascible, como la gen\u00e9tica, el g\u00e9nero y otros rasgos de personalidad.<\/p>\n<p>Las confrontaciones pueden surgir en cualquier lugar, y el esfuerzo emocional de tratar con una persona enfadada d\u00eda tras d\u00eda puede ser agotador. Por ello, esta obra se enfoca en presentarle al lector una serie de estrategias y recursos integrales que solucionan la convivencia con personas enfadadas, ya sea un jefe iracundo, un familiar dif\u00edcil o una persona molesta en la calle.<\/p>\n<p>Mediante estudios de caso, cuadros informativos, consejos y actividades, el lector aprende c\u00f3mo mantener la calma, evitar agresiones, establecer l\u00edmites y liberarse de situaciones t\u00f3xicas.<\/p>\n","protected":false},"excerpt":{"rendered":"<p>Dr. Ryan Martin<br \/>\n191 p\u00e1ginas<\/p>\n","protected":false},"featured_media":7316,"template":"","meta":{"_joinchat":[]},"product_brand":[],"product_cat":[41,82],"product_tag":[81],"class_list":{"0":"post-7314","1":"product","2":"type-product","3":"status-publish","4":"has-post-thumbnail","6":"product_cat-desarrollo-humano","7":"product_cat-psicologia","8":"product_tag-trillas","10":"first","11":"instock","12":"shipping-taxable","13":"purchasable","14":"product-type-simple"},"_links":{"self":[{"href":"https:\/\/libreriahistoriasdebolsillo.com\/index.php\/wp-json\/wp\/v2\/product\/7314","targetHints":{"allow":["GET"]}}],"collection":[{"href":"https:\/\/libreriahistoriasdebolsillo.com\/index.php\/wp-json\/wp\/v2\/product"}],"about":[{"href":"https:\/\/libreriahistoriasdebolsillo.com\/index.php\/wp-json\/wp\/v2\/types\/product"}],"wp:featuredmedia":[{"embeddable":true,"href":"https:\/\/libreriahistoriasdebolsillo.com\/index.php\/wp-json\/wp\/v2\/media\/7316"}],"wp:attachment":[{"href":"https:\/\/libreriahistoriasdebolsillo.com\/index.php\/wp-json\/wp\/v2\/media?parent=7314"}],"wp:term":[{"taxonomy":"product_brand","embeddable":true,"href":"https:\/\/libreriahistoriasdebolsillo.com\/index.php\/wp-json\/wp\/v2\/product_brand?post=7314"},{"taxonomy":"product_cat","embeddable":true,"href":"https:\/\/libreriahistoriasdebolsillo.com\/index.php\/wp-json\/wp\/v2\/product_cat?post=7314"},{"taxonomy":"product_tag","embeddable":true,"href":"https:\/\/libreriahistoriasdebolsillo.com\/index.php\/wp-json\/wp\/v2\/product_tag?post=7314"}],"curies":[{"name":"wp","href":"https:\/\/api.w.org\/{rel}","templated":true}]}}