{"id":7317,"date":"2025-08-23T09:49:35","date_gmt":"2025-08-23T15:49:35","guid":{"rendered":"https:\/\/libreriahistoriasdebolsillo.com\/?post_type=product&#038;p=7317"},"modified":"2025-08-23T10:02:41","modified_gmt":"2025-08-23T16:02:41","slug":"suicidio-la-ultima-decision","status":"publish","type":"product","link":"https:\/\/libreriahistoriasdebolsillo.com\/index.php\/producto\/suicidio-la-ultima-decision\/","title":{"rendered":"Suicidio. La \u00faltima decisi\u00f3n"},"content":{"rendered":"<p>A trav\u00e9s de este libro, el autor da a conocer los aspectos estad\u00edsticos, psicodin\u00e1micos, cl\u00ednicos y vivenciales sobre el riesgo, intento y consumaci\u00f3n del suicidio, explorando el fen\u00f3meno desde diversas perspectivas.De manera objetiva y clara, el autor analiza esta importante decisi\u00f3n-la \u00faltima de alguien acorralado en el l\u00edmite de la desesperanza- que puede cambiar la historia de una persona, familia o comunidad; adem\u00e1s, ahonda en la toma de decisiones de las personas, de acuerdo con su edad, momento de vida, condici\u00f3n de salud-enfermedad y estado emocional.Asimismo, en esta tercera edici\u00f3n, \u00c1guila Tejeda ha incorporado un tema adicional: las sectas suicidas, las cuales resultan una amenaza para la sociedad.Con este texto, se espera que los temas aqu\u00ed expuestos motiven a la reflexi\u00f3n, tanto a los estudiantes y profesionales de psicolog\u00eda y psiquiatr\u00eda , como a los trabajadores sociales, tanat\u00f3logos, docentes, familiares y amigos de personas que han sobrevivido al suicidio o lo han llevado a cabo, para que puedan contribuir a prevenir o evitar este flagelo de la sociedad actual.<\/p>\n","protected":false},"excerpt":{"rendered":"<p>Alejandro \u00c1guila Tejeda<br \/>\n152 p\u00e1ginas<\/p>\n","protected":false},"featured_media":7318,"template":"","meta":{"_joinchat":[]},"product_brand":[],"product_cat":[41,82],"product_tag":[81],"class_list":{"0":"post-7317","1":"product","2":"type-product","3":"status-publish","4":"has-post-thumbnail","6":"product_cat-desarrollo-humano","7":"product_cat-psicologia","8":"product_tag-trillas","10":"first","11":"instock","12":"shipping-taxable","13":"purchasable","14":"product-type-simple"},"_links":{"self":[{"href":"https:\/\/libreriahistoriasdebolsillo.com\/index.php\/wp-json\/wp\/v2\/product\/7317","targetHints":{"allow":["GET"]}}],"collection":[{"href":"https:\/\/libreriahistoriasdebolsillo.com\/index.php\/wp-json\/wp\/v2\/product"}],"about":[{"href":"https:\/\/libreriahistoriasdebolsillo.com\/index.php\/wp-json\/wp\/v2\/types\/product"}],"wp:featuredmedia":[{"embeddable":true,"href":"https:\/\/libreriahistoriasdebolsillo.com\/index.php\/wp-json\/wp\/v2\/media\/7318"}],"wp:attachment":[{"href":"https:\/\/libreriahistoriasdebolsillo.com\/index.php\/wp-json\/wp\/v2\/media?parent=7317"}],"wp:term":[{"taxonomy":"product_brand","embeddable":true,"href":"https:\/\/libreriahistoriasdebolsillo.com\/index.php\/wp-json\/wp\/v2\/product_brand?post=7317"},{"taxonomy":"product_cat","embeddable":true,"href":"https:\/\/libreriahistoriasdebolsillo.com\/index.php\/wp-json\/wp\/v2\/product_cat?post=7317"},{"taxonomy":"product_tag","embeddable":true,"href":"https:\/\/libreriahistoriasdebolsillo.com\/index.php\/wp-json\/wp\/v2\/product_tag?post=7317"}],"curies":[{"name":"wp","href":"https:\/\/api.w.org\/{rel}","templated":true}]}}