{"id":7319,"date":"2025-08-23T09:51:49","date_gmt":"2025-08-23T15:51:49","guid":{"rendered":"https:\/\/libreriahistoriasdebolsillo.com\/?post_type=product&#038;p=7319"},"modified":"2025-08-23T10:03:26","modified_gmt":"2025-08-23T16:03:26","slug":"el-duelo-guia-de-acompanamiento","status":"publish","type":"product","link":"https:\/\/libreriahistoriasdebolsillo.com\/index.php\/producto\/el-duelo-guia-de-acompanamiento\/","title":{"rendered":"El duelo. Gu\u00eda de acompa\u00f1amiento"},"content":{"rendered":"<p>Las p\u00e9rdidas humanas conllevan a un proceso llamado duelo. A veces el afectado se niega a buscar ayuda por la tristeza que le ocasion\u00f3 la misma experiencia o por sentir pena e inseguridad, pues es bien sabido que vivimos en un mundo fr\u00edvolo y desinteresado por el dolor ajeno.Esta obra contribuye a que la sociedad que a\u00fan est\u00e1 dispuesta a tender la mano, tenga herramientas para acompa\u00f1ar a quien est\u00e1 sufriendo por una ausencia. El autor explica c\u00f3mo el acompa\u00f1ante puede comprender primero las causas, despu\u00e9s involucrarse con todas las etapas y, por \u00faltimo, conocer los elementos que le servir\u00e1n para llevar este camino junto al doliente.<\/p>\n","protected":false},"excerpt":{"rendered":"<p>Oscar Tovar<br \/>\n77 p\u00e1ginas<\/p>\n","protected":false},"featured_media":7320,"template":"","meta":{"_joinchat":[]},"product_brand":[],"product_cat":[41,82],"product_tag":[81],"class_list":{"0":"post-7319","1":"product","2":"type-product","3":"status-publish","4":"has-post-thumbnail","6":"product_cat-desarrollo-humano","7":"product_cat-psicologia","8":"product_tag-trillas","10":"first","11":"instock","12":"shipping-taxable","13":"purchasable","14":"product-type-simple"},"_links":{"self":[{"href":"https:\/\/libreriahistoriasdebolsillo.com\/index.php\/wp-json\/wp\/v2\/product\/7319","targetHints":{"allow":["GET"]}}],"collection":[{"href":"https:\/\/libreriahistoriasdebolsillo.com\/index.php\/wp-json\/wp\/v2\/product"}],"about":[{"href":"https:\/\/libreriahistoriasdebolsillo.com\/index.php\/wp-json\/wp\/v2\/types\/product"}],"wp:featuredmedia":[{"embeddable":true,"href":"https:\/\/libreriahistoriasdebolsillo.com\/index.php\/wp-json\/wp\/v2\/media\/7320"}],"wp:attachment":[{"href":"https:\/\/libreriahistoriasdebolsillo.com\/index.php\/wp-json\/wp\/v2\/media?parent=7319"}],"wp:term":[{"taxonomy":"product_brand","embeddable":true,"href":"https:\/\/libreriahistoriasdebolsillo.com\/index.php\/wp-json\/wp\/v2\/product_brand?post=7319"},{"taxonomy":"product_cat","embeddable":true,"href":"https:\/\/libreriahistoriasdebolsillo.com\/index.php\/wp-json\/wp\/v2\/product_cat?post=7319"},{"taxonomy":"product_tag","embeddable":true,"href":"https:\/\/libreriahistoriasdebolsillo.com\/index.php\/wp-json\/wp\/v2\/product_tag?post=7319"}],"curies":[{"name":"wp","href":"https:\/\/api.w.org\/{rel}","templated":true}]}}