{"id":7321,"date":"2025-08-23T09:54:29","date_gmt":"2025-08-23T15:54:29","guid":{"rendered":"https:\/\/libreriahistoriasdebolsillo.com\/?post_type=product&#038;p=7321"},"modified":"2025-08-23T10:03:56","modified_gmt":"2025-08-23T16:03:56","slug":"proceso-de-duelo-por-muerte-de-hijo","status":"publish","type":"product","link":"https:\/\/libreriahistoriasdebolsillo.com\/index.php\/producto\/proceso-de-duelo-por-muerte-de-hijo\/","title":{"rendered":"Proceso de duelo por muerte de hijo"},"content":{"rendered":"<p>Sin duda, la p\u00e9rdida por la muerte de alg\u00fan familiar es una experiencia dolorosa, pero se dice que el sufrimiento es aun mayor cuando se trata de deceso de un hijo y que es algo que nunca puede superarse. Cuando esto sucede en alguna familia, los padres, al recibir la \u0093mala noticia\u0094, padecen sentimientos de tristeza, dolor, impotencia y hasta de odio y coraje, y, a partir de ese momento, saben que tendr\u00e1n que acostumbrarse a que ya no ver\u00e1n f\u00edsicamente a su hijo e inician un camino haci\u00e9ndose preguntas que jam\u00e1s podr\u00e1n responderse. En esta obra, las autoras definen a la muerte de un hijo como \u0093oquedad\u0094 explicando el porqu\u00e9 de este t\u00e9rmino con el objetivo de ayudar a que los padres sobrelleven dicho proceso y encuentren respuestas a lo largo del doloroso trayecto. Asimismo, detallan el significado del duelo, sus opiniones acerca de su duraci\u00f3n, de la necesidad de aceptaci\u00f3n y c\u00f3mo lograr vivir amando al hijo ausente.<\/p>\n","protected":false},"excerpt":{"rendered":"<p>Mar\u00eda del Carmen Castro Gonz\u00e1lez y Rebeca Garc\u00eda Garrido<br \/>\n126 p\u00e1ginas<\/p>\n","protected":false},"featured_media":7322,"template":"","meta":{"_joinchat":[]},"product_brand":[],"product_cat":[41,82],"product_tag":[81],"class_list":{"0":"post-7321","1":"product","2":"type-product","3":"status-publish","4":"has-post-thumbnail","6":"product_cat-desarrollo-humano","7":"product_cat-psicologia","8":"product_tag-trillas","10":"first","11":"instock","12":"shipping-taxable","13":"purchasable","14":"product-type-simple"},"_links":{"self":[{"href":"https:\/\/libreriahistoriasdebolsillo.com\/index.php\/wp-json\/wp\/v2\/product\/7321","targetHints":{"allow":["GET"]}}],"collection":[{"href":"https:\/\/libreriahistoriasdebolsillo.com\/index.php\/wp-json\/wp\/v2\/product"}],"about":[{"href":"https:\/\/libreriahistoriasdebolsillo.com\/index.php\/wp-json\/wp\/v2\/types\/product"}],"wp:featuredmedia":[{"embeddable":true,"href":"https:\/\/libreriahistoriasdebolsillo.com\/index.php\/wp-json\/wp\/v2\/media\/7322"}],"wp:attachment":[{"href":"https:\/\/libreriahistoriasdebolsillo.com\/index.php\/wp-json\/wp\/v2\/media?parent=7321"}],"wp:term":[{"taxonomy":"product_brand","embeddable":true,"href":"https:\/\/libreriahistoriasdebolsillo.com\/index.php\/wp-json\/wp\/v2\/product_brand?post=7321"},{"taxonomy":"product_cat","embeddable":true,"href":"https:\/\/libreriahistoriasdebolsillo.com\/index.php\/wp-json\/wp\/v2\/product_cat?post=7321"},{"taxonomy":"product_tag","embeddable":true,"href":"https:\/\/libreriahistoriasdebolsillo.com\/index.php\/wp-json\/wp\/v2\/product_tag?post=7321"}],"curies":[{"name":"wp","href":"https:\/\/api.w.org\/{rel}","templated":true}]}}