{"id":7323,"date":"2025-08-23T09:57:03","date_gmt":"2025-08-23T15:57:03","guid":{"rendered":"https:\/\/libreriahistoriasdebolsillo.com\/?post_type=product&#038;p=7323"},"modified":"2025-08-23T10:04:52","modified_gmt":"2025-08-23T16:04:52","slug":"calidad-de-vida-y-calidad-de-muerte","status":"publish","type":"product","link":"https:\/\/libreriahistoriasdebolsillo.com\/index.php\/producto\/calidad-de-vida-y-calidad-de-muerte\/","title":{"rendered":"Calidad de vida y calidad de muerte"},"content":{"rendered":"<p>La vida y la muerte son todo un proceso. La obra de los doctores Nancy O&#8217;Connor y Mart\u00edn Caba\u00f1as ayudar\u00e1 a las familias a entregar a un hijo, a la compa\u00f1era de su vida o a otro ser querido en su etapa final. Su lectura ayudar\u00e1 a vencer los verdaderos enemigos: el dolor y el sufrimiento. DR. MANUEL ROBLES LINARES Cirujano ortopedista Exsecretario de Salud del estado de Sonora Como siempre lo hacen-antes por separado, ahora juntos-, nuevamente nos sorprenden la Dra. Nancy O&#8217;connor y el Dr. Mart\u00edn Caba\u00f1as con esta nueva obra; un magnifico libro, de lectura obligada para los que nos dedicamos a la atenci\u00f3n de la salud, y deseable que fuera parte de la biblioteca personal. Su lectura nos conduce a trav\u00e9s de las diferentes etapas de la vida, gui\u00e1ndonos para disfrutarla intensamente. Tambi\u00e9n nos muestra la importancia de los cuidados paliativos y el manejo del dolor ante una enfermedad, para lograr gozar tanto de una buena calidad de vida como de muerte. DR. V\u00cdCTOR RA\u00daL BURGOS FUENTES Director de la Escuela de Ciencias de la Salud UVM Campus Hermosillo<\/p>\n","protected":false},"excerpt":{"rendered":"<p>Dra. Nancy O&#8217;Connor y Dr. Ra\u00fal Mart\u00edn Caba\u00f1as<br \/>\n131 p\u00e1ginas<\/p>\n","protected":false},"featured_media":7324,"template":"","meta":{"_joinchat":[]},"product_brand":[],"product_cat":[41,82],"product_tag":[81],"class_list":{"0":"post-7323","1":"product","2":"type-product","3":"status-publish","4":"has-post-thumbnail","6":"product_cat-desarrollo-humano","7":"product_cat-psicologia","8":"product_tag-trillas","10":"first","11":"instock","12":"shipping-taxable","13":"purchasable","14":"product-type-simple"},"_links":{"self":[{"href":"https:\/\/libreriahistoriasdebolsillo.com\/index.php\/wp-json\/wp\/v2\/product\/7323","targetHints":{"allow":["GET"]}}],"collection":[{"href":"https:\/\/libreriahistoriasdebolsillo.com\/index.php\/wp-json\/wp\/v2\/product"}],"about":[{"href":"https:\/\/libreriahistoriasdebolsillo.com\/index.php\/wp-json\/wp\/v2\/types\/product"}],"wp:featuredmedia":[{"embeddable":true,"href":"https:\/\/libreriahistoriasdebolsillo.com\/index.php\/wp-json\/wp\/v2\/media\/7324"}],"wp:attachment":[{"href":"https:\/\/libreriahistoriasdebolsillo.com\/index.php\/wp-json\/wp\/v2\/media?parent=7323"}],"wp:term":[{"taxonomy":"product_brand","embeddable":true,"href":"https:\/\/libreriahistoriasdebolsillo.com\/index.php\/wp-json\/wp\/v2\/product_brand?post=7323"},{"taxonomy":"product_cat","embeddable":true,"href":"https:\/\/libreriahistoriasdebolsillo.com\/index.php\/wp-json\/wp\/v2\/product_cat?post=7323"},{"taxonomy":"product_tag","embeddable":true,"href":"https:\/\/libreriahistoriasdebolsillo.com\/index.php\/wp-json\/wp\/v2\/product_tag?post=7323"}],"curies":[{"name":"wp","href":"https:\/\/api.w.org\/{rel}","templated":true}]}}