{"id":7325,"date":"2025-08-23T09:58:58","date_gmt":"2025-08-23T15:58:58","guid":{"rendered":"https:\/\/libreriahistoriasdebolsillo.com\/?post_type=product&#038;p=7325"},"modified":"2025-08-23T10:04:27","modified_gmt":"2025-08-23T16:04:27","slug":"el-duelo-en-los-ninos","status":"publish","type":"product","link":"https:\/\/libreriahistoriasdebolsillo.com\/index.php\/producto\/el-duelo-en-los-ninos\/","title":{"rendered":"El duelo en los ni\u00f1os"},"content":{"rendered":"<p>Al igual que cualquier adulto, los ni\u00f1os sufren perdidas de diferentes tipos, como la muerte de ag\u00fan ser queridos, el divorcio de los padres o una enfermedad grave. Dichas p\u00e9rdidas se traducen en duelos que los ni\u00f1os deben afrontar, aunque muchas veces los adultos no conozcan la forma de apoyarlos.<br \/>\nPor ello, es importante entender que los n\u00f1os deben vivir sus p\u00e9rdidas, pero que tambien necesitan la ayuda de un adulto para poder superarlas de una manera sana y, que al mismo tiempo, eso le permita aprender,de forma positiva, de esas experiencias.<br \/>\nEste libro explica c\u00f3mo los ni\u00f1os viven sus duelos, dependiendo de su edad, y ofrece algunas estrategias para reconfortarlos durante el proceso. Asimismo, se describen ciertos tipos de duelo, y el trabajo que se recomienda hacer con los chicos para ayudarlo a superar sus p\u00e9rdidas.<br \/>\nLa obra est\u00e1 dirigida tanto a padres de familia como a tanat\u00f3logicos, con la finalidad de proporcionarles algunas herramientas sencillas que puedan poner en pr\u00e1ctica con los ni\u00f1os y, de ese modo, asistirlos en esos momentos d\u00edficiles.<\/p>\n","protected":false},"excerpt":{"rendered":"<p>Mar\u00eda del Carmen Castro Gonz\u00e1lez<br \/>\n96 p\u00e1ginas<\/p>\n","protected":false},"featured_media":7326,"template":"","meta":{"_joinchat":[]},"product_brand":[],"product_cat":[41,82],"product_tag":[81],"class_list":{"0":"post-7325","1":"product","2":"type-product","3":"status-publish","4":"has-post-thumbnail","6":"product_cat-desarrollo-humano","7":"product_cat-psicologia","8":"product_tag-trillas","10":"first","11":"instock","12":"shipping-taxable","13":"purchasable","14":"product-type-simple"},"_links":{"self":[{"href":"https:\/\/libreriahistoriasdebolsillo.com\/index.php\/wp-json\/wp\/v2\/product\/7325","targetHints":{"allow":["GET"]}}],"collection":[{"href":"https:\/\/libreriahistoriasdebolsillo.com\/index.php\/wp-json\/wp\/v2\/product"}],"about":[{"href":"https:\/\/libreriahistoriasdebolsillo.com\/index.php\/wp-json\/wp\/v2\/types\/product"}],"wp:featuredmedia":[{"embeddable":true,"href":"https:\/\/libreriahistoriasdebolsillo.com\/index.php\/wp-json\/wp\/v2\/media\/7326"}],"wp:attachment":[{"href":"https:\/\/libreriahistoriasdebolsillo.com\/index.php\/wp-json\/wp\/v2\/media?parent=7325"}],"wp:term":[{"taxonomy":"product_brand","embeddable":true,"href":"https:\/\/libreriahistoriasdebolsillo.com\/index.php\/wp-json\/wp\/v2\/product_brand?post=7325"},{"taxonomy":"product_cat","embeddable":true,"href":"https:\/\/libreriahistoriasdebolsillo.com\/index.php\/wp-json\/wp\/v2\/product_cat?post=7325"},{"taxonomy":"product_tag","embeddable":true,"href":"https:\/\/libreriahistoriasdebolsillo.com\/index.php\/wp-json\/wp\/v2\/product_tag?post=7325"}],"curies":[{"name":"wp","href":"https:\/\/api.w.org\/{rel}","templated":true}]}}