{"id":7327,"date":"2025-08-23T10:01:39","date_gmt":"2025-08-23T16:01:39","guid":{"rendered":"https:\/\/libreriahistoriasdebolsillo.com\/?post_type=product&#038;p=7327"},"modified":"2026-03-25T17:50:40","modified_gmt":"2026-03-25T23:50:40","slug":"dejalos-ir-con-amor","status":"publish","type":"product","link":"https:\/\/libreriahistoriasdebolsillo.com\/index.php\/producto\/dejalos-ir-con-amor\/","title":{"rendered":"D\u00e9jalos ir con amor"},"content":{"rendered":"<p>La muerte de un ser querido es siempre un evento doloroso. Ante ello, cada persona debe ser consciente de sus emociones, no evitar el dolor, sino elaborar su propio proceso de duelo, lo que le permitir\u00e1 trascender la p\u00e9rdida y aceptar el cambio que \u00e9sta genera y que afectar\u00e1 las relaciones con sus familiares y amigos.<br \/>\nEste libro fue escrito para ayudar a las personas a reconocer y manejar sus emociones; ense\u00f1arles a despedirse de sus seres queridos y conducirlos a la etapa de retomar su vida. La autora expone sus conocimientos acerca de c\u00f3mo superar el sufrimiento ante una p\u00e9rdida humana, la ruptura de una relaci\u00f3n amorosa o la perspectiva de su propia muerte. Adem\u00e1s, comparte con los lectores las experiencias vividas como consultora y como ser humano.<br \/>\nLa presente edici\u00f3n incluye dos nuevos cap\u00edtulos: uno sobre muertes catastr\u00f3ficas y otro acerca de la atenci\u00f3n que debe prestarse a las personas que sufren alg\u00fan tipo de p\u00e9rdida.<\/p>\n","protected":false},"excerpt":{"rendered":"<p>Dra. Nancy O&#8217;Connor<br \/>\nrevisado y recomendado por la Dra. Elisabeth Kubler-Ross<br \/>\n246 p\u00e1ginas<\/p>\n","protected":false},"featured_media":7328,"template":"","meta":{"_joinchat":[]},"product_brand":[],"product_cat":[41,82],"product_tag":[81],"class_list":{"0":"post-7327","1":"product","2":"type-product","3":"status-publish","4":"has-post-thumbnail","6":"product_cat-desarrollo-humano","7":"product_cat-psicologia","8":"product_tag-trillas","10":"first","11":"instock","12":"shipping-taxable","13":"purchasable","14":"product-type-simple"},"_links":{"self":[{"href":"https:\/\/libreriahistoriasdebolsillo.com\/index.php\/wp-json\/wp\/v2\/product\/7327","targetHints":{"allow":["GET"]}}],"collection":[{"href":"https:\/\/libreriahistoriasdebolsillo.com\/index.php\/wp-json\/wp\/v2\/product"}],"about":[{"href":"https:\/\/libreriahistoriasdebolsillo.com\/index.php\/wp-json\/wp\/v2\/types\/product"}],"wp:featuredmedia":[{"embeddable":true,"href":"https:\/\/libreriahistoriasdebolsillo.com\/index.php\/wp-json\/wp\/v2\/media\/7328"}],"wp:attachment":[{"href":"https:\/\/libreriahistoriasdebolsillo.com\/index.php\/wp-json\/wp\/v2\/media?parent=7327"}],"wp:term":[{"taxonomy":"product_brand","embeddable":true,"href":"https:\/\/libreriahistoriasdebolsillo.com\/index.php\/wp-json\/wp\/v2\/product_brand?post=7327"},{"taxonomy":"product_cat","embeddable":true,"href":"https:\/\/libreriahistoriasdebolsillo.com\/index.php\/wp-json\/wp\/v2\/product_cat?post=7327"},{"taxonomy":"product_tag","embeddable":true,"href":"https:\/\/libreriahistoriasdebolsillo.com\/index.php\/wp-json\/wp\/v2\/product_tag?post=7327"}],"curies":[{"name":"wp","href":"https:\/\/api.w.org\/{rel}","templated":true}]}}