{"id":7329,"date":"2025-08-23T10:07:24","date_gmt":"2025-08-23T16:07:24","guid":{"rendered":"https:\/\/libreriahistoriasdebolsillo.com\/?post_type=product&#038;p=7329"},"modified":"2025-08-23T10:07:24","modified_gmt":"2025-08-23T16:07:24","slug":"atrevete-a-cambiar","status":"publish","type":"product","link":"https:\/\/libreriahistoriasdebolsillo.com\/index.php\/producto\/atrevete-a-cambiar\/","title":{"rendered":"Atr\u00e9vete a cambiar"},"content":{"rendered":"<p>La \u00fanica constante en nuestra vida es el cambio, y la forma en que lo experimentamos determina si nos enfrentamos a \u00e9l o lo abrazamos. Cambiar tiene dos direcciones: adaptarse a lo que los dem\u00e1s desean de ti o a lo que verdaderamente te hace ser t\u00fa mismo. Reconocerte y aceptar el cambio para vivir una vida aut\u00e9ntica te permitir\u00e1 conocer una de las verdades m\u00e1s bellas de la vida.<\/p>\n<p>La sabidur\u00eda de la autora se ve reflejada en esta hermosa obra al explicar que lo m\u00e1s autoamoroso que puedes hacer es dejar atr\u00e1s toda relaci\u00f3n t\u00f3xica y construir conexiones saludables, pues los l\u00edmites son esenciales para la autopreservaci\u00f3n. Esto te acercar\u00e1 de manera m\u00e1s natural a esa transformaci\u00f3n interna, necesaria e inevitable.<\/p>\n<p>\u00bfPor qu\u00e9 cambiar? \u00bfC\u00f3mo hacerlo? \u00bfC\u00f3mo puedo hacer que el cambio sea una necesidad hermosa en lugar de quedarme en pausa entre saber y hacer? \u00bfC\u00f3mo dejo de evadir esa parte incierta e inestable que no me permite avanzar? \u00bfC\u00f3mo puedo tan solo fluir hacia el cambio?<\/p>\n<p>Este libro te acompa\u00f1ar\u00e1 en tus propios cambios: los que eliges, los que no eliges y los que necesitas hacer.<\/p>\n<p>\u0093El cambio es dif\u00edcil, pero Najwa te muestra lo que hay al otro lado, y ella es la persona que quieres que te gu\u00ede a trav\u00e9s de \u00e9l\u0094. Melissa<br \/>\nUrban, autora del bestseller del New York Times, The Book of Boundaries<\/p>\n","protected":false},"excerpt":{"rendered":"<p>Najwa Zebian<br \/>\n208 p\u00e1ginas<\/p>\n","protected":false},"featured_media":7331,"template":"","meta":{"_joinchat":[]},"product_brand":[],"product_cat":[58,41],"product_tag":[81],"class_list":{"0":"post-7329","1":"product","2":"type-product","3":"status-publish","4":"has-post-thumbnail","6":"product_cat-desarrollo-humano-y-superacion","7":"product_cat-desarrollo-humano","8":"product_tag-trillas","10":"first","11":"instock","12":"shipping-taxable","13":"purchasable","14":"product-type-simple"},"_links":{"self":[{"href":"https:\/\/libreriahistoriasdebolsillo.com\/index.php\/wp-json\/wp\/v2\/product\/7329","targetHints":{"allow":["GET"]}}],"collection":[{"href":"https:\/\/libreriahistoriasdebolsillo.com\/index.php\/wp-json\/wp\/v2\/product"}],"about":[{"href":"https:\/\/libreriahistoriasdebolsillo.com\/index.php\/wp-json\/wp\/v2\/types\/product"}],"wp:featuredmedia":[{"embeddable":true,"href":"https:\/\/libreriahistoriasdebolsillo.com\/index.php\/wp-json\/wp\/v2\/media\/7331"}],"wp:attachment":[{"href":"https:\/\/libreriahistoriasdebolsillo.com\/index.php\/wp-json\/wp\/v2\/media?parent=7329"}],"wp:term":[{"taxonomy":"product_brand","embeddable":true,"href":"https:\/\/libreriahistoriasdebolsillo.com\/index.php\/wp-json\/wp\/v2\/product_brand?post=7329"},{"taxonomy":"product_cat","embeddable":true,"href":"https:\/\/libreriahistoriasdebolsillo.com\/index.php\/wp-json\/wp\/v2\/product_cat?post=7329"},{"taxonomy":"product_tag","embeddable":true,"href":"https:\/\/libreriahistoriasdebolsillo.com\/index.php\/wp-json\/wp\/v2\/product_tag?post=7329"}],"curies":[{"name":"wp","href":"https:\/\/api.w.org\/{rel}","templated":true}]}}