{"id":7336,"date":"2025-08-23T10:12:45","date_gmt":"2025-08-23T16:12:45","guid":{"rendered":"https:\/\/libreriahistoriasdebolsillo.com\/?post_type=product&#038;p=7336"},"modified":"2025-08-23T10:12:45","modified_gmt":"2025-08-23T16:12:45","slug":"manual-de-filosofia","status":"publish","type":"product","link":"https:\/\/libreriahistoriasdebolsillo.com\/index.php\/producto\/manual-de-filosofia\/","title":{"rendered":"Manual de filosof\u00eda"},"content":{"rendered":"<p>Vasconcelos ofrece un panorama del desarrollo del pensamiento filos\u00f3fico en sus rasgos m\u00e1s generales, marcando las etapas usuales: filosof\u00eda antigua, filosof\u00eda cristiana, filosof\u00eda escol\u00e1stica, filosof\u00eda moderna y filosof\u00eda contempor\u00e1nea.<\/p>\n","protected":false},"excerpt":{"rendered":"<p>Jos\u00e9 Vasconcelos<br \/>\n280 p\u00e1ginas<\/p>\n","protected":false},"featured_media":7337,"template":"","meta":{"_joinchat":[]},"product_brand":[],"product_cat":[41],"product_tag":[81],"class_list":{"0":"post-7336","1":"product","2":"type-product","3":"status-publish","4":"has-post-thumbnail","6":"product_cat-desarrollo-humano","7":"product_tag-trillas","9":"first","10":"instock","11":"shipping-taxable","12":"purchasable","13":"product-type-simple"},"_links":{"self":[{"href":"https:\/\/libreriahistoriasdebolsillo.com\/index.php\/wp-json\/wp\/v2\/product\/7336","targetHints":{"allow":["GET"]}}],"collection":[{"href":"https:\/\/libreriahistoriasdebolsillo.com\/index.php\/wp-json\/wp\/v2\/product"}],"about":[{"href":"https:\/\/libreriahistoriasdebolsillo.com\/index.php\/wp-json\/wp\/v2\/types\/product"}],"wp:featuredmedia":[{"embeddable":true,"href":"https:\/\/libreriahistoriasdebolsillo.com\/index.php\/wp-json\/wp\/v2\/media\/7337"}],"wp:attachment":[{"href":"https:\/\/libreriahistoriasdebolsillo.com\/index.php\/wp-json\/wp\/v2\/media?parent=7336"}],"wp:term":[{"taxonomy":"product_brand","embeddable":true,"href":"https:\/\/libreriahistoriasdebolsillo.com\/index.php\/wp-json\/wp\/v2\/product_brand?post=7336"},{"taxonomy":"product_cat","embeddable":true,"href":"https:\/\/libreriahistoriasdebolsillo.com\/index.php\/wp-json\/wp\/v2\/product_cat?post=7336"},{"taxonomy":"product_tag","embeddable":true,"href":"https:\/\/libreriahistoriasdebolsillo.com\/index.php\/wp-json\/wp\/v2\/product_tag?post=7336"}],"curies":[{"name":"wp","href":"https:\/\/api.w.org\/{rel}","templated":true}]}}