{"id":7340,"date":"2025-08-23T10:17:55","date_gmt":"2025-08-23T16:17:55","guid":{"rendered":"https:\/\/libreriahistoriasdebolsillo.com\/?post_type=product&#038;p=7340"},"modified":"2025-08-23T10:23:22","modified_gmt":"2025-08-23T16:23:22","slug":"leo-y-el-mapa-de-monstruos-la-armadura-del-goretusk","status":"publish","type":"product","link":"https:\/\/libreriahistoriasdebolsillo.com\/index.php\/producto\/leo-y-el-mapa-de-monstruos-la-armadura-del-goretusk\/","title":{"rendered":"Leo y el mapa de monstruos. La armadura del Goretusk"},"content":{"rendered":"<p>Leo cumple nueve a\u00f1os y se convierte en aprendiz de guardi\u00e1n del bosque. Su primera misi\u00f3n es luchar contra un furioso Goretusk, por lo que, armado con una resortera de piedras m\u00e1gicas y un extra\u00f1o mapa, se prepara para proteger a su aldea de los monstruos que la acechan.<\/p>\n","protected":false},"excerpt":{"rendered":"<p>Kris Humphrey<br \/>\nIlustraciones de Pete Williamson<br \/>\n160 p\u00e1ginas<\/p>\n","protected":false},"featured_media":7341,"template":"","meta":{"_joinchat":[]},"product_brand":[],"product_cat":[54,52],"product_tag":[81],"class_list":{"0":"post-7340","1":"product","2":"type-product","3":"status-publish","4":"has-post-thumbnail","6":"product_cat-infantil","7":"product_cat-juvenil","8":"product_tag-trillas","10":"first","11":"instock","12":"shipping-taxable","13":"purchasable","14":"product-type-simple"},"_links":{"self":[{"href":"https:\/\/libreriahistoriasdebolsillo.com\/index.php\/wp-json\/wp\/v2\/product\/7340","targetHints":{"allow":["GET"]}}],"collection":[{"href":"https:\/\/libreriahistoriasdebolsillo.com\/index.php\/wp-json\/wp\/v2\/product"}],"about":[{"href":"https:\/\/libreriahistoriasdebolsillo.com\/index.php\/wp-json\/wp\/v2\/types\/product"}],"wp:featuredmedia":[{"embeddable":true,"href":"https:\/\/libreriahistoriasdebolsillo.com\/index.php\/wp-json\/wp\/v2\/media\/7341"}],"wp:attachment":[{"href":"https:\/\/libreriahistoriasdebolsillo.com\/index.php\/wp-json\/wp\/v2\/media?parent=7340"}],"wp:term":[{"taxonomy":"product_brand","embeddable":true,"href":"https:\/\/libreriahistoriasdebolsillo.com\/index.php\/wp-json\/wp\/v2\/product_brand?post=7340"},{"taxonomy":"product_cat","embeddable":true,"href":"https:\/\/libreriahistoriasdebolsillo.com\/index.php\/wp-json\/wp\/v2\/product_cat?post=7340"},{"taxonomy":"product_tag","embeddable":true,"href":"https:\/\/libreriahistoriasdebolsillo.com\/index.php\/wp-json\/wp\/v2\/product_tag?post=7340"}],"curies":[{"name":"wp","href":"https:\/\/api.w.org\/{rel}","templated":true}]}}